{"id":19885,"date":"2024-03-05T16:32:20","date_gmt":"2024-03-05T14:32:20","guid":{"rendered":"http:\/\/labostera.lt\/?post_type=product&#038;p=19885"},"modified":"2024-10-18T15:21:42","modified_gmt":"2024-10-18T12:21:42","slug":"skrandzio-adenokarcinomos-3d-modelis-erler-zimmer-stomach-adenocarcinoma-3d-printed-model","status":"publish","type":"product","link":"https:\/\/labostera.lt\/lv\/priemones-ir-iranga\/mokymo-priemones-ir-iranga\/modeliai-manekenai-muliazai\/skrandzio-adenokarcinomos-3d-modelis-erler-zimmer-stomach-adenocarcinoma-3d-printed-model\/","title":{"rendered":"Ku\u0146\u0123a adenokarcinomas 3D modelis Erlera-Zimmera ku\u0146\u0123a adenokarcinomas 3D druk\u0101ts modelis"},"content":{"rendered":"<h2><strong>Erler-Zimmer GmbH &amp; Co. KG ku\u0146\u0123a adenokarcinomas 3D modelis<\/strong>:<\/h2>\n<ul>\n<li>Mode\u013ca numurs: MP2080<\/li>\n<li>Kl\u012bnisk\u0101 v\u0113sture:<br \/>\n82 gadus veca sieviete v\u0113rs\u0101s pie \u0101rsta ar mel\u0113nas epizodi (tum\u0161as kr\u0101sas infic\u0113ti f\u0113\u010du izdal\u012bjumi). Vi\u0146ai bija 6 m\u0113ne\u0161us ilga dispepsija un slikta d\u016b\u0161a. Nesen vi\u0146a paman\u012bja svara zudumu un agru s\u0101ta saj\u016btu. Neilgi p\u0113c uz\u0146em\u0161anas slimn\u012bc\u0101 vi\u0146ai s\u0101k\u0101s nopietna melanomas epizode, un vi\u0146a nomira.<\/li>\n<li>Patolo\u0123ija:<br \/>\n\u0160is ir p\u0113cn\u0101ves paraugs, kas sagriezts, lai par\u0101d\u012btu ku\u0146\u0123a-zarnu trakta, ku\u0146\u0123a, proksim\u0101l\u0101s divpadsmitpirkstu zarnas un aizku\u0146\u0123a dziedzera sagit\u0101lo skatu. Ku\u0146\u0123a maz\u0101 izliekuma maz\u0101kaj\u0101 daiv\u0101 ir skaidri redzams liels 7 \u00d7 5 cm op\u0101ls. \u010c\u016bla ir sekla un plata, ar pacelt\u0101m, noapa\u013cot\u0101m mal\u0101m un nekrotisku kastes formas dibenu. Zaud\u0113jums no ku\u0146\u0123a r\u012b\u0161anas izplat\u0101s no op\u0101la. P\u0113c \u010d\u016blas prepar\u0113\u0161anas redzama mala, kas pacelta ar gai\u0161u, viendab\u012bgu audz\u0113ja materi\u0101lu. \u010c\u016blas pamatn\u0113 tika konstat\u0113tas divas erozijas skartas art\u0113rijas ar nesenu asi\u0146o\u0161anu. Pankreatisk\u0101 da\u013ca ir piel\u012bm\u0113ta op\u0101la serozajai virsmai. No op\u0101la \u0146emtie histolo\u0123iskie paraugi (laukumi, kas redzami k\u0101 regul\u0101ri 3 cm defekti) par\u0101d\u012bja, ka t\u0101 ir opalesc\u0113jo\u0161a, labi diferenc\u0113ta ku\u0146\u0123a adenokarcinoma ar tie\u0161u inv\u0101ziju aizku\u0146\u0123a dziedzer\u012b.<\/li>\n<\/ul>\n<h3>Ku\u0146\u0123a adenokarcinomas 3D mode\u013ci \u2013 <a href=\"http:\/\/labostera.lt\/lv\/product-brand\/erler-zimmer-gmbh-co-kg\/\">Erlera-Zimmera anatomijas grupa<\/a><\/h3>\n<p>Vair\u0101k inform\u0101cijas: <a href=\"https:\/\/erler-zimmer.de\/shop\/en\/11411\" target=\"_blank\" rel=\"noopener nofollow\">ra\u017eot\u0101ja t\u012bmek\u013ca vietn\u0113<\/a> vai nos\u016btiet mums piepras\u012bjumu!<\/p>","protected":false},"excerpt":{"rendered":"<p>Erlera-Zimmera ku\u0146\u0123a adenokarcinomas 3D modelis \u2013 82 gadus veca sieviete ar melanomas epizodi un dispepsiju.<\/p>","protected":false},"featured_media":19887,"template":"","meta":[],"product_cat":[75,79],"product_tag":[729,728,692,577,690,794],"class_list":{"0":"post-19885","1":"product","2":"type-product","3":"status-publish","4":"has-post-thumbnail","6":"product_brand-erler-zimmer-gmbh-co-kg","7":"product_cat-modeliai-manekenai-muliazai","8":"product_cat-mokymo-priemones-ir-iranga","9":"product_tag-3d-printed-models","10":"product_tag-3d-spausdinti-modeliai","11":"product_tag-erler-zimmer-gmbh-co-kg","12":"product_tag-modeliai","13":"product_tag-models","14":"product_tag-skrandzio-adenokarcinomos-modeliai","16":"first","17":"onbackorder","18":"shipping-taxable","19":"purchasable","20":"product-type-simple"},"_links":{"self":[{"href":"https:\/\/labostera.lt\/lv\/wp-json\/wp\/v2\/product\/19885","targetHints":{"allow":["GET"]}}],"collection":[{"href":"https:\/\/labostera.lt\/lv\/wp-json\/wp\/v2\/product"}],"about":[{"href":"https:\/\/labostera.lt\/lv\/wp-json\/wp\/v2\/types\/product"}],"wp:featuredmedia":[{"embeddable":true,"href":"https:\/\/labostera.lt\/lv\/wp-json\/wp\/v2\/media\/19887"}],"wp:attachment":[{"href":"https:\/\/labostera.lt\/lv\/wp-json\/wp\/v2\/media?parent=19885"}],"wp:term":[{"taxonomy":"product_cat","embeddable":true,"href":"https:\/\/labostera.lt\/lv\/wp-json\/wp\/v2\/product_cat?post=19885"},{"taxonomy":"product_tag","embeddable":true,"href":"https:\/\/labostera.lt\/lv\/wp-json\/wp\/v2\/product_tag?post=19885"}],"curies":[{"name":"wp","href":"https:\/\/api.w.org\/{rel}","templated":true}]}}