{"id":19882,"date":"2024-03-05T16:03:58","date_gmt":"2024-03-05T14:03:58","guid":{"rendered":"http:\/\/labostera.lt\/?post_type=product&#038;p=19882"},"modified":"2024-10-18T15:21:43","modified_gmt":"2024-10-18T12:21:43","slug":"hirschsprungo-ligos-3d-modelis-erler-zimmer-hirschsprungs-disease-3d-printed-model","status":"publish","type":"product","link":"https:\/\/labostera.lt\/lv\/priemones-ir-iranga\/mokymo-priemones-ir-iranga\/modeliai-manekenai-muliazai\/hirschsprungo-ligos-3d-modelis-erler-zimmer-hirschsprungs-disease-3d-printed-model\/","title":{"rendered":"Hir\u0161sprunga slim\u012bbas 3D modelis Erlera-Zimmera Hir\u0161sprunga slim\u012bbas 3D druk\u0101ts modelis"},"content":{"rendered":"<h2><strong>Erler-Zimmer GmbH &amp; Co. KG Hir\u0161sprunga slim\u012bbas 3D modelis<\/strong>:<\/h2>\n<ul>\n<li>Mode\u013ca numurs: MP2079<\/li>\n<li>Kl\u012bnisk\u0101 v\u0113sture:<br \/>\nPiecus gadus vecs z\u0113ns v\u0113rs\u0101s pie \u0101rsta ar aizciet\u0113jumiem, kas biju\u0161i kop\u0161 dzim\u0161anas. B\u0101rija klizma par\u0101d\u012bja sa\u0161aurin\u0101tu taisno zarnu ar papla\u0161in\u0101tu sigmo\u012bdo resno zarnu. Tika m\u0113\u0123in\u0101ts \u0137irur\u0123iski iz\u0146emt sa\u0161aurin\u0101to zarnas da\u013cu, bet pacients oper\u0101cijas laik\u0101 nomira.<\/li>\n<li>Patolo\u0123ija:<br \/>\n\u0160\u012b sigmo\u012bd\u0101s resn\u0101s zarnas p\u0113cn\u0101ves da\u013ca tika atv\u0113rta, lai atsegtu iek\u0161\u0113jo virsmu. Resn\u0101s zarnas proksim\u0101laj\u0101 da\u013c\u0101 (sigm\u0101) nov\u0113ro iev\u0113rojamu papla\u0161in\u0101\u0161anos ar norm\u0101las g\u013cot\u0101das tintes zudumu. Zarnas dist\u0101lajai da\u013cai (taisnajai zarnai) ir norm\u0101ls diametrs un norm\u0101la g\u013cot\u0101das tinte, bet nav ganglija \u0161\u016bnu manenterisk\u0101 pinuma. \u0160\u012b ir Hir\u0161prunga slim\u012bba, ko sauc ar\u012b par iedzimtu aganglionisku megakolonu.<\/li>\n<\/ul>\n<h3>Hir\u0161prunga slim\u012bbas 3D mode\u013ci \u2013 <a href=\"http:\/\/labostera.lt\/lv\/product-brand\/erler-zimmer-gmbh-co-kg\/\">Erlera-Zimmera anatomijas grupa<\/a><\/h3>\n<p>Vair\u0101k inform\u0101cijas: <a href=\"https:\/\/erler-zimmer.de\/shop\/en\/11410\" target=\"_blank\" rel=\"noopener nofollow\">ra\u017eot\u0101ja t\u012bmek\u013ca vietn\u0113<\/a> vai nos\u016btiet mums piepras\u012bjumu!<\/p>","protected":false},"excerpt":{"rendered":"<p>Erlera-Cimmera Hir\u0161prunga slim\u012bbas 3D modelis \u2014 5 gadus vecs z\u0113ns ar aizciet\u0113jumiem kop\u0161 dzim\u0161anas.<\/p>","protected":false},"featured_media":19883,"template":"","meta":[],"product_cat":[75,79],"product_tag":[729,728,692,793,577,690],"class_list":{"0":"post-19882","1":"product","2":"type-product","3":"status-publish","4":"has-post-thumbnail","6":"product_brand-erler-zimmer-gmbh-co-kg","7":"product_cat-modeliai-manekenai-muliazai","8":"product_cat-mokymo-priemones-ir-iranga","9":"product_tag-3d-printed-models","10":"product_tag-3d-spausdinti-modeliai","11":"product_tag-erler-zimmer-gmbh-co-kg","12":"product_tag-hirschsprungo-ligos-modeliai","13":"product_tag-modeliai","14":"product_tag-models","16":"first","17":"onbackorder","18":"shipping-taxable","19":"purchasable","20":"product-type-simple"},"_links":{"self":[{"href":"https:\/\/labostera.lt\/lv\/wp-json\/wp\/v2\/product\/19882","targetHints":{"allow":["GET"]}}],"collection":[{"href":"https:\/\/labostera.lt\/lv\/wp-json\/wp\/v2\/product"}],"about":[{"href":"https:\/\/labostera.lt\/lv\/wp-json\/wp\/v2\/types\/product"}],"wp:featuredmedia":[{"embeddable":true,"href":"https:\/\/labostera.lt\/lv\/wp-json\/wp\/v2\/media\/19883"}],"wp:attachment":[{"href":"https:\/\/labostera.lt\/lv\/wp-json\/wp\/v2\/media?parent=19882"}],"wp:term":[{"taxonomy":"product_cat","embeddable":true,"href":"https:\/\/labostera.lt\/lv\/wp-json\/wp\/v2\/product_cat?post=19882"},{"taxonomy":"product_tag","embeddable":true,"href":"https:\/\/labostera.lt\/lv\/wp-json\/wp\/v2\/product_tag?post=19882"}],"curies":[{"name":"wp","href":"https:\/\/api.w.org\/{rel}","templated":true}]}}