{"id":19879,"date":"2024-03-05T15:38:58","date_gmt":"2024-03-05T13:38:58","guid":{"rendered":"http:\/\/labostera.lt\/?post_type=product&#038;p=19879"},"modified":"2024-10-18T15:21:43","modified_gmt":"2024-10-18T12:21:43","slug":"tulzies-akmenu-zarnu-nepraeinamumo-3d-modelis-erler-zimmer-gallstone-ileus-3d-printed-model","status":"publish","type":"product","link":"https:\/\/labostera.lt\/lv\/priemones-ir-iranga\/mokymo-priemones-ir-iranga\/modeliai-manekenai-muliazai\/tulzies-akmenu-zarnu-nepraeinamumo-3d-modelis-erler-zimmer-gallstone-ileus-3d-printed-model\/","title":{"rendered":"\u017dultsakme\u0146u ileusa 3D druk\u0101tais modelis Erlera-Zimmera \u017eultsakme\u0146u ileusa 3D druk\u0101tais modelis"},"content":{"rendered":"<h2><strong>Erler-Zimmer GmbH &amp; Co. KG \u017eultsakme\u0146u izrais\u012bta zarnu nosprostojuma 3D modelis<\/strong>:<\/h2>\n<ul>\n<li>Mode\u013ca numurs: MP2078<\/li>\n<li>Kl\u012bnisk\u0101 v\u0113sture:<br \/>\n54 gadus vecs v\u012brietis ierad\u0101s slimn\u012bc\u0101 ar 12 stundas ilg\u0101m stipr\u0101m kolik\u0101m l\u012bdz\u012bg\u0101m s\u0101p\u0113m, sliktu d\u016b\u0161u un vem\u0161anu. Anamn\u0113ze liecina, ka vi\u0146am 3 gadus periodiski bija s\u0101pes labaj\u0101 subkost\u0101l\u0101 rajon\u0101, kuru d\u0113\u013c vi\u0146\u0161 nebija mekl\u0113jis medic\u012bnisko pal\u012bdz\u012bbu. Vi\u0146am tika diagnostic\u0113ta ak\u016bta zarnu nosprostojums, un tika veikta laparotomija.<\/li>\n<li>Patolo\u0123ija:<br \/>\n\u0160is tiev\u0101s zarnas segments tika atv\u0113rts, atkl\u0101jot lielu pigment\u0113tu, ov\u0101lu \u017eultsakmeni ar e\u013c\u013cainu virsmu. \u0160is ir \u017eultsakme\u0146u zarnu aizsprostojuma piem\u0113rs.<\/li>\n<\/ul>\n<h3>\u017dultsakme\u0146u zarnu nosprostojuma 3D mode\u013ci \u2013 <a href=\"http:\/\/labostera.lt\/lv\/product-brand\/erler-zimmer-gmbh-co-kg\/\">Erlera-Zimmera anatomijas grupa<\/a><\/h3>\n<p>Vair\u0101k inform\u0101cijas: <a href=\"https:\/\/erler-zimmer.de\/shop\/en\/11409\" target=\"_blank\" rel=\"noopener nofollow\">ra\u017eot\u0101ja t\u012bmek\u013ca vietn\u0113<\/a> vai nos\u016btiet mums piepras\u012bjumu!<\/p>","protected":false},"excerpt":{"rendered":"<p>Erlera-Zimmera \u017eultsakme\u0146u zarnu nosprostojuma 3D modelis \u2013 54 gadus vecs v\u012brietis ar 12 stundas ilg\u0101m stipr\u0101m kolik\u0101m l\u012bdz\u012bg\u0101m s\u0101p\u0113m, sliktu d\u016b\u0161u un vem\u0161anu.<\/p>","protected":false},"featured_media":19880,"template":"","meta":[],"product_cat":[75,79],"product_tag":[729,728,692,577,690,792],"class_list":{"0":"post-19879","1":"product","2":"type-product","3":"status-publish","4":"has-post-thumbnail","6":"product_brand-erler-zimmer-gmbh-co-kg","7":"product_cat-modeliai-manekenai-muliazai","8":"product_cat-mokymo-priemones-ir-iranga","9":"product_tag-3d-printed-models","10":"product_tag-3d-spausdinti-modeliai","11":"product_tag-erler-zimmer-gmbh-co-kg","12":"product_tag-modeliai","13":"product_tag-models","14":"product_tag-tulzies-akmenu-zarnu-nepraeinamumo-modeliai","16":"first","17":"onbackorder","18":"shipping-taxable","19":"purchasable","20":"product-type-simple"},"_links":{"self":[{"href":"https:\/\/labostera.lt\/lv\/wp-json\/wp\/v2\/product\/19879","targetHints":{"allow":["GET"]}}],"collection":[{"href":"https:\/\/labostera.lt\/lv\/wp-json\/wp\/v2\/product"}],"about":[{"href":"https:\/\/labostera.lt\/lv\/wp-json\/wp\/v2\/types\/product"}],"wp:featuredmedia":[{"embeddable":true,"href":"https:\/\/labostera.lt\/lv\/wp-json\/wp\/v2\/media\/19880"}],"wp:attachment":[{"href":"https:\/\/labostera.lt\/lv\/wp-json\/wp\/v2\/media?parent=19879"}],"wp:term":[{"taxonomy":"product_cat","embeddable":true,"href":"https:\/\/labostera.lt\/lv\/wp-json\/wp\/v2\/product_cat?post=19879"},{"taxonomy":"product_tag","embeddable":true,"href":"https:\/\/labostera.lt\/lv\/wp-json\/wp\/v2\/product_tag?post=19879"}],"curies":[{"name":"wp","href":"https:\/\/api.w.org\/{rel}","templated":true}]}}