{"id":19876,"date":"2024-03-05T14:35:23","date_gmt":"2024-03-05T12:35:23","guid":{"rendered":"http:\/\/labostera.lt\/?post_type=product&#038;p=19876"},"modified":"2024-10-18T15:21:44","modified_gmt":"2024-10-18T12:21:44","slug":"plonosios-zarnos-invaginacijos-3d-modelis-erler-zimmer-intussusception-of-small-bowel-3d-printed-model","status":"publish","type":"product","link":"https:\/\/labostera.lt\/lv\/priemones-ir-iranga\/mokymo-priemones-ir-iranga\/modeliai-manekenai-muliazai\/plonosios-zarnos-invaginacijos-3d-modelis-erler-zimmer-intussusception-of-small-bowel-3d-printed-model\/","title":{"rendered":"Erlera-Zimmera tiev\u0101s zarnas invagin\u0101cijas 3D druk\u0101tais modelis"},"content":{"rendered":"<h2><strong>\u201eErler-Zimmer GmbH &amp; Co. KG tiev\u0101s zarnas invagin\u0101cijas 3D modelis<\/strong>:<\/h2>\n<ul>\n<li>Mode\u013ca numurs: MP2077<\/li>\n<li>Kl\u012bnisk\u0101 v\u0113sture:<br \/>\n66 gadus veca sieviete v\u0113rs\u0101s pie \u0101rsta ar p\u0113k\u0161\u0146\u0101m stipr\u0101m s\u0101p\u0113m v\u0113dera centr\u0101laj\u0101 da\u013c\u0101, ko var\u0113ja atvieglot, saliecot ce\u013cus. Vi\u0146as izk\u0101rn\u012bjumi satur\u0113ja g\u013cotas un asinis (&quot;l\u012bdz\u012bgi k\u0101 sarkano j\u0101\u0146ogu \u017eeleja&quot;). Izmekl\u0113\u0161anas laik\u0101 kreisaj\u0101 hipohondrij\u0101 tika konstat\u0113ta masa, kas saciet\u0113ja ar katru s\u0101pju spazmu. Paraugs tika iz\u0146emts laparotomijas laik\u0101.<\/li>\n<li>Patolo\u0123ija:<br \/>\nParaugs ir aptuveni 20 cm gara tiev\u0101 zarna ar piestiprin\u0101tu 2 cm platu aizmugur\u0113jo v\u0113dera dobuma zarnu aizb\u0101zni (paraugs ar nesagriezto da\u013cu ir skaidr\u0101k redzams). Aptuveni 5 cm att\u0101lum\u0101 no proksim\u0101l\u0101s \u0137irur\u0123isk\u0101s rezekcijas robe\u017eas (kas atrodas parauga kreisaj\u0101 rok\u0101) 3 cm diametra polipoid\u0101ls audz\u0113js ir invagin\u0113jis zarnu g\u013cot\u0101d\u0101 un ir izstumts dist\u0101li, veidojot 13 cm garu invagin\u0101ciju. Audz\u0113js ir redzams invagin\u0101cijas aug\u0161da\u013c\u0101 (net\u0101lu no parauga lab\u0101s rokas). Konjunkt\u012bva un eksud\u0101ts, kas redzams uz invagin\u0101cijas g\u013cot\u0101das virsmas, ir paz\u012bmes, kas saist\u012btas ar agr\u012bnu i\u0161\u0113misku nekrozi. \u0160aj\u0101 gad\u012bjum\u0101 histolo\u0123isk\u0101 diagnoze netika re\u0123istr\u0113ta; tom\u0113r makroskopiskais izskats atbilst metast\u0101tiskai \u013caundab\u012bgai audz\u0113jai, lai gan nevar viennoz\u012bm\u012bgi izsl\u0113gt prim\u0101r\u0101 audz\u0113ja iesp\u0113jam\u012bbu.<\/li>\n<\/ul>\n<h3>Tiev\u0101s zarnas invagin\u0101cijas 3D mode\u013ci \u2013 <a href=\"http:\/\/labostera.lt\/lv\/product-brand\/erler-zimmer-gmbh-co-kg\/\">Erlera-Zimmera anatomijas grupa<\/a><\/h3>\n<p>Vair\u0101k inform\u0101cijas: <a href=\"https:\/\/erler-zimmer.de\/shop\/en\/11408\" target=\"_blank\" rel=\"noopener nofollow\">ra\u017eot\u0101ja t\u012bmek\u013ca vietn\u0113<\/a> vai nos\u016btiet mums piepras\u012bjumu!<\/p>","protected":false},"excerpt":{"rendered":"<p>Erlera-Zimmera maz\u0101s invagin\u0101cijas 3D modelis \u2013 66 gadus vecai sievietei p\u0113k\u0161\u0146i s\u0101k\u0101s stipras s\u0101pes v\u0113dera centr\u0101laj\u0101 da\u013c\u0101.<\/p>","protected":false},"featured_media":19877,"template":"","meta":[],"product_cat":[75,79],"product_tag":[729,728,692,577,690,791],"class_list":{"0":"post-19876","1":"product","2":"type-product","3":"status-publish","4":"has-post-thumbnail","6":"product_brand-erler-zimmer-gmbh-co-kg","7":"product_cat-modeliai-manekenai-muliazai","8":"product_cat-mokymo-priemones-ir-iranga","9":"product_tag-3d-printed-models","10":"product_tag-3d-spausdinti-modeliai","11":"product_tag-erler-zimmer-gmbh-co-kg","12":"product_tag-modeliai","13":"product_tag-models","14":"product_tag-plonosios-zarnos-invaginacijos-modeliai","16":"first","17":"onbackorder","18":"shipping-taxable","19":"purchasable","20":"product-type-simple"},"_links":{"self":[{"href":"https:\/\/labostera.lt\/lv\/wp-json\/wp\/v2\/product\/19876","targetHints":{"allow":["GET"]}}],"collection":[{"href":"https:\/\/labostera.lt\/lv\/wp-json\/wp\/v2\/product"}],"about":[{"href":"https:\/\/labostera.lt\/lv\/wp-json\/wp\/v2\/types\/product"}],"wp:featuredmedia":[{"embeddable":true,"href":"https:\/\/labostera.lt\/lv\/wp-json\/wp\/v2\/media\/19877"}],"wp:attachment":[{"href":"https:\/\/labostera.lt\/lv\/wp-json\/wp\/v2\/media?parent=19876"}],"wp:term":[{"taxonomy":"product_cat","embeddable":true,"href":"https:\/\/labostera.lt\/lv\/wp-json\/wp\/v2\/product_cat?post=19876"},{"taxonomy":"product_tag","embeddable":true,"href":"https:\/\/labostera.lt\/lv\/wp-json\/wp\/v2\/product_tag?post=19876"}],"curies":[{"name":"wp","href":"https:\/\/api.w.org\/{rel}","templated":true}]}}