{"id":19872,"date":"2024-03-05T13:57:53","date_gmt":"2024-03-05T11:57:53","guid":{"rendered":"http:\/\/labostera.lt\/?post_type=product&#038;p=19872"},"modified":"2024-10-18T15:21:45","modified_gmt":"2024-10-18T12:21:45","slug":"letines-skrandzio-opos-3d-modelis-erler-zimmer-chronic-gastric-ulcer-3d-printed-model","status":"publish","type":"product","link":"https:\/\/labostera.lt\/lv\/priemones-ir-iranga\/mokymo-priemones-ir-iranga\/modeliai-manekenai-muliazai\/letines-skrandzio-opos-3d-modelis-erler-zimmer-chronic-gastric-ulcer-3d-printed-model\/","title":{"rendered":"Hroniskas ku\u0146\u0123a \u010d\u016blas 3D modelis Erlera-Zimmera hroniskas ku\u0146\u0123a \u010d\u016blas 3D druk\u0101tais modelis"},"content":{"rendered":"<h2><strong>Erler-Zimmer GmbH &amp; Co. KG hroniskas ku\u0146\u0123a \u010d\u016blas 3D modelis<\/strong>:<\/h2>\n<ul>\n<li>Mode\u013ca numurs: MP2076<\/li>\n<li>Kl\u012bnisk\u0101 v\u0113sture:<br \/>\n\u0160im gados vec\u0101kam pacientam bija ilgsto\u0161a &quot;gremo\u0161anas trauc\u0113jumu&quot; v\u0113sture. Vi\u0146\u0161 sabruka un nomira p\u0113c smaga insulta.<\/li>\n<li>Patolo\u0123ija:<br \/>\nParaugs ir 2 cm gar\u0161 blakus eso\u0161o audu fragments, ieskaitot ku\u0146\u0123a diafragmu, aknas un aizku\u0146\u0123a dziedzeri. Paraugs tika atv\u0113rts, lai par\u0101d\u012btu lielu \u010d\u016blu maz\u0101 loka aug\u0161\u0113j\u0101 gal\u0101, net\u0101lu no ku\u0146\u0123a-bar\u012bbas vada savienojuma vietas. Makroskopiski saciet\u0113ju\u0161ie audi \u010d\u016blas viet\u0101 ir ov\u0101li, 5-6 cm diametr\u0101, ar nedaudz pacelt\u0101m mal\u0101m. Pamatne ir t\u012bra un gluda, bez asi\u0146o\u0161anas paz\u012bm\u0113m. Ku\u0146\u0123a sienas audi ap \u010d\u016blu ir saciet\u0113ju\u0161i fibrozes d\u0113\u013c, kas ietekm\u0113 \u010d\u016blas pamatni un izplat\u0101s uz apk\u0101rt\u0113jo g\u013cot\u0101du. B\u016bdama retrakt\u012bva, fibroze sp\u0113j &quot;saspiest&quot; ku\u0146\u0123a g\u013cot\u0101du \u010d\u016blas pamatnes virzien\u0101, izraisot ku\u0146\u0123a g\u013cot\u0101das kroku radi\u0101lu sarau\u0161anos ap sastingu\u0161ajiem audiem (\u0161\u012b paz\u012bme nav nov\u0113rojama \u010d\u016blainu \u013caundab\u012bgu ku\u0146\u0123a audz\u0113ju gad\u012bjum\u0101). Tas ir paman\u0101ms \u010d\u016blas apak\u0161\u0113j\u0101 da\u013c\u0101 un maz\u0101k aug\u0161pus\u0113.<\/li>\n<li>Papildinform\u0101cija:<br \/>\nPacientiem ar ku\u0146\u0123a \u010d\u016blu var rasties s\u0101pes, kas pastiprin\u0101s \u0113\u0161anas laik\u0101, un t\u0101s bie\u017ei raksturo k\u0101 dedzino\u0161as vai bl\u0101vas s\u0101pes. Citi simptomi var b\u016bt gr\u0113mas, vem\u0161ana, svara zudums vai slikta apet\u012bte. Komplik\u0101cijas var b\u016bt asi\u0146o\u0161ana, perorocik\u0101ts un ku\u0146\u0123a obstrukcija. Bie\u017ei sastopamie izrais\u012bt\u0101ji ir bakt\u0113rija Helicobacter pylori un nestero\u012bdie pretiekaisuma l\u012bdzek\u013ci (NPL).<\/li>\n<\/ul>\n<h3>Hronisku ku\u0146\u0123a \u010d\u016blu 3D mode\u013ci \u2013 <a href=\"http:\/\/labostera.lt\/lv\/product-brand\/erler-zimmer-gmbh-co-kg\/\">Erlera-Zimmera anatomijas grupa<\/a><\/h3>\n<p>Vair\u0101k inform\u0101cijas: <a href=\"https:\/\/erler-zimmer.de\/shop\/en\/11407\" target=\"_blank\" rel=\"noopener nofollow\">ra\u017eot\u0101ja t\u012bmek\u013ca vietn\u0113<\/a> vai nos\u016btiet mums piepras\u012bjumu!<\/p>","protected":false},"excerpt":{"rendered":"<p>Erlera-Zimmera hroniskas ku\u0146\u0123a \u010d\u016blas 3D modelis \u2014 \u0161im gados vec\u0101kam pacientam bija ilgsto\u0161a \u201cgremo\u0161anas trauc\u0113jumu\u201d anamn\u0113ze.<\/p>","protected":false},"featured_media":19873,"template":"","meta":[],"product_cat":[75,79],"product_tag":[729,728,692,790,577,690],"class_list":{"0":"post-19872","1":"product","2":"type-product","3":"status-publish","4":"has-post-thumbnail","6":"product_brand-erler-zimmer-gmbh-co-kg","7":"product_cat-modeliai-manekenai-muliazai","8":"product_cat-mokymo-priemones-ir-iranga","9":"product_tag-3d-printed-models","10":"product_tag-3d-spausdinti-modeliai","11":"product_tag-erler-zimmer-gmbh-co-kg","12":"product_tag-letines-skrandzio-opos-modeliai","13":"product_tag-modeliai","14":"product_tag-models","16":"first","17":"onbackorder","18":"shipping-taxable","19":"purchasable","20":"product-type-simple"},"_links":{"self":[{"href":"https:\/\/labostera.lt\/lv\/wp-json\/wp\/v2\/product\/19872","targetHints":{"allow":["GET"]}}],"collection":[{"href":"https:\/\/labostera.lt\/lv\/wp-json\/wp\/v2\/product"}],"about":[{"href":"https:\/\/labostera.lt\/lv\/wp-json\/wp\/v2\/types\/product"}],"wp:featuredmedia":[{"embeddable":true,"href":"https:\/\/labostera.lt\/lv\/wp-json\/wp\/v2\/media\/19873"}],"wp:attachment":[{"href":"https:\/\/labostera.lt\/lv\/wp-json\/wp\/v2\/media?parent=19872"}],"wp:term":[{"taxonomy":"product_cat","embeddable":true,"href":"https:\/\/labostera.lt\/lv\/wp-json\/wp\/v2\/product_cat?post=19872"},{"taxonomy":"product_tag","embeddable":true,"href":"https:\/\/labostera.lt\/lv\/wp-json\/wp\/v2\/product_tag?post=19872"}],"curies":[{"name":"wp","href":"https:\/\/api.w.org\/{rel}","templated":true}]}}