{"id":19869,"date":"2024-03-05T13:04:02","date_gmt":"2024-03-05T11:04:02","guid":{"rendered":"http:\/\/labostera.lt\/?post_type=product&#038;p=19869"},"modified":"2024-10-18T15:21:46","modified_gmt":"2024-10-18T12:21:46","slug":"cholelitiazes-tulzies-akmenliges-3d-modelis-erler-zimmer-cholelithiasis-gallstones-3d-printed-model","status":"publish","type":"product","link":"https:\/\/labostera.lt\/lv\/priemones-ir-iranga\/mokymo-priemones-ir-iranga\/modeliai-manekenai-muliazai\/cholelitiazes-tulzies-akmenliges-3d-modelis-erler-zimmer-cholelithiasis-gallstones-3d-printed-model\/","title":{"rendered":"\u017dultsakme\u0146u 3D modelis ar Erlera-Zimmera metodi. \u017dultsakme\u0146u 3D druk\u0101ts modelis."},"content":{"rendered":"<h2><strong>Erler-Zimmer GmbH &amp; Co. KG \u017eultsakme\u0146u 3D modelis<\/strong>:<\/h2>\n<ul>\n<li>Mode\u013ca numurs: MP2075<\/li>\n<li>Kl\u012bnisk\u0101 v\u0113sture:<br \/>\nPusm\u016b\u017ea sieviete tika izmekl\u0113ta par atk\u0101rtot\u0101m epigastrisku s\u0101pju epizod\u0113m. Endoskopija neuzr\u0101d\u012bja nek\u0101das ku\u0146\u0123a \u010d\u016blas. Holangiogramm\u0101 tika konstat\u0113ta nefunkcion\u0113jo\u0161a \u017eultsp\u016bslis. \u013boti \u017e\u0113l, ka pacients v\u0113l\u0101k p\u0113c \u0161\u012bs proced\u016bras nomira no miokarda infarkta.<\/li>\n<li>Patolo\u0123ija:<br \/>\nParaugs ir aknu da\u013ca ar pievienotu \u017eultsp\u016bsli, kas ir atv\u0113rta, lai atkl\u0101tu se\u0161us lielus, daudzzaru jauktus \u017eultsakme\u0146us. \u0160is ir holeliti\u0101zes (\u017eultsakme\u0146u) piem\u0113rs.<\/li>\n<li>Papildinform\u0101cija:<br \/>\n\u017dultsakme\u0146i ir jaukta holester\u012bna, kalcija s\u0101\u013cu, bilirub\u012bna, olbaltumvielu un g\u013cotu mais\u012bjums. To izplat\u012bba ir augsta gai\u0161\u0101s \u0101das etnisko grupu vid\u016b. Riska faktori ir vecums (virs 50 gadiem) un sievie\u0161u dzimums, k\u0101 ar\u012b \u0123en\u0113tiskie faktori, gr\u016btniec\u012bba, diab\u0113ts un dislipid\u0113mija. Dz\u012bvesveida faktori, piem\u0113ram, strauja svara zudums un da\u017eu medikamentu (piem\u0113ram, eritromic\u012bna, ampicil\u012bna, oktreot\u012bda, cefalospor\u012bna) lieto\u0161ana, var veicin\u0101t ar\u012b \u017eultsakme\u0146u veido\u0161anos.<\/li>\n<\/ul>\n<h3>\u017dultsakme\u0146u 3D mode\u013ci \u017eultsakme\u0146iem \u2013 <a href=\"http:\/\/labostera.lt\/lv\/product-brand\/erler-zimmer-gmbh-co-kg\/\">Erlera-Zimmera anatomijas grupa<\/a><\/h3>\n<p>Vair\u0101k inform\u0101cijas: <a href=\"https:\/\/erler-zimmer.de\/shop\/en\/11406\" target=\"_blank\" rel=\"noopener nofollow\">ra\u017eot\u0101ja t\u012bmek\u013ca vietn\u0113<\/a> vai nos\u016btiet mums piepras\u012bjumu!<\/p>","protected":false},"excerpt":{"rendered":"<p>Erlera-Zimmera \u017eultsakme\u0146u 3D modelis \u2013 pusm\u016b\u017ea sievietei tika p\u0101rbaud\u012btas atk\u0101rtotas epigastriskas s\u0101pju epizodes.<\/p>","protected":false},"featured_media":19870,"template":"","meta":[],"product_cat":[75,79],"product_tag":[729,728,789,692,577,690],"class_list":{"0":"post-19869","1":"product","2":"type-product","3":"status-publish","4":"has-post-thumbnail","6":"product_brand-erler-zimmer-gmbh-co-kg","7":"product_cat-modeliai-manekenai-muliazai","8":"product_cat-mokymo-priemones-ir-iranga","9":"product_tag-3d-printed-models","10":"product_tag-3d-spausdinti-modeliai","11":"product_tag-cholelitiazes-tulzies-akmenliges-modeliai","12":"product_tag-erler-zimmer-gmbh-co-kg","13":"product_tag-modeliai","14":"product_tag-models","16":"first","17":"onbackorder","18":"shipping-taxable","19":"purchasable","20":"product-type-simple"},"_links":{"self":[{"href":"https:\/\/labostera.lt\/lv\/wp-json\/wp\/v2\/product\/19869","targetHints":{"allow":["GET"]}}],"collection":[{"href":"https:\/\/labostera.lt\/lv\/wp-json\/wp\/v2\/product"}],"about":[{"href":"https:\/\/labostera.lt\/lv\/wp-json\/wp\/v2\/types\/product"}],"wp:featuredmedia":[{"embeddable":true,"href":"https:\/\/labostera.lt\/lv\/wp-json\/wp\/v2\/media\/19870"}],"wp:attachment":[{"href":"https:\/\/labostera.lt\/lv\/wp-json\/wp\/v2\/media?parent=19869"}],"wp:term":[{"taxonomy":"product_cat","embeddable":true,"href":"https:\/\/labostera.lt\/lv\/wp-json\/wp\/v2\/product_cat?post=19869"},{"taxonomy":"product_tag","embeddable":true,"href":"https:\/\/labostera.lt\/lv\/wp-json\/wp\/v2\/product_tag?post=19869"}],"curies":[{"name":"wp","href":"https:\/\/api.w.org\/{rel}","templated":true}]}}