{"id":19866,"date":"2024-03-05T10:34:01","date_gmt":"2024-03-05T08:34:01","guid":{"rendered":"http:\/\/labostera.lt\/?post_type=product&#038;p=19866"},"modified":"2024-10-18T15:21:47","modified_gmt":"2024-10-18T12:21:47","slug":"opinio-kolito-3d-modelis-erler-zimmer-ulcerative-colitis-3d-printed-model","status":"publish","type":"product","link":"https:\/\/labostera.lt\/lv\/priemones-ir-iranga\/mokymo-priemones-ir-iranga\/modeliai-manekenai-muliazai\/opinio-kolito-3d-modelis-erler-zimmer-ulcerative-colitis-3d-printed-model\/","title":{"rendered":"\u010c\u016blainais kol\u012bts 3D modelis Erlera-Zimmera \u010d\u016blain\u0101 kol\u012bta 3D druk\u0101tais modelis"},"content":{"rendered":"<h2><strong>\u010c\u016blain\u0101 kol\u012bta 3D modelis, ko izstr\u0101d\u0101jusi Erler-Zimmer GmbH &amp; Co. KG<\/strong>:<\/h2>\n<ul>\n<li>Mode\u013ca numurs: MP2074<\/li>\n<li>Kl\u012bnisk\u0101 v\u0113sture:<br \/>\n36 gadus veca sieviete tika ievietota slimn\u012bc\u0101 ar 3 ned\u0113\u013cas ilgu asi\u0146ainu caureju un s\u0101p\u0113m v\u0113dera lejasda\u013c\u0101. Papildu anamn\u0113zes iev\u0101k\u0161ana atkl\u0101ja 4 l\u012bdz\u012bgas caurejas un v\u0113dera s\u0101pju epizodes p\u0113d\u0113jo 7 gadu laik\u0101. Sigmoidoskopija par\u0101d\u012bja erit\u0113matozu, \u010d\u016blainu un piet\u016bku\u0161u taisn\u0101s zarnas g\u013cot\u0101du. Vi\u0146a s\u0101ka lietot stero\u012bdus, bet vi\u0146as simptomi neuzlaboj\u0101s. Vi\u0146a paiet gar\u0101m visai kolonnai.<\/li>\n<li>Patolo\u0123ija:<br \/>\nResekt\u0113to resn\u0101s zarnas segmentu p\u0101rgrie\u017e va\u013c\u0101, lai atsegtu g\u013cot\u0101das virsmu. Ir lielas, sapl\u016bsto\u0161as lokaliz\u0113tas \u010d\u016blu zonas, kuras atdala piet\u016bku\u0161as atliku\u0161\u0101s g\u013cot\u0101das sali\u0146as. \u010c\u016bl\u0101m ir nekrotiskas pamatnes ar pacelt\u0101m mal\u0101m, no kur\u0101m da\u017eas veido &quot;pseido&quot; polipus. Proksim\u0101l\u0101s zarnu g\u013cot\u0101das histolo\u0123ij\u0101 tika konstat\u0113tas ak\u016btas iekaisuma izmai\u0146as ar kriptu abscesiem, lok\u0101lu nekrozi un \u010d\u016bl\u0101m. \u0160is ir ak\u016bta \u010d\u016blaina kol\u012bta (\u010cK) piem\u0113rs.<\/li>\n<li>Papildinform\u0101cija:<br \/>\n\u010c\u016blainais kol\u012bts ir hroniska \u010d\u016blaina-iekaisuma slim\u012bba, kas parasti skar taisno zarnu un var izplat\u012bties uz cit\u0101m resn\u0101s zarnas da\u013c\u0101m. Iekaisuma process ir dif\u016bzs, bet parasti aprobe\u017eojas ar g\u013cot\u0101du un virspus\u0113jo subg\u013cot\u0101du. Iekais\u012bga kol\u012bta izrais\u012bt\u0101js nav zin\u0101ms. Tas visbie\u017e\u0101k s\u0101kas vecum\u0101 no 15 l\u012bdz 25 gadiem un ir nedaudz bie\u017e\u0101k sastopams sieviet\u0113m.<\/li>\n<\/ul>\n<h3>\u010c\u016blain\u0101 kol\u012bta 3D mode\u013ci \u2013 <a href=\"http:\/\/labostera.lt\/lv\/product-brand\/erler-zimmer-gmbh-co-kg\/\">Erlera-Zimmera anatomijas grupa<\/a><\/h3>\n<p>Vair\u0101k inform\u0101cijas: <a href=\"https:\/\/erler-zimmer.de\/shop\/en\/11405\" target=\"_blank\" rel=\"noopener nofollow\">ra\u017eot\u0101ja t\u012bmek\u013ca vietn\u0113<\/a> vai nos\u016btiet mums piepras\u012bjumu!<\/p>","protected":false},"excerpt":{"rendered":"<p>Erlera-Zimmera \u010d\u016blain\u0101 kol\u012bta 3D modelis \u2013 36 gadus veca sieviete tika ievietota slimn\u012bc\u0101 ar 3 ned\u0113\u013cas ilgu asi\u0146ainu caureju un s\u0101p\u0113m v\u0113der\u0101.<\/p>","protected":false},"featured_media":19867,"template":"","meta":[],"product_cat":[75,79],"product_tag":[729,728,692,577,690,788],"class_list":{"0":"post-19866","1":"product","2":"type-product","3":"status-publish","4":"has-post-thumbnail","6":"product_brand-erler-zimmer-gmbh-co-kg","7":"product_cat-modeliai-manekenai-muliazai","8":"product_cat-mokymo-priemones-ir-iranga","9":"product_tag-3d-printed-models","10":"product_tag-3d-spausdinti-modeliai","11":"product_tag-erler-zimmer-gmbh-co-kg","12":"product_tag-modeliai","13":"product_tag-models","14":"product_tag-opinio-kolito-modeliai","16":"first","17":"onbackorder","18":"shipping-taxable","19":"purchasable","20":"product-type-simple"},"_links":{"self":[{"href":"https:\/\/labostera.lt\/lv\/wp-json\/wp\/v2\/product\/19866","targetHints":{"allow":["GET"]}}],"collection":[{"href":"https:\/\/labostera.lt\/lv\/wp-json\/wp\/v2\/product"}],"about":[{"href":"https:\/\/labostera.lt\/lv\/wp-json\/wp\/v2\/types\/product"}],"wp:featuredmedia":[{"embeddable":true,"href":"https:\/\/labostera.lt\/lv\/wp-json\/wp\/v2\/media\/19867"}],"wp:attachment":[{"href":"https:\/\/labostera.lt\/lv\/wp-json\/wp\/v2\/media?parent=19866"}],"wp:term":[{"taxonomy":"product_cat","embeddable":true,"href":"https:\/\/labostera.lt\/lv\/wp-json\/wp\/v2\/product_cat?post=19866"},{"taxonomy":"product_tag","embeddable":true,"href":"https:\/\/labostera.lt\/lv\/wp-json\/wp\/v2\/product_tag?post=19866"}],"curies":[{"name":"wp","href":"https:\/\/api.w.org\/{rel}","templated":true}]}}