{"id":19863,"date":"2024-03-05T09:58:23","date_gmt":"2024-03-05T07:58:23","guid":{"rendered":"http:\/\/labostera.lt\/?post_type=product&#038;p=19863"},"modified":"2024-10-18T15:21:48","modified_gmt":"2024-10-18T12:21:48","slug":"kepenu-cirozes-3d-modelis-erler-zimmer-liver-cirrhosis-3d-printed-model","status":"publish","type":"product","link":"https:\/\/labostera.lt\/lv\/priemones-ir-iranga\/mokymo-priemones-ir-iranga\/modeliai-manekenai-muliazai\/kepenu-cirozes-3d-modelis-erler-zimmer-liver-cirrhosis-3d-printed-model\/","title":{"rendered":"Aknu cirozes 3D modelis Erlera-Zimmera aknu cirozes 3D druk\u0101tais modelis"},"content":{"rendered":"<h2><strong>\u201eErler-Zimmer GmbH &amp; Co. KG aknu cirozes 3D modelis<\/strong>:<\/h2>\n<ul>\n<li>Mode\u013ca numurs: MP2073<\/li>\n<li>Kl\u012bnisk\u0101 v\u0113sture:<br \/>\n\u0160is 63 gadus vecais v\u012brietis vair\u0101kas reizes bija hospitaliz\u0113ts asi\u0146o\u0161anas d\u0113\u013c no bar\u012bbas vada varikoz\u0101m v\u0113n\u0101m. Uz\u0146em\u0161anas br\u012bd\u012b vi\u0146am bija viegls drudzis, dzelte un stipra roku tr\u012bce. Vi\u0146am bija rakstur\u012bgi simptomi, tostarp asc\u012bts, izteiktas periumbilik\u0101l\u0101s v\u0113nas un hemoro\u012bdi. Vi\u0146am bija mas\u012bva hematem\u0113ze, un vi\u0146\u0161 nomira.<\/li>\n<li>Patolo\u0123ija:<br \/>\nAknu griezums, kas sagatavots apskatei, ar robainu virsmu, kur\u0101 redzami daudzi prec\u012bzi defin\u0113ti mezgli\u0146i diametr\u0101 no 1 l\u012bdz 7 mm. Ar\u012b aknu \u0101r\u0113j\u0101 virsma ir mezglaina un nel\u012bdzena. \u0160is ir aknu cirozes piem\u0113rs ar jauktu mikro- un makro-mezglainu rakstu un izteikt\u0101m taukain\u0101m izmai\u0146\u0101m.<\/li>\n<li>Papildinform\u0101cija:<br \/>\nVisbie\u017e\u0101kais cirozes un taukain\u0101s aknu de\u0123ener\u0101cijas c\u0113lonis ir hronisks alkoholisms.<\/li>\n<\/ul>\n<h3>Aknu cirozes 3D mode\u013ci \u2013 <a href=\"http:\/\/labostera.lt\/lv\/product-brand\/erler-zimmer-gmbh-co-kg\/\">Erlera-Zimmera anatomijas grupa<\/a><\/h3>\n<p>Vair\u0101k inform\u0101cijas: <a href=\"https:\/\/erler-zimmer.de\/shop\/en\/11404\" target=\"_blank\" rel=\"noopener nofollow\">ra\u017eot\u0101ja t\u012bmek\u013ca vietn\u0113<\/a> vai nos\u016btiet mums piepras\u012bjumu!<\/p>","protected":false},"excerpt":{"rendered":"<p>Erlera-Zimmera aknu cirozes 3D modelis \u2013 \u0161im 63 gadus vecajam v\u012brietim bija asi\u0146o\u0161ana no bar\u012bbas vada varikoz\u0101m v\u0113n\u0101m.<\/p>","protected":false},"featured_media":19864,"template":"","meta":[],"product_cat":[75,79],"product_tag":[729,728,692,787,577,690],"class_list":{"0":"post-19863","1":"product","2":"type-product","3":"status-publish","4":"has-post-thumbnail","6":"product_brand-erler-zimmer-gmbh-co-kg","7":"product_cat-modeliai-manekenai-muliazai","8":"product_cat-mokymo-priemones-ir-iranga","9":"product_tag-3d-printed-models","10":"product_tag-3d-spausdinti-modeliai","11":"product_tag-erler-zimmer-gmbh-co-kg","12":"product_tag-kepenu-cirozes-modeliai","13":"product_tag-modeliai","14":"product_tag-models","16":"first","17":"onbackorder","18":"shipping-taxable","19":"purchasable","20":"product-type-simple"},"_links":{"self":[{"href":"https:\/\/labostera.lt\/lv\/wp-json\/wp\/v2\/product\/19863","targetHints":{"allow":["GET"]}}],"collection":[{"href":"https:\/\/labostera.lt\/lv\/wp-json\/wp\/v2\/product"}],"about":[{"href":"https:\/\/labostera.lt\/lv\/wp-json\/wp\/v2\/types\/product"}],"wp:featuredmedia":[{"embeddable":true,"href":"https:\/\/labostera.lt\/lv\/wp-json\/wp\/v2\/media\/19864"}],"wp:attachment":[{"href":"https:\/\/labostera.lt\/lv\/wp-json\/wp\/v2\/media?parent=19863"}],"wp:term":[{"taxonomy":"product_cat","embeddable":true,"href":"https:\/\/labostera.lt\/lv\/wp-json\/wp\/v2\/product_cat?post=19863"},{"taxonomy":"product_tag","embeddable":true,"href":"https:\/\/labostera.lt\/lv\/wp-json\/wp\/v2\/product_tag?post=19863"}],"curies":[{"name":"wp","href":"https:\/\/api.w.org\/{rel}","templated":true}]}}