{"id":19860,"date":"2024-03-05T09:08:36","date_gmt":"2024-03-05T07:08:36","guid":{"rendered":"http:\/\/labostera.lt\/?post_type=product&#038;p=19860"},"modified":"2024-10-18T15:21:48","modified_gmt":"2024-10-18T12:21:48","slug":"riebiu-kepenu-3d-modelis-erler-zimmer-fatty-liver-3d-printed-model","status":"publish","type":"product","link":"https:\/\/labostera.lt\/lv\/priemones-ir-iranga\/mokymo-priemones-ir-iranga\/modeliai-manekenai-muliazai\/riebiu-kepenu-3d-modelis-erler-zimmer-fatty-liver-3d-printed-model\/","title":{"rendered":"Taukaino aknu 3D modelis Erlera-Zimmera taukaino aknu 3D druk\u0101tais modelis"},"content":{"rendered":"<h2><strong>Erler-Zimmer GmbH &amp; Co. KG 3D taukaino aknu modelis<\/strong>:<\/h2>\n<ul>\n<li>Mode\u013ca numurs: MP2072<\/li>\n<li>Kl\u012bnisk\u0101 v\u0113sture:<br \/>\nKl\u012bnisk\u0101 inform\u0101cija nav pieejama.<\/li>\n<li>Patolo\u0123ija:<br \/>\nAknu \u0161\u0137\u0113le vien\u0101 pus\u0113 atkl\u0101j rakstur\u012bgu dzeltenpel\u0113ku un taukainu izskatu. Otra puse ir ierobe\u017eota ar \u0101r\u0113jo malu, un centr\u0101l\u0101 da\u013ca ir tum\u0161\u0101ka, iesp\u0113jams, cirozes d\u0113\u013c. \u0160is ir taukainas aknas piem\u0113rs.<\/li>\n<li>Piez\u012bme:<br \/>\nTaukain\u0101s aknas (steatoze) vai triglicer\u012bdu uzkr\u0101\u0161an\u0101s akn\u0101s c\u0113lo\u0146i ir aptauko\u0161an\u0101s, diab\u0113ts, alkohola lieto\u0161ana, bads, kva\u0161iorkors, narkotikas un indes. Vairum\u0101 kopienu alkoholisms ir visizplat\u012bt\u0101kais iemesls.<\/li>\n<\/ul>\n<h3>Taukaino aknu 3D mode\u013ci \u2013 <a href=\"http:\/\/labostera.lt\/lv\/product-brand\/erler-zimmer-gmbh-co-kg\/\">Erlera-Zimmera anatomijas grupa<\/a><\/h3>\n<p>Vair\u0101k inform\u0101cijas: <a href=\"https:\/\/erler-zimmer.de\/shop\/en\/11403\" target=\"_blank\" rel=\"noopener nofollow\">ra\u017eot\u0101ja t\u012bmek\u013ca vietn\u0113<\/a> vai nos\u016btiet mums piepras\u012bjumu!<\/p>","protected":false},"excerpt":{"rendered":"<p>Erlera-Zimmera taukaino aknu 3D modelis \u2013 taukain\u0101s aknas (steatoze) vai triglicer\u012bdu uzkr\u0101\u0161an\u0101s akn\u0101s.<\/p>","protected":false},"featured_media":19861,"template":"","meta":[],"product_cat":[75,79],"product_tag":[729,728,692,577,690,786],"class_list":{"0":"post-19860","1":"product","2":"type-product","3":"status-publish","4":"has-post-thumbnail","6":"product_brand-erler-zimmer-gmbh-co-kg","7":"product_cat-modeliai-manekenai-muliazai","8":"product_cat-mokymo-priemones-ir-iranga","9":"product_tag-3d-printed-models","10":"product_tag-3d-spausdinti-modeliai","11":"product_tag-erler-zimmer-gmbh-co-kg","12":"product_tag-modeliai","13":"product_tag-models","14":"product_tag-riebiu-kepenu-modeliai","16":"first","17":"onbackorder","18":"shipping-taxable","19":"purchasable","20":"product-type-simple"},"_links":{"self":[{"href":"https:\/\/labostera.lt\/lv\/wp-json\/wp\/v2\/product\/19860","targetHints":{"allow":["GET"]}}],"collection":[{"href":"https:\/\/labostera.lt\/lv\/wp-json\/wp\/v2\/product"}],"about":[{"href":"https:\/\/labostera.lt\/lv\/wp-json\/wp\/v2\/types\/product"}],"wp:featuredmedia":[{"embeddable":true,"href":"https:\/\/labostera.lt\/lv\/wp-json\/wp\/v2\/media\/19861"}],"wp:attachment":[{"href":"https:\/\/labostera.lt\/lv\/wp-json\/wp\/v2\/media?parent=19860"}],"wp:term":[{"taxonomy":"product_cat","embeddable":true,"href":"https:\/\/labostera.lt\/lv\/wp-json\/wp\/v2\/product_cat?post=19860"},{"taxonomy":"product_tag","embeddable":true,"href":"https:\/\/labostera.lt\/lv\/wp-json\/wp\/v2\/product_tag?post=19860"}],"curies":[{"name":"wp","href":"https:\/\/api.w.org\/{rel}","templated":true}]}}