{"id":19857,"date":"2024-03-04T16:08:57","date_gmt":"2024-03-04T14:08:57","guid":{"rendered":"http:\/\/labostera.lt\/?post_type=product&#038;p=19857"},"modified":"2024-10-18T15:21:49","modified_gmt":"2024-10-18T12:21:49","slug":"storosios-zarnos-gaureliu-adenomos-3d-modelis-erler-zimmer-villous-adenoma-of-colon-3d-printed-model","status":"publish","type":"product","link":"https:\/\/labostera.lt\/lv\/priemones-ir-iranga\/mokymo-priemones-ir-iranga\/modeliai-manekenai-muliazai\/storosios-zarnos-gaureliu-adenomos-3d-modelis-erler-zimmer-villous-adenoma-of-colon-3d-printed-model\/","title":{"rendered":"Erlera-Zimmera resn\u0101s zarnas b\u0101rksti\u0146u adenomas 3D druk\u0101tais modelis"},"content":{"rendered":"<h2><strong>\u201eErler-Zimmer GmbH &amp; Co. KG resn\u0101s zarnas b\u0101rksti\u0146u adenomas 3D modelis<\/strong>:<\/h2>\n<ul>\n<li>Mode\u013ca numurs: MP2071<\/li>\n<li>Kl\u012bnisk\u0101 v\u0113sture:<br \/>\n70 gadus vecs v\u012brietis tika hospitaliz\u0113ts musku\u013cu v\u0101juma un taisn\u0101s zarnas nosl\u012bd\u0113juma d\u0113\u013c. Pacientam tika konstat\u0113ta hipokali\u0113mija. Tika atrasts sigmo\u012bd\u0101s resn\u0101s zarnas audz\u0113js, kas v\u0113l\u0101k tika iz\u0146emts.<\/li>\n<li>Patolo\u0123ija:<br \/>\nTika izgriezts 15 cm gar\u0161 zarnas segments, lai atkl\u0101tu lielu, s\u0113do\u0161u audz\u0113ju ar gludu virsmu. Audz\u0113ja diametrs bija 11 x 7 cm, un tas sniedz\u0101s l\u012bdz 2 cm robe\u017e\u0101s no dist\u0101l\u0101s rezekcijas robe\u017eas. G\u013cot\u0101da cit\u0101di bija norm\u0101la. Seroz\u0101 virsma nebija izteikta. Histolo\u0123isk\u0101 izmekl\u0113\u0161ana apstiprin\u0101ja b\u0101rksti\u0146u adenomas kl\u0101tb\u016btni.<\/li>\n<li>Papildinform\u0101cija:<br \/>\nReiz\u0113m b\u0101rksti\u0146u adenomas izdala lielu daudzumu g\u013cotainu olbaltumvielu un\/vai k\u0101liju saturo\u0161a \u0161\u0137idruma, kas ir pietiekams, lai izrais\u012btu hipoalbumin\u0113miju vai hipokali\u0113miju. B\u0101rksti\u0146u adenoma ir visret\u0101k sastopamais, bet visb\u012bstam\u0101kais adenomatoz\u0101 polipa veids. Invaz\u012bva karcinoma rezekcijas laik\u0101 tiek atkl\u0101ta l\u012bdz pat 301% gad\u012bjumu.<\/li>\n<\/ul>\n<h3>Resn\u0101s zarnas b\u0101rksti\u0146u adenomas 3D mode\u013ci \u2013 <a href=\"http:\/\/labostera.lt\/lv\/product-brand\/erler-zimmer-gmbh-co-kg\/\">Erlera-Zimmera anatomijas grupa<\/a><\/h3>\n<p>Vair\u0101k inform\u0101cijas: <a href=\"https:\/\/erler-zimmer.de\/shop\/en\/11402\" target=\"_blank\" rel=\"noopener nofollow\">ra\u017eot\u0101ja t\u012bmek\u013ca vietn\u0113<\/a> vai nos\u016btiet mums piepras\u012bjumu!<\/p>","protected":false},"excerpt":{"rendered":"<p>Erlera-Zimmera resn\u0101s zarnas b\u0101rksti\u0146u adenomas 3D modelis \u2013 70 gadus vecs v\u012brietis tika uz\u0146emts uz p\u0101rbaudi musku\u013cu v\u0101juma un liela daudzuma g\u013cotu izk\u0101rn\u012bjumu d\u0113\u013c caur taisno zarnu.<\/p>","protected":false},"featured_media":19858,"template":"","meta":[],"product_cat":[75,79],"product_tag":[729,728,692,577,690,785],"class_list":{"0":"post-19857","1":"product","2":"type-product","3":"status-publish","4":"has-post-thumbnail","6":"product_brand-erler-zimmer-gmbh-co-kg","7":"product_cat-modeliai-manekenai-muliazai","8":"product_cat-mokymo-priemones-ir-iranga","9":"product_tag-3d-printed-models","10":"product_tag-3d-spausdinti-modeliai","11":"product_tag-erler-zimmer-gmbh-co-kg","12":"product_tag-modeliai","13":"product_tag-models","14":"product_tag-storosios-zarnos-gaureliu-adenomos-modeliai","16":"first","17":"onbackorder","18":"shipping-taxable","19":"purchasable","20":"product-type-simple"},"_links":{"self":[{"href":"https:\/\/labostera.lt\/lv\/wp-json\/wp\/v2\/product\/19857","targetHints":{"allow":["GET"]}}],"collection":[{"href":"https:\/\/labostera.lt\/lv\/wp-json\/wp\/v2\/product"}],"about":[{"href":"https:\/\/labostera.lt\/lv\/wp-json\/wp\/v2\/types\/product"}],"wp:featuredmedia":[{"embeddable":true,"href":"https:\/\/labostera.lt\/lv\/wp-json\/wp\/v2\/media\/19858"}],"wp:attachment":[{"href":"https:\/\/labostera.lt\/lv\/wp-json\/wp\/v2\/media?parent=19857"}],"wp:term":[{"taxonomy":"product_cat","embeddable":true,"href":"https:\/\/labostera.lt\/lv\/wp-json\/wp\/v2\/product_cat?post=19857"},{"taxonomy":"product_tag","embeddable":true,"href":"https:\/\/labostera.lt\/lv\/wp-json\/wp\/v2\/product_tag?post=19857"}],"curies":[{"name":"wp","href":"https:\/\/api.w.org\/{rel}","templated":true}]}}