{"id":19854,"date":"2024-03-04T15:33:40","date_gmt":"2024-03-04T13:33:40","guid":{"rendered":"http:\/\/labostera.lt\/?post_type=product&#038;p=19854"},"modified":"2024-10-18T15:21:50","modified_gmt":"2024-10-18T12:21:50","slug":"daugybines-storosios-zarnos-polipozes-3d-modelis-erler-zimmer-multiple-polyposis-coli-3d-printed-model","status":"publish","type":"product","link":"https:\/\/labostera.lt\/lv\/priemones-ir-iranga\/mokymo-priemones-ir-iranga\/modeliai-manekenai-muliazai\/daugybines-storosios-zarnos-polipozes-3d-modelis-erler-zimmer-multiple-polyposis-coli-3d-printed-model\/","title":{"rendered":"Vair\u0101ku polipozu kolu 3D druk\u0101tais modelis Erlera-Zimmera vair\u0101ku polipozu kolu 3D druk\u0101tais modelis"},"content":{"rendered":"<h2><strong>Erler-Zimmer GmbH &amp; Co. KG vair\u0101ku resn\u0101s zarnas polipu 3D modelis<\/strong>:<\/h2>\n<ul>\n<li>Mode\u013ca numurs: MP2070<\/li>\n<li>Kl\u012bnisk\u0101 v\u0113sture:<br \/>\nNav kl\u012bnisk\u0101s v\u0113stures datu.<\/li>\n<li>Patolo\u0123ija:<br \/>\n\u0160aj\u0101 gad\u012bjum\u0101 paraugi sast\u0101v no diviem sigmo\u012bd\u0101s resn\u0101s zarnas segmentiem. Zarnu g\u013cot\u0101du izkl\u0101j daudzi s\u0113do\u0161i un k\u0101ti\u0146oti da\u013c\u0113ji pigment\u0113ti polipi, kuru liel\u0101kais diametrs sasniedz 1,5 cm. Makroskopiskas \u013caundab\u012bga \u0137erme\u0146a paz\u012bmes nav.<\/li>\n<li>Piez\u012bme:<br \/>\nMikroskopiski polipi visbie\u017e\u0101k ir \u017eults dziedzeru adenomas (&gt;75% ir \u017eults strukt\u016bra; tos sauc ar\u012b par adenomatoziem polipiem). Ret\u0101k t\u0101s ir b\u0101rksti\u0146u adenomas (&gt;75% ir b\u0101rksti\u0146u morfolo\u0123ija) vai \u017eultsce\u013cu un b\u0101rksti\u0146u adenomas (25-75% b\u0101rksti\u0146u morfolo\u0123ija). Vi\u0146iem var b\u016bt da\u017e\u0101das displ\u0101zijas pak\u0101pes. Histolo\u0123iskais izskats ir identisks spor\u0101disk\u0101m resn\u0101s zarnas adenom\u0101m.<br \/>\nPacientiem ar \u0123imenes adenomatozo polipozi (FAP; viena no iedzimtu tiev\u0101s zarnas v\u0113\u017ea sindromu form\u0101m, kas saist\u012bta ar APC g\u0113nu, kas atrodas 5q21 hromosom\u0101) tiek pied\u0101v\u0101ta profilaktiska kolostomija, jo invaz\u012bva adenokarcinoma gandr\u012bz noteikti att\u012bst\u0101s vien\u0101 vai vair\u0101kos polipos, parasti aptuveni 15 gadus p\u0113c adenomatozes s\u0101kuma. \u0160is st\u0101voklis tiek p\u0101rnests k\u0101 autosom\u0101li domin\u0113jo\u0161a iez\u012bme.<\/li>\n<\/ul>\n<h3>Daudzk\u0101rt\u0113jas resn\u0101s zarnas polipozes 3D mode\u013ci \u2013 <a href=\"http:\/\/labostera.lt\/lv\/product-brand\/erler-zimmer-gmbh-co-kg\/\">Erlera-Zimmera anatomijas grupa<\/a><\/h3>\n<p>Vair\u0101k inform\u0101cijas: <a href=\"https:\/\/erler-zimmer.de\/shop\/en\/11401\" target=\"_blank\" rel=\"noopener nofollow\">ra\u017eot\u0101ja t\u012bmek\u013ca vietn\u0113<\/a> vai nos\u016btiet mums piepras\u012bjumu!<\/p>","protected":false},"excerpt":{"rendered":"<p>Erlera-Zimmera vair\u0101ku resn\u0101s zarnas polipu 3D modelis \u2013 nav kl\u012bnisk\u0101s v\u0113stures datu.<\/p>","protected":false},"featured_media":19855,"template":"","meta":[],"product_cat":[75,79],"product_tag":[729,728,784,692,577,690],"class_list":{"0":"post-19854","1":"product","2":"type-product","3":"status-publish","4":"has-post-thumbnail","6":"product_brand-erler-zimmer-gmbh-co-kg","7":"product_cat-modeliai-manekenai-muliazai","8":"product_cat-mokymo-priemones-ir-iranga","9":"product_tag-3d-printed-models","10":"product_tag-3d-spausdinti-modeliai","11":"product_tag-daugybines-storosios-zarnos-polipozes-modeliai","12":"product_tag-erler-zimmer-gmbh-co-kg","13":"product_tag-modeliai","14":"product_tag-models","16":"first","17":"onbackorder","18":"shipping-taxable","19":"purchasable","20":"product-type-simple"},"_links":{"self":[{"href":"https:\/\/labostera.lt\/lv\/wp-json\/wp\/v2\/product\/19854","targetHints":{"allow":["GET"]}}],"collection":[{"href":"https:\/\/labostera.lt\/lv\/wp-json\/wp\/v2\/product"}],"about":[{"href":"https:\/\/labostera.lt\/lv\/wp-json\/wp\/v2\/types\/product"}],"wp:featuredmedia":[{"embeddable":true,"href":"https:\/\/labostera.lt\/lv\/wp-json\/wp\/v2\/media\/19855"}],"wp:attachment":[{"href":"https:\/\/labostera.lt\/lv\/wp-json\/wp\/v2\/media?parent=19854"}],"wp:term":[{"taxonomy":"product_cat","embeddable":true,"href":"https:\/\/labostera.lt\/lv\/wp-json\/wp\/v2\/product_cat?post=19854"},{"taxonomy":"product_tag","embeddable":true,"href":"https:\/\/labostera.lt\/lv\/wp-json\/wp\/v2\/product_tag?post=19854"}],"curies":[{"name":"wp","href":"https:\/\/api.w.org\/{rel}","templated":true}]}}