{"id":19851,"date":"2024-03-04T14:56:55","date_gmt":"2024-03-04T12:56:55","guid":{"rendered":"http:\/\/labostera.lt\/?post_type=product&#038;p=19851"},"modified":"2024-10-18T15:21:51","modified_gmt":"2024-10-18T12:21:51","slug":"daugybines-plauciu-karcinomos-3d-modelis-erler-zimmer-lung-multiple-carcinoma-3d-printed-model","status":"publish","type":"product","link":"https:\/\/labostera.lt\/lv\/priemones-ir-iranga\/mokymo-priemones-ir-iranga\/modeliai-manekenai-muliazai\/daugybines-plauciu-karcinomos-3d-modelis-erler-zimmer-lung-multiple-carcinoma-3d-printed-model\/","title":{"rendered":"Vair\u0101ku plau\u0161u karcinomu 3D modelis Erlera-Zimmera plau\u0161u vair\u0101ku karcinomu 3D druk\u0101tais modelis"},"content":{"rendered":"<h2><strong>Erler-Zimmer GmbH &amp; Co. KG multipl\u0101s plau\u0161u karcinomas 3D modelis<\/strong>:<\/h2>\n<ul>\n<li>Mode\u013ca numurs: MP2065<\/li>\n<li>Kl\u012bnisk\u0101 v\u0113sture:<br \/>\n\u0160\u012b 47 gadus vec\u0101 sieviete tika hospitaliz\u0113ta ar termin\u0101lu karcinomatozi. Izmekl\u0113\u0161an\u0101 bija sataust\u0101mas cietas aknas un masa labaj\u0101 iegurn\u012b. Vi\u0146a m\u0113ne\u0161iem ilgi cieta no konstitucion\u0101liem simptomiem un beidzot mekl\u0113ja medic\u012bnisko pal\u012bdz\u012bbu. Vi\u0146a tika uz\u0146emta paliat\u012bv\u0101 apr\u016bp\u0113 un dr\u012bz p\u0113c tam nomira.<\/li>\n<li>Patolo\u0123ija:<br \/>\nKreisaj\u0101 neskartaj\u0101 plau\u0161\u0101 ir vair\u0101ki da\u017e\u0101da lieluma gai\u0161i audz\u0113ja mezgli\u0146i, kas izkais\u012bti pa visu plau\u0161u strukt\u016bru. Ar sakni ir savienoti vair\u0101ki mezgli. Sak\u0146u limfmezglos ir gai\u0161s audz\u0113ja materi\u0101ls. Zem sabiez\u0113t\u0101s pleiras uz kr\u016b\u0161u kurvja, videnes un diafragmas virsm\u0101m ir redzami mazi audz\u0113ja mezgli\u0146i, kuru izm\u0113rs ir no 2 mm l\u012bdz 2 cm. Histolo\u0123iski tie bija metast\u0101tiski adenokarcinomas boj\u0101jumi. P\u0113cn\u0101ves izmekl\u0113jum\u0101 tika atkl\u0101ta oln\u012bcu adenokarcinoma ar metast\u0101z\u0113m plau\u0161\u0101s, sird\u012b, akn\u0101s un perikard\u0101.<\/li>\n<li>Papildinform\u0101cija:<br \/>\nPlau\u0161u metast\u0101zes ir bie\u017e\u0101k sastopamas nek\u0101 prim\u0101rais plau\u0161u v\u0113zis. \u013baundab\u012bgi audz\u0113ji, kuru izcelsme ir jebkur\u0101 \u0137erme\u0146a viet\u0101, var izplat\u012bties plau\u0161\u0101s, pateicoties to bag\u0101t\u012bgajai asinsapg\u0101dei un limfodren\u0101\u017eai. Sarkomas parasti metastaz\u0113jas caur asinsriti, savuk\u0101rt karcinomas izplat\u0101s vai nu caur asinsriti, vai limf\u0101tisko sist\u0113mu, vai ab\u0113j\u0101di.<\/li>\n<\/ul>\n<h3>Vair\u0101ku plau\u0161u karcinomu 3D mode\u013ci \u2013 <a href=\"http:\/\/labostera.lt\/lv\/product-brand\/erler-zimmer-gmbh-co-kg\/\">Erlera-Zimmera anatomijas grupa<\/a><\/h3>\n<p>Vair\u0101k inform\u0101cijas: <a href=\"https:\/\/erler-zimmer.de\/shop\/en\/11400\" target=\"_blank\" rel=\"noopener nofollow\">ra\u017eot\u0101ja t\u012bmek\u013ca vietn\u0113<\/a> vai nos\u016btiet mums piepras\u012bjumu!<\/p>","protected":false},"excerpt":{"rendered":"<p>Erlera-Zimmera plau\u0161u karcinomas 3D modelis \u2013 47 gadus veca sieviete tika hospitaliz\u0113ta ar termin\u0101lu karcinomatozi.<\/p>","protected":false},"featured_media":19852,"template":"","meta":[],"product_cat":[75,79],"product_tag":[729,728,783,692,577,690],"class_list":{"0":"post-19851","1":"product","2":"type-product","3":"status-publish","4":"has-post-thumbnail","6":"product_brand-erler-zimmer-gmbh-co-kg","7":"product_cat-modeliai-manekenai-muliazai","8":"product_cat-mokymo-priemones-ir-iranga","9":"product_tag-3d-printed-models","10":"product_tag-3d-spausdinti-modeliai","11":"product_tag-daugybines-plauciu-karcinomos-modeliai","12":"product_tag-erler-zimmer-gmbh-co-kg","13":"product_tag-modeliai","14":"product_tag-models","16":"first","17":"onbackorder","18":"shipping-taxable","19":"purchasable","20":"product-type-simple"},"_links":{"self":[{"href":"https:\/\/labostera.lt\/lv\/wp-json\/wp\/v2\/product\/19851","targetHints":{"allow":["GET"]}}],"collection":[{"href":"https:\/\/labostera.lt\/lv\/wp-json\/wp\/v2\/product"}],"about":[{"href":"https:\/\/labostera.lt\/lv\/wp-json\/wp\/v2\/types\/product"}],"wp:featuredmedia":[{"embeddable":true,"href":"https:\/\/labostera.lt\/lv\/wp-json\/wp\/v2\/media\/19852"}],"wp:attachment":[{"href":"https:\/\/labostera.lt\/lv\/wp-json\/wp\/v2\/media?parent=19851"}],"wp:term":[{"taxonomy":"product_cat","embeddable":true,"href":"https:\/\/labostera.lt\/lv\/wp-json\/wp\/v2\/product_cat?post=19851"},{"taxonomy":"product_tag","embeddable":true,"href":"https:\/\/labostera.lt\/lv\/wp-json\/wp\/v2\/product_tag?post=19851"}],"curies":[{"name":"wp","href":"https:\/\/api.w.org\/{rel}","templated":true}]}}