{"id":19845,"date":"2024-03-04T13:25:58","date_gmt":"2024-03-04T11:25:58","guid":{"rendered":"http:\/\/labostera.lt\/?post_type=product&#038;p=19845"},"modified":"2024-10-18T15:21:52","modified_gmt":"2024-10-18T12:21:52","slug":"plauciu-cistines-fibrozes-3d-modelis-erler-zimmer-lung-cystic-fibrosis-3d-printed-model","status":"publish","type":"product","link":"https:\/\/labostera.lt\/lv\/priemones-ir-iranga\/mokymo-priemones-ir-iranga\/modeliai-manekenai-muliazai\/plauciu-cistines-fibrozes-3d-modelis-erler-zimmer-lung-cystic-fibrosis-3d-printed-model\/","title":{"rendered":"Plau\u0161u cistisk\u0101s fibrozes 3D modelis Erlera-Zimmera plau\u0161u cistisk\u0101s fibrozes 3D druk\u0101tais modelis"},"content":{"rendered":"<h2><strong>Erler-Zimmer GmbH &amp; Co. KG cistisk\u0101s fibrozes plau\u0161u 3D modelis<\/strong>:<\/h2>\n<ul>\n<li>Mode\u013ca numurs: MP2063<\/li>\n<li>Kl\u012bnisk\u0101 v\u0113sture:<br \/>\nSe\u0161us gadus veca meitene tika uz\u0146emta ar produkt\u012bvu klepu, elpas tr\u016bkumu un drudzi. Vi\u0146ai pastiprin\u0101s hipotensija, un vi\u0146a p\u0113c uz\u0146em\u0161anas slimn\u012bc\u0101 mirst. Vi\u0146ai anamn\u0113z\u0113 bija bie\u017ei atk\u0101rtota pneimonija un mekonija ileuss. Kl\u012bnisk\u0101 diagnoze bija cistisk\u0101 fibroze (mukoviskoidoze). Vi\u0146as m\u0101sa nomira 3 gadu vecum\u0101 no t\u0101s pa\u0161as slim\u012bbas.<\/li>\n<li>Patolo\u0123ija:<br \/>\nPlau\u0161u parenh\u012bm\u0101 ir nov\u0113rojamas b\u016btiskas izmai\u0146as, galvenok\u0101rt ar bronhu sadal\u012bjumu. Daudzi bronhi ir papla\u0161in\u0101ti (bronhekt\u0101ze) un tiem ir sabiez\u0113jis, dzeltens, strutains materi\u0101ls. \u0160\u012bs izmai\u0146as visspilgt\u0101k nov\u0113rojamas daivas daivas aug\u0161da\u013c\u0101, kur redzams ar\u012b neliels &quot;medus rasas&quot; izmai\u0146u fokuss. Ir redzami daudzi abscesi, \u012bpa\u0161i plau\u0161u apak\u0161\u0113j\u0101s daivas apak\u0161\u0113j\u0101 un centr\u0101laj\u0101 da\u013c\u0101. Apak\u0161\u0113jo plau\u0161u pamatni smagi ietekm\u0113 fibroze, un ir redzama konsolid\u0101cija. \u013boti maz norm\u0101lu plau\u0161u audu ir palicis. \u0160\u012bs patolo\u0123isk\u0101s izmai\u0146as ir rakstur\u012bgas, bet ne patognomoniskas cistiskajai fibrozei.<\/li>\n<li>Papildinform\u0101cija:<br \/>\nCistisk\u0101 fibroze (CF) ir iedzimta hlor\u012bda jonu transporta slim\u012bba. Mut\u0101cijas cistisk\u0101s fibrozes vad\u012btsp\u0113jas regulatora (CFTR) g\u0113n\u0101 7. hromosom\u0101 izraisa hlor\u012bda kan\u0101la prote\u012bna defektus, kas noved pie hlor\u012bda kan\u0101lu neefektivit\u0101tes. Tas izraisa palielin\u0101tu \u016bdens absorbciju eksokr\u012bnajos dziedzeros un elpo\u0161anas, gremo\u0161anas un reprodukt\u012bvo traktu epit\u0113lij\u0101. \u0160ie dehidr\u0113tie viskozie sekr\u0113ti p\u0113c tam blo\u0137\u0113 \u0161o org\u0101nu eju, izraisot kl\u012bniskas paz\u012bmes, tostarp: past\u0101v\u012bgu plau\u0161u infekciju, aizku\u0146\u0123a dziedzera mazsp\u0113ju, aknu cirozi, zarnu nosprostojumu, v\u012brie\u0161u neaugl\u012bbu un paaugstin\u0101tu hlor\u012bdu l\u012bmeni sviedros. CF pacientu elpce\u013cos ir samazin\u0101ta hlor\u012bdu sekr\u0113cija un palielin\u0101ta \u016bdens reabsorbcija. Tas izraisa elpce\u013cu g\u013cot\u0101das dehidrat\u0101ciju, kas savuk\u0101rt noved pie g\u013cot\u0101das cili\u0101r\u0101s aktivit\u0101tes trauc\u0113jumiem, elpce\u013cu g\u013cotu nosprosto\u0161an\u0101s, bronhiolu papla\u0161in\u0101\u0161an\u0101s (bronhekt\u0101ze) un sekund\u0101ras infekcijas. Staphylococcus aureus, Haemophilus influenzae un Pseudomonas ir visbie\u017e\u0101k sastopam\u0101s bakt\u0113rijas, kas izraisa apak\u0161\u0113jo elpce\u013cu infekcijas CF pacientiem. T\u0101 rezult\u0101t\u0101 att\u012bst\u0101s hronisks bronh\u012bts un bronhekt\u0101ze. Plau\u0161u probl\u0113mas ir galvenais CF pacientu n\u0101ves c\u0113lonis. Att\u012bst\u012btaj\u0101s valst\u012bs vid\u0113jais paredzamais dz\u012bves ilgums ir no 40 l\u012bdz 50 gadiem.<\/li>\n<\/ul>\n<h3>Cistisk\u0101s fibrozes plau\u0161u 3D mode\u013ci \u2013 <a href=\"http:\/\/labostera.lt\/lv\/product-brand\/erler-zimmer-gmbh-co-kg\/\">Erlera-Zimmera anatomijas grupa<\/a><\/h3>\n<p>Vair\u0101k inform\u0101cijas: <a href=\"https:\/\/erler-zimmer.de\/shop\/en\/11398\" target=\"_blank\" rel=\"noopener nofollow\">ra\u017eot\u0101ja t\u012bmek\u013ca vietn\u0113<\/a> vai nos\u016btiet mums piepras\u012bjumu!<\/p>","protected":false},"excerpt":{"rendered":"<p>Erlera-Zimmera plau\u0161u cistisk\u0101s fibrozes 3D modelis \u2013 6 gadus veca meitene tika uz\u0146emta ar produkt\u012bvu klepu, elpas tr\u016bkumu un drudzi.<\/p>","protected":false},"featured_media":19846,"template":"","meta":[],"product_cat":[75,79],"product_tag":[729,728,692,577,690,781],"class_list":{"0":"post-19845","1":"product","2":"type-product","3":"status-publish","4":"has-post-thumbnail","6":"product_brand-erler-zimmer-gmbh-co-kg","7":"product_cat-modeliai-manekenai-muliazai","8":"product_cat-mokymo-priemones-ir-iranga","9":"product_tag-3d-printed-models","10":"product_tag-3d-spausdinti-modeliai","11":"product_tag-erler-zimmer-gmbh-co-kg","12":"product_tag-modeliai","13":"product_tag-models","14":"product_tag-plauciu-cistines-fibrozes-modeliai","16":"first","17":"onbackorder","18":"shipping-taxable","19":"purchasable","20":"product-type-simple"},"_links":{"self":[{"href":"https:\/\/labostera.lt\/lv\/wp-json\/wp\/v2\/product\/19845","targetHints":{"allow":["GET"]}}],"collection":[{"href":"https:\/\/labostera.lt\/lv\/wp-json\/wp\/v2\/product"}],"about":[{"href":"https:\/\/labostera.lt\/lv\/wp-json\/wp\/v2\/types\/product"}],"wp:featuredmedia":[{"embeddable":true,"href":"https:\/\/labostera.lt\/lv\/wp-json\/wp\/v2\/media\/19846"}],"wp:attachment":[{"href":"https:\/\/labostera.lt\/lv\/wp-json\/wp\/v2\/media?parent=19845"}],"wp:term":[{"taxonomy":"product_cat","embeddable":true,"href":"https:\/\/labostera.lt\/lv\/wp-json\/wp\/v2\/product_cat?post=19845"},{"taxonomy":"product_tag","embeddable":true,"href":"https:\/\/labostera.lt\/lv\/wp-json\/wp\/v2\/product_tag?post=19845"}],"curies":[{"name":"wp","href":"https:\/\/api.w.org\/{rel}","templated":true}]}}