{"id":19842,"date":"2024-03-04T13:00:06","date_gmt":"2024-03-04T11:00:06","guid":{"rendered":"http:\/\/labostera.lt\/?post_type=product&#038;p=19842"},"modified":"2024-10-18T15:21:53","modified_gmt":"2024-10-18T12:21:53","slug":"hodzkino-limfomos-3d-modelis-erler-zimmer-hodgkin-lymphoma-3d-printed-model","status":"publish","type":"product","link":"https:\/\/labostera.lt\/lv\/priemones-ir-iranga\/mokymo-priemones-ir-iranga\/modeliai-manekenai-muliazai\/hodzkino-limfomos-3d-modelis-erler-zimmer-hodgkin-lymphoma-3d-printed-model\/","title":{"rendered":"Hod\u017ekina limfomas 3D modelis Erler-Zimmer Hod\u017ekina limfomas 3D druk\u0101ts modelis"},"content":{"rendered":"<h2><strong>Erler-Zimmer GmbH &amp; Co. KG Hod\u017ekina limfomas 3D modelis<\/strong>:<\/h2>\n<ul>\n<li>Mode\u013ca numurs: MP2062<\/li>\n<li>Kl\u012bnisk\u0101 v\u0113sture:<br \/>\n45 gadus vecs v\u012brietis v\u0113rs\u0101s pie \u0101rsta ar mezgli\u0146u kreisaj\u0101 supraclavikul\u0101raj\u0101 rajon\u0101. Piet\u016bkums p\u0113d\u0113jo 6 m\u0113ne\u0161u laik\u0101 ir palielin\u0101jies. Vienreiz\u0113j\u0101s audz\u0113ja biopsija uzr\u0101d\u012bja Hod\u017ekina limfomu (HL). P\u0113c desmit m\u0113ne\u0161iem vi\u0146\u0161 tika atk\u0101rtoti ievietots slimn\u012bc\u0101 kreis\u0101 pleca s\u0101pju un kreis\u0101s rokas piet\u016bkuma d\u0113\u013c. Izmekl\u0113\u0161an\u0101 tika atkl\u0101ta \u0123eneraliz\u0113ta limfadenop\u0101tija ar iev\u0113rojamu piet\u016bkumu kreisaj\u0101 supraclavikul\u0101raj\u0101 un padu\u0161u rajon\u0101. Vi\u0146am tika veikta staru terapija un tiotepa \u0137\u012bmijterapija. Vi\u0146\u0161 s\u0101ka vemt. V\u0113l viena b\u0101rija malt\u012bte par\u0101d\u012bja divpadsmitpirkstu zarnas obstrukciju no spiediena no ekstramedul\u0101rajiem limfmezgliem. Vi\u0146\u0161 turpin\u0101ja pasliktin\u0101ties un nomira divas ned\u0113\u013cas p\u0113c uz\u0146em\u0161anas slimn\u012bc\u0101.<\/li>\n<li>Patolo\u0123ija:<br \/>\n3D druk\u0101taj\u0101 model\u012b ir par\u0101d\u012bta trahejas bifurk\u0101cija ar blakus eso\u0161ajiem paratrahe\u0101lajiem un peribronhi\u0101lajiem limfmezgliem. Traheja tika p\u0101rgriezta gari un redzama no aizmugures. Paratrahe\u0101lie limfmezgli ir sp\u012bd\u012bgi un kunku\u013caini (pielipu\u0161i) kop\u0101. L\u012bdz\u012bga patolo\u0123iska audu strukt\u016bra ir redzama k\u0101 vienm\u0113r\u012bgi b\u0101la masa trahejas kreisaj\u0101 pus\u0113, virs aortas arkas, ko \u0161\u0137\u0113rsgriezum\u0101 var redz\u0113t k\u0101 dobu telpu ar cilp\u0101m. Ar\u012b peribronhi\u0101lie limfmezgli ir palielin\u0101ti un tiem ir oglek\u013ca pigments. Apz\u012bm\u0113ti mazi, b\u0101li apgabali limfmezglos un ekstranod\u0101l\u0101 neoplazma ir nekrozes per\u0113k\u013ci. Aortas sien\u0101 ir ateroma, bet 3D model\u012b to ir gr\u016bti saskat\u012bt.<\/li>\n<li>Papildinform\u0101cija:<br \/>\nHod\u017ekina limfoma (HL) ir \u013caundab\u012bga limfoc\u012btu slim\u012bba. T\u0101s galven\u0101 iez\u012bme ir neoplastisku milzu \u0161\u016bnu, ko sauc par R\u012bda \u0160ternberga \u0161\u016bn\u0101m, kl\u0101tb\u016btne. Saska\u0146\u0101 ar Pasaules Vesel\u012bbas organiz\u0101cijas limfomu klasifik\u0101ciju, kas balst\u012bta uz morfolo\u0123iju, imunofenotipu un \u0123en\u0113tiku, ir 5 galvenie apak\u0161tipi. Transkripcijas faktora NF-kB aktiv\u0101cija ir izplat\u012bts audz\u0113ja veido\u0161an\u0101s ce\u013c\u0161 starp apak\u0161tipiem. Tas veicina prolifer\u0101ciju, samazina apoptozi un induc\u0113 citok\u012bnu ekspresiju, kas piesaista im\u016bn\u0101s \u0161\u016bnas, kuras HL gad\u012bjum\u0101 absorb\u0113 R\u012bda \u0160ternberga \u0161\u016bnas.<\/li>\n<\/ul>\n<h3>Hod\u017ekina limfomas 3D mode\u013ci \u2013 <a href=\"http:\/\/labostera.lt\/lv\/product-brand\/erler-zimmer-gmbh-co-kg\/\">Erlera-Zimmera anatomijas grupa<\/a><\/h3>\n<p>Vair\u0101k inform\u0101cijas: <a href=\"https:\/\/erler-zimmer.de\/shop\/en\/11397\" target=\"_blank\" rel=\"noopener nofollow\">ra\u017eot\u0101ja t\u012bmek\u013ca vietn\u0113<\/a> vai nos\u016btiet mums piepras\u012bjumu!<\/p>","protected":false},"excerpt":{"rendered":"<p>Erlera-Zimmera Hod\u017ekina limfomas 3D modelis \u2013 45 gadus vecs v\u012brietis v\u0113rs\u0101s pie \u0101rsta ar mezgli\u0146u kreisaj\u0101 supraklavikul\u0101raj\u0101 rajon\u0101.<\/p>","protected":false},"featured_media":19844,"template":"","meta":[],"product_cat":[75,79],"product_tag":[729,728,692,780,577,690],"class_list":{"0":"post-19842","1":"product","2":"type-product","3":"status-publish","4":"has-post-thumbnail","6":"product_brand-erler-zimmer-gmbh-co-kg","7":"product_cat-modeliai-manekenai-muliazai","8":"product_cat-mokymo-priemones-ir-iranga","9":"product_tag-3d-printed-models","10":"product_tag-3d-spausdinti-modeliai","11":"product_tag-erler-zimmer-gmbh-co-kg","12":"product_tag-hodzkino-limfomos-modeliai","13":"product_tag-modeliai","14":"product_tag-models","16":"first","17":"onbackorder","18":"shipping-taxable","19":"purchasable","20":"product-type-simple"},"_links":{"self":[{"href":"https:\/\/labostera.lt\/lv\/wp-json\/wp\/v2\/product\/19842","targetHints":{"allow":["GET"]}}],"collection":[{"href":"https:\/\/labostera.lt\/lv\/wp-json\/wp\/v2\/product"}],"about":[{"href":"https:\/\/labostera.lt\/lv\/wp-json\/wp\/v2\/types\/product"}],"wp:featuredmedia":[{"embeddable":true,"href":"https:\/\/labostera.lt\/lv\/wp-json\/wp\/v2\/media\/19844"}],"wp:attachment":[{"href":"https:\/\/labostera.lt\/lv\/wp-json\/wp\/v2\/media?parent=19842"}],"wp:term":[{"taxonomy":"product_cat","embeddable":true,"href":"https:\/\/labostera.lt\/lv\/wp-json\/wp\/v2\/product_cat?post=19842"},{"taxonomy":"product_tag","embeddable":true,"href":"https:\/\/labostera.lt\/lv\/wp-json\/wp\/v2\/product_tag?post=19842"}],"curies":[{"name":"wp","href":"https:\/\/api.w.org\/{rel}","templated":true}]}}