{"id":19839,"date":"2024-03-04T11:33:53","date_gmt":"2024-03-04T09:33:53","guid":{"rendered":"http:\/\/labostera.lt\/?post_type=product&#038;p=19839"},"modified":"2024-10-18T15:21:54","modified_gmt":"2024-10-18T12:21:54","slug":"lobarines-pneumonijos-3d-modelis-erler-zimmer-lobar-pneumonia-3d-printed-model-2","status":"publish","type":"product","link":"https:\/\/labostera.lt\/lv\/priemones-ir-iranga\/mokymo-priemones-ir-iranga\/modeliai-manekenai-muliazai\/lobarines-pneumonijos-3d-modelis-erler-zimmer-lobar-pneumonia-3d-printed-model-2\/","title":{"rendered":"Lobar pneimonijas 3D modelis Erler-Zimmer Lobar pneimonijas 3D druk\u0101ts modelis"},"content":{"rendered":"<h2><strong>Erler-Zimmer GmbH &amp; Co. KG Lob\u0101ras pneimonijas 3D modelis<\/strong>:<\/h2>\n<ul>\n<li>Mode\u013ca numurs: MP2061<\/li>\n<li>Kl\u012bnisk\u0101 v\u0113sture:<br \/>\n\u0160im prepar\u0101tam nav kl\u012bnisk\u0101s v\u0113stures.<\/li>\n<li>Patolo\u0123ija:<br \/>\nPrepar\u0101ts ir lab\u0101s plau\u0161as parasagit\u0101ls \u0161\u0137\u0113rsgriezums, un ir skaidri redzamas sirds kambaru aug\u0161\u0113j\u0101s un apak\u0161\u0113j\u0101s robe\u017eas. Viss aug\u0161\u0113jais kambaris ir p\u0101rpild\u012bts un pel\u0113c\u012bgs.<\/li>\n<li>Papildinform\u0101cija:<br \/>\n\u0160\u012b ir viena no lob\u0101ras pneimonijas stadij\u0101m, kur\u0101 iekaisuma eksud\u0101ts alveol\u0101raj\u0101 telp\u0101 izraisa konsolid\u0101ciju, kas ietekm\u0113 lielu un vienm\u0113r\u012bgu plau\u0161u kambara laukumu. \u0160aj\u0101 gad\u012bjum\u0101 skartaj\u0101 kambar\u012b ir redzama pel\u0113ka hepatiz\u0101cija vai v\u0113l\u012bna konsolid\u0101cija. Tas parasti notiek 2\u20133 dienas p\u0113c sarkan\u0101s hepatiz\u0101cijas un ilgst 4 l\u012bdz 8 dienas. Plau\u0161as izskat\u0101s pel\u0113kas, ar akn\u0101m l\u012bdz\u012bgu ciet\u012bbu fibrinostrulent\u0101 eksud\u0101ta, progres\u0113jo\u0161as sarkano asins\u0137ermen\u012b\u0161u sadal\u012b\u0161an\u0101s un hemosider\u012bna d\u0113\u013c. Interstici\u0101laj\u0101 da\u013c\u0101 s\u0101k par\u0101d\u012bties lielas makrof\u0101gu grupas. T\u0101s ir domin\u0113jo\u0161\u0101s \u0161\u016bnas, kas fagocitozes ce\u013c\u0101 m\u0113\u0123ina izvad\u012bt \u0161\u016bnu atliekas un ak\u016btu iekaisumu. Makrof\u0101gi var satur\u0113t dzelzs traipus eritroc\u012btu pat\u0113ri\u0146a d\u0113\u013c, t\u0101p\u0113c tos sauc par siderof\u0101giem. P\u0113c pel\u0113k\u0101s hepatiz\u0101cijas plau\u0161u arhitekt\u016bras atjauno\u0161ana s\u0101kas astotaj\u0101 dien\u0101. Enz\u012bmu darb\u012bba s\u0101kas centr\u0101laj\u0101 un \u0137\u012b\u013cveida virsm\u0101, sa\u0161\u0137idinot iepriek\u0161 cieto fibr\u012bna saturu un galu gal\u0101 atjaunojot ventil\u0101ciju.<\/li>\n<\/ul>\n<h3>Lobar\u0101s pneimonijas 3D mode\u013ci \u2013 <a href=\"http:\/\/labostera.lt\/lv\/product-brand\/erler-zimmer-gmbh-co-kg\/\">Erlera-Zimmera anatomijas grupa<\/a><\/h3>\n<p>Vair\u0101k inform\u0101cijas: <a href=\"https:\/\/erler-zimmer.de\/shop\/en\/11396\" target=\"_blank\" rel=\"noopener nofollow\">ra\u017eot\u0101ja t\u012bmek\u013ca vietn\u0113<\/a> vai nos\u016btiet mums piepras\u012bjumu!<\/p>","protected":false},"excerpt":{"rendered":"<p>Erlera-Zimmera lobar\u0101s pneimonijas 3D modelis \u2014 \u0161\u012b ir viena no lobar\u0101s pneimonijas stadij\u0101m.<\/p>","protected":false},"featured_media":19841,"template":"","meta":[],"product_cat":[75,79],"product_tag":[729,728,692,776,577,690],"class_list":{"0":"post-19839","1":"product","2":"type-product","3":"status-publish","4":"has-post-thumbnail","6":"product_brand-erler-zimmer-gmbh-co-kg","7":"product_cat-modeliai-manekenai-muliazai","8":"product_cat-mokymo-priemones-ir-iranga","9":"product_tag-3d-printed-models","10":"product_tag-3d-spausdinti-modeliai","11":"product_tag-erler-zimmer-gmbh-co-kg","12":"product_tag-lobarines-pneumonijos-modeliai","13":"product_tag-modeliai","14":"product_tag-models","16":"first","17":"onbackorder","18":"shipping-taxable","19":"purchasable","20":"product-type-simple"},"_links":{"self":[{"href":"https:\/\/labostera.lt\/lv\/wp-json\/wp\/v2\/product\/19839","targetHints":{"allow":["GET"]}}],"collection":[{"href":"https:\/\/labostera.lt\/lv\/wp-json\/wp\/v2\/product"}],"about":[{"href":"https:\/\/labostera.lt\/lv\/wp-json\/wp\/v2\/types\/product"}],"wp:featuredmedia":[{"embeddable":true,"href":"https:\/\/labostera.lt\/lv\/wp-json\/wp\/v2\/media\/19841"}],"wp:attachment":[{"href":"https:\/\/labostera.lt\/lv\/wp-json\/wp\/v2\/media?parent=19839"}],"wp:term":[{"taxonomy":"product_cat","embeddable":true,"href":"https:\/\/labostera.lt\/lv\/wp-json\/wp\/v2\/product_cat?post=19839"},{"taxonomy":"product_tag","embeddable":true,"href":"https:\/\/labostera.lt\/lv\/wp-json\/wp\/v2\/product_tag?post=19839"}],"curies":[{"name":"wp","href":"https:\/\/api.w.org\/{rel}","templated":true}]}}