{"id":19829,"date":"2024-03-04T09:00:10","date_gmt":"2024-03-04T07:00:10","guid":{"rendered":"http:\/\/labostera.lt\/?post_type=product&#038;p=19829"},"modified":"2024-10-18T15:21:56","modified_gmt":"2024-10-18T12:21:56","slug":"bronchopneumonijos-3d-modelis-erler-zimmer-bronchopneumonia-3d-printed-model","status":"publish","type":"product","link":"https:\/\/labostera.lt\/lv\/priemones-ir-iranga\/mokymo-priemones-ir-iranga\/modeliai-manekenai-muliazai\/bronchopneumonijos-3d-modelis-erler-zimmer-bronchopneumonia-3d-printed-model\/","title":{"rendered":"Bronhopneimonijas 3D modelis Erlera-Zimmera bronhopneimonijas 3D druk\u0101tais modelis"},"content":{"rendered":"<h2><strong>Erler-Zimmer GmbH &amp; Co. KG bronhopneimonijas 3D modelis<\/strong>:<\/h2>\n<ul>\n<li>Mode\u013ca numurs: MP2058<\/li>\n<li>Kl\u012bnisk\u0101 v\u0113sture:<br \/>\n\u0160im paraugam nav kl\u012bnisk\u0101s v\u0113stures.<\/li>\n<li>Patolo\u0123ija:<br \/>\nParaugs ir kreis\u0101s plau\u0161as parasagit\u0101la da\u013ca. Ir plankumaini re\u0123ioni ar fok\u0101l\u0101m konsolid\u0101cij\u0101m un kr\u0101sas izmai\u0146\u0101m, kas rodas no p\u0101rslogotiem un hiper\u0113miskiem plau\u0161u audiem, kas atrodas ab\u0101s daiv\u0101s; tom\u0113r aug\u0161\u0113j\u0101 daiva ir vair\u0101k skarta. \u0160\u0137iet, ka konsolid\u0101cija koncentr\u0113jas ap bronhiol\u0101m, kas ir papla\u0161in\u0101tas. Aug\u0161\u0113j\u0101s daivas (membr\u0101nas) virsma ir \u012bpa\u0161i pigment\u0113ta.<\/li>\n<li>Papildinform\u0101cija:<br \/>\nBronhopneimonija ir pneimonijas veids, kam rakstur\u012bgs iekaisuma eksud\u0101ts intraalveol\u0101raj\u0101 telp\u0101, izraisot konsolid\u0101ciju, kas skar lielu un past\u0101v\u012bgu plau\u0161u daivas kambara da\u013cu. \u0160\u012b ir viena no div\u0101m pneimonijas anatomisk\u0101s klasifik\u0101cijas form\u0101m (otra ir lobar pneimonija). \u0160aj\u0101 gad\u012bjum\u0101 skartaj\u0101s zon\u0101s nov\u0113ro klasisku fok\u0101lo sarkano hepatiz\u0101ciju vai konsolid\u0101ciju fok\u0101laj\u0101s zon\u0101s, ko izraisa asinsvadu sastr\u0113gums ar sarkano asins \u0161\u016bnu izpl\u016bdi alveol\u0101raj\u0101s telp\u0101s, ko pavada neitrofilu un fibr\u012bna skaita palielin\u0101\u0161an\u0101s. Gaisa maisi\u0146u piepild\u012b\u0161ana ar eksud\u0101tu izraisa alveol\u0101r\u0101s parenh\u012bmas saciet\u0113\u0161anas jeb konsolid\u0101cijas brut\u0101lu izskatu.<br \/>\nBronhopneimonija ir pneimonijas apak\u0161forma. Tas ir ak\u016bts bronhu iekaisums, ko pavada iekaisuma plankumi bronhos un peribronhi\u0101l\u0101s lobulas plau\u0161\u0101s. To bie\u017ei pretstata lob\u0101rai pneimonijai, ta\u010du \u0161\u012bs klasifik\u0101cijas ir gr\u016bti pielietot kl\u012bnik\u0101, jo mode\u013ci bie\u017ei p\u0101rkl\u0101jas. Bronhopneimonija (da\u017ereiz saukta par lobul\u0101ru) bie\u017ei izraisa lobaru pneimoniju, kur infekcija progres\u0113, skarot visu daivu. Viens un tas pats organisms vienam pacientam var izrais\u012bt viena veida pneimoniju, bet citam \u2014 citu. Iemesli<br \/>\nBronhopneimonija parasti ir bakteri\u0101la pneimonija, nevis v\u012brusu slim\u012bba, un bie\u017e\u0101k t\u0101 ir slimn\u012bc\u0101 ieg\u016bta pneimonija, nevis sadz\u012bv\u0113 ieg\u016bta pneimonija, sal\u012bdzinot ar lobaru pneimoniju.<\/li>\n<\/ul>\n<h3>Bronhopneimonijas 3D mode\u013ci \u2013 <a href=\"http:\/\/labostera.lt\/lv\/product-brand\/erler-zimmer-gmbh-co-kg\/\">Erlera-Zimmera anatomijas grupa<\/a><\/h3>\n<p>Vair\u0101k inform\u0101cijas: <a href=\"https:\/\/erler-zimmer.de\/shop\/en\/11393\" target=\"_blank\" rel=\"noopener nofollow\">ra\u017eot\u0101ja t\u012bmek\u013ca vietn\u0113<\/a> vai nos\u016btiet mums piepras\u012bjumu!<\/p>","protected":false},"excerpt":{"rendered":"<p>Erlera-Zimmera bronhopneimonijas 3D modelis \u2013 iekaisuma eksud\u0101ts intraalveol\u0101raj\u0101 telp\u0101.<\/p>","protected":false},"featured_media":19830,"template":"","meta":[],"product_cat":[75,79],"product_tag":[729,728,777,692,577,690],"class_list":{"0":"post-19829","1":"product","2":"type-product","3":"status-publish","4":"has-post-thumbnail","6":"product_brand-erler-zimmer-gmbh-co-kg","7":"product_cat-modeliai-manekenai-muliazai","8":"product_cat-mokymo-priemones-ir-iranga","9":"product_tag-3d-printed-models","10":"product_tag-3d-spausdinti-modeliai","11":"product_tag-bronchopneumonijos-modeliai","12":"product_tag-erler-zimmer-gmbh-co-kg","13":"product_tag-modeliai","14":"product_tag-models","16":"first","17":"onbackorder","18":"shipping-taxable","19":"purchasable","20":"product-type-simple"},"_links":{"self":[{"href":"https:\/\/labostera.lt\/lv\/wp-json\/wp\/v2\/product\/19829","targetHints":{"allow":["GET"]}}],"collection":[{"href":"https:\/\/labostera.lt\/lv\/wp-json\/wp\/v2\/product"}],"about":[{"href":"https:\/\/labostera.lt\/lv\/wp-json\/wp\/v2\/types\/product"}],"wp:featuredmedia":[{"embeddable":true,"href":"https:\/\/labostera.lt\/lv\/wp-json\/wp\/v2\/media\/19830"}],"wp:attachment":[{"href":"https:\/\/labostera.lt\/lv\/wp-json\/wp\/v2\/media?parent=19829"}],"wp:term":[{"taxonomy":"product_cat","embeddable":true,"href":"https:\/\/labostera.lt\/lv\/wp-json\/wp\/v2\/product_cat?post=19829"},{"taxonomy":"product_tag","embeddable":true,"href":"https:\/\/labostera.lt\/lv\/wp-json\/wp\/v2\/product_tag?post=19829"}],"curies":[{"name":"wp","href":"https:\/\/api.w.org\/{rel}","templated":true}]}}