{"id":19826,"date":"2024-03-01T15:02:01","date_gmt":"2024-03-01T13:02:01","guid":{"rendered":"http:\/\/labostera.lt\/?post_type=product&#038;p=19826"},"modified":"2024-10-18T15:21:57","modified_gmt":"2024-10-18T12:21:57","slug":"lobarines-pneumonijos-3d-modelis-erler-zimmer-lobar-pneumonia-3d-printed-model","status":"publish","type":"product","link":"https:\/\/labostera.lt\/lv\/priemones-ir-iranga\/mokymo-priemones-ir-iranga\/modeliai-manekenai-muliazai\/lobarines-pneumonijos-3d-modelis-erler-zimmer-lobar-pneumonia-3d-printed-model\/","title":{"rendered":"Lobar pneimonijas 3D modelis Erler-Zimmer Lobar pneimonijas 3D druk\u0101ts modelis"},"content":{"rendered":"<h2><strong>Erler-Zimmer GmbH &amp; Co. KG Lob\u0101ras pneimonijas 3D modelis<\/strong>:<\/h2>\n<ul>\n<li>Mode\u013ca numurs: MP2057<\/li>\n<li>Kl\u012bnisk\u0101 v\u0113sture:<br \/>\n\u0160im paraugam nav kl\u012bnisk\u0101s v\u0113stures.<\/li>\n<li>Patolo\u0123ija:<br \/>\nParaugs ir lab\u0101s plau\u0161as parasagit\u0101ls griezums, un ir redzamas tr\u012bs daivu robe\u017eas. Visas aug\u0161\u0113j\u0101s un vid\u0113j\u0101s daivas sirds kambari ir p\u0101rslogoti un hiper\u0113miski, k\u0101 rezult\u0101t\u0101 tie izskat\u0101s tum\u0161\u0101ki. Kreisaj\u0101 plau\u0161\u0101 ir maz\u0101ki plankumi.<\/li>\n<li>Papildinform\u0101cija:<br \/>\nLob\u0101r\u0101 pneimonija ir pneimonijas veids, kam rakstur\u012bga iekaisuma eksud\u0101ta kl\u0101tb\u016btne starpalveol\u0101raj\u0101 telp\u0101, izraisot konsolid\u0101ciju, kas skar lielu un past\u0101v\u012bgu plau\u0161u kambara da\u013cu. T\u0101 ir viena no div\u0101m pneimonijas anatomiskaj\u0101m klasifik\u0101cij\u0101m (otra ir bronhopneumonija). \u0160aj\u0101 gad\u012bjum\u0101 skartajam kambaram ir rakstur\u012bga klasiska sarkana &quot;hepatiz\u0101cija&quot; jeb plau\u0161u parenh\u012bmas konsolid\u0101cija, ko izraisa asinsvadu sastr\u0113gums ar sarkano asins \u0161\u016bnu izpl\u016b\u0161anu alveol\u0101raj\u0101s telp\u0101s, ko pavada neitrofilu un fibr\u012bna skaita palielin\u0101\u0161an\u0101s. Gaisa telpu piepild\u012b\u0161an\u0101s ar eksud\u0101tu izraisa alveol\u0101r\u0101s parenh\u012bmas saciet\u0113\u0161anas jeb konsolid\u0101cijas \u0101r\u0113ju izskatu. \u0160is sarkanais izskats ir sal\u012bdzin\u0101ms ar lobul\u0113to aknu virsmu, t\u0101p\u0113c ar\u012b termins &quot;hepatiz\u0101cija&quot;.<\/li>\n<\/ul>\n<h3>Lobar\u0101s pneimonijas 3D mode\u013ci \u2013 <a href=\"http:\/\/labostera.lt\/lv\/product-brand\/erler-zimmer-gmbh-co-kg\/\">Erlera-Zimmera anatomijas grupa<\/a><\/h3>\n<p>Vair\u0101k inform\u0101cijas: <a href=\"https:\/\/erler-zimmer.de\/shop\/en\/11392\" target=\"_blank\" rel=\"noopener nofollow\">ra\u017eot\u0101ja t\u012bmek\u013ca vietn\u0113<\/a> vai nos\u016btiet mums piepras\u012bjumu!<\/p>","protected":false},"excerpt":{"rendered":"<p>Erlera-Zimmera lob\u0101r\u0101s pneimonijas 3D modelis \u2013 pneimonijas veids, ko izraisa iekaisuma eksud\u0101ts plau\u0161u kambar\u012b.<\/p>","protected":false},"featured_media":19827,"template":"","meta":[],"product_cat":[75,79],"product_tag":[729,728,692,776,577,690],"class_list":{"0":"post-19826","1":"product","2":"type-product","3":"status-publish","4":"has-post-thumbnail","6":"product_brand-erler-zimmer-gmbh-co-kg","7":"product_cat-modeliai-manekenai-muliazai","8":"product_cat-mokymo-priemones-ir-iranga","9":"product_tag-3d-printed-models","10":"product_tag-3d-spausdinti-modeliai","11":"product_tag-erler-zimmer-gmbh-co-kg","12":"product_tag-lobarines-pneumonijos-modeliai","13":"product_tag-modeliai","14":"product_tag-models","16":"first","17":"onbackorder","18":"shipping-taxable","19":"purchasable","20":"product-type-simple"},"_links":{"self":[{"href":"https:\/\/labostera.lt\/lv\/wp-json\/wp\/v2\/product\/19826","targetHints":{"allow":["GET"]}}],"collection":[{"href":"https:\/\/labostera.lt\/lv\/wp-json\/wp\/v2\/product"}],"about":[{"href":"https:\/\/labostera.lt\/lv\/wp-json\/wp\/v2\/types\/product"}],"wp:featuredmedia":[{"embeddable":true,"href":"https:\/\/labostera.lt\/lv\/wp-json\/wp\/v2\/media\/19827"}],"wp:attachment":[{"href":"https:\/\/labostera.lt\/lv\/wp-json\/wp\/v2\/media?parent=19826"}],"wp:term":[{"taxonomy":"product_cat","embeddable":true,"href":"https:\/\/labostera.lt\/lv\/wp-json\/wp\/v2\/product_cat?post=19826"},{"taxonomy":"product_tag","embeddable":true,"href":"https:\/\/labostera.lt\/lv\/wp-json\/wp\/v2\/product_tag?post=19826"}],"curies":[{"name":"wp","href":"https:\/\/api.w.org\/{rel}","templated":true}]}}