{"id":19823,"date":"2024-03-01T14:31:00","date_gmt":"2024-03-01T12:31:00","guid":{"rendered":"http:\/\/labostera.lt\/?post_type=product&#038;p=19823"},"modified":"2024-10-18T15:21:57","modified_gmt":"2024-10-18T12:21:57","slug":"metastazavusios-karcinomos-3d-modelis-erler-zimmer-metastatic-carcinomaa-3d-printed-model","status":"publish","type":"product","link":"https:\/\/labostera.lt\/lv\/priemones-ir-iranga\/mokymo-priemones-ir-iranga\/modeliai-manekenai-muliazai\/metastazavusios-karcinomos-3d-modelis-erler-zimmer-metastatic-carcinomaa-3d-printed-model\/","title":{"rendered":"Metast\u0101tiskas karcinomas 3D modelis Erlera-Zimmera metast\u0101tiskas karcinomas 3D druk\u0101tais modelis"},"content":{"rendered":"<h2><strong>Erler-Zimmer GmbH &amp; Co. KG metast\u0101tiskas karcinomas 3D modelis<\/strong>:<\/h2>\n<ul>\n<li>Mode\u013ca numurs: MP2056<\/li>\n<li>Kl\u012bnisk\u0101 v\u0113sture:<br \/>\n\u0160\u012b 47 gadus vec\u0101 sieviete tika ievietota slimn\u012bc\u0101 ar termin\u0101lu karcinomatozi. Izmekl\u0113\u0161an\u0101 bija sataust\u0101mas aknas un masa labaj\u0101 iegurn\u012b. Vi\u0146a vair\u0101kus m\u0113ne\u0161us cieta no konstitucion\u0101liem simptomiem un beidzot mekl\u0113ja medic\u012bnisko pal\u012bdz\u012bbu. Vi\u0146a tika ievietota paliat\u012bv\u0101 apr\u016bp\u0113 un dr\u012bz p\u0113c tam nomira.<\/li>\n<li>Patolo\u0123ija:<br \/>\nKreis\u0101 plau\u0161a tiek p\u0101rgriezta gareniski, lai atsegtu griezuma virsmu. Plau\u0161u audos ir izkais\u012bti vair\u0101ki da\u017e\u0101da lieluma b\u0101li audz\u0113ja mezgli\u0146i. Vair\u0101ki mezgli sapl\u016bst pie plau\u0161u hiluma. B\u0101li audz\u0113ja audi ir atrodami plau\u0161u hil\u0101rajos limfmezglos. Zem biez\u0101 plau\u0161u alveolas ir redzami mazi audz\u0113ja mezgli\u0146i. Histolo\u0123iski tie bija metast\u0101tiska adenokarcinoma. P\u0113cn\u0101ves izmekl\u0113\u0161an\u0101 tika atkl\u0101ta oln\u012bcu adenokarcinoma ar metast\u0101z\u0113m plau\u0161\u0101s, sird\u012b, akn\u0101s un sirds garoz\u0101.<\/li>\n<li>Papildinform\u0101cija:<br \/>\nPlau\u0161u metast\u0101zes ir bie\u017e\u0101k sastopamas nek\u0101 prim\u0101rais plau\u0161u v\u0113zis. \u013baundab\u012bga slim\u012bba, kuras izcelsme ir jebkur\u0101 \u0137erme\u0146a viet\u0101, var izplat\u012bties plau\u0161\u0101s. Sarkomas visbie\u017e\u0101k metastaz\u0113jas caur asinsrites sist\u0113mu, savuk\u0101rt karcinomas izplat\u0101s vai nu caur asinsrites sist\u0113mu, vai limf\u0101tisko sist\u0113mu, vai ab\u0113j\u0101di.<\/li>\n<\/ul>\n<h3>Metast\u0101tiskas karcinomas 3D mode\u013ci \u2013 <a href=\"http:\/\/labostera.lt\/lv\/product-brand\/erler-zimmer-gmbh-co-kg\/\">Erlera-Zimmera anatomijas grupa<\/a><\/h3>\n<p>Vair\u0101k inform\u0101cijas: <a href=\"https:\/\/erler-zimmer.de\/shop\/en\/11391\" target=\"_blank\" rel=\"noopener nofollow\">ra\u017eot\u0101ja t\u012bmek\u013ca vietn\u0113<\/a> vai nos\u016btiet mums piepras\u012bjumu!<\/p>","protected":false},"excerpt":{"rendered":"<p>Erlera-Zimmera metast\u0101tisk\u0101s karcinomas 3D modelis \u2013 modelis, kas iedvesmots no termin\u0101las karcinomatozes.<\/p>","protected":false},"featured_media":19824,"template":"","meta":[],"product_cat":[75,79],"product_tag":[729,728,692,757,577,690],"class_list":{"0":"post-19823","1":"product","2":"type-product","3":"status-publish","4":"has-post-thumbnail","6":"product_brand-erler-zimmer-gmbh-co-kg","7":"product_cat-modeliai-manekenai-muliazai","8":"product_cat-mokymo-priemones-ir-iranga","9":"product_tag-3d-printed-models","10":"product_tag-3d-spausdinti-modeliai","11":"product_tag-erler-zimmer-gmbh-co-kg","12":"product_tag-metastazavusios-karcinomos-modeliai","13":"product_tag-modeliai","14":"product_tag-models","16":"first","17":"onbackorder","18":"shipping-taxable","19":"purchasable","20":"product-type-simple"},"_links":{"self":[{"href":"https:\/\/labostera.lt\/lv\/wp-json\/wp\/v2\/product\/19823","targetHints":{"allow":["GET"]}}],"collection":[{"href":"https:\/\/labostera.lt\/lv\/wp-json\/wp\/v2\/product"}],"about":[{"href":"https:\/\/labostera.lt\/lv\/wp-json\/wp\/v2\/types\/product"}],"wp:featuredmedia":[{"embeddable":true,"href":"https:\/\/labostera.lt\/lv\/wp-json\/wp\/v2\/media\/19824"}],"wp:attachment":[{"href":"https:\/\/labostera.lt\/lv\/wp-json\/wp\/v2\/media?parent=19823"}],"wp:term":[{"taxonomy":"product_cat","embeddable":true,"href":"https:\/\/labostera.lt\/lv\/wp-json\/wp\/v2\/product_cat?post=19823"},{"taxonomy":"product_tag","embeddable":true,"href":"https:\/\/labostera.lt\/lv\/wp-json\/wp\/v2\/product_tag?post=19823"}],"curies":[{"name":"wp","href":"https:\/\/api.w.org\/{rel}","templated":true}]}}