{"id":19820,"date":"2024-03-01T14:10:35","date_gmt":"2024-03-01T12:10:35","guid":{"rendered":"http:\/\/labostera.lt\/?post_type=product&#038;p=19820"},"modified":"2024-10-18T15:21:58","modified_gmt":"2024-10-18T12:21:58","slug":"metastazaves-navikas-plauciuose-3d-modelis-erler-zimmer-metastatic-tumour-in-lung-3d-printed-model","status":"publish","type":"product","link":"https:\/\/labostera.lt\/lv\/priemones-ir-iranga\/mokymo-priemones-ir-iranga\/modeliai-manekenai-muliazai\/metastazaves-navikas-plauciuose-3d-modelis-erler-zimmer-metastatic-tumour-in-lung-3d-printed-model\/","title":{"rendered":"Metast\u0101tisks plau\u0161u audz\u0113js, 3D modelis. Erlera-Zimmera metast\u0101tisks plau\u0161u audz\u0113js, 3D druk\u0101ts modelis."},"content":{"rendered":"<h2><strong>Erler-Zimmer GmbH &amp; Co. KG metast\u0101tiska audz\u0113ja plau\u0161u 3D model\u012b<\/strong>:<\/h2>\n<ul>\n<li>Mode\u013ca numurs: MP2055<\/li>\n<li>Kl\u012bnisk\u0101 v\u0113sture:<br \/>\n37 gadus vecs v\u012brietis v\u0113r\u0161as pie \u0101rsta ar vienu m\u0113nesi ilgu letar\u0123iju, klepu un svara zudumu. Vi\u0146am iepriek\u0161 pirms 18 m\u0113ne\u0161iem bija veikta orhidektomija s\u0113klinieku audz\u0113ja d\u0113\u013c. P\u0113c tam 12 m\u0113ne\u0161us p\u0113c oper\u0101cijas vi\u0146am tika veikta staru terapija kakla rajon\u0101, lai \u0101rst\u0113tu metast\u0101zes. Ierodoties, vi\u0146am p\u0113k\u0161\u0146i tr\u016bka elpas un bija hipoksija, un vi\u0146\u0161 nomira.<\/li>\n<li>Patolo\u0123ija:<br \/>\n\u0160is lab\u0101s plau\u0161as paraugs (un 4 ribu gabali) tiek p\u0101rgriezts gareniski. Plau\u0161u parenh\u012bm\u0101 nov\u0113rojami daudzi apa\u013ci audz\u0113ja mezgli\u0146i, kuru diametrs sv\u0101rst\u0101s no 5 l\u012bdz 30 mm. Audz\u0113ji ir da\u017e\u0101dos to\u0146os, ar gai\u0161i dzelten\u0101m un tum\u0161i br\u016bn\u0101m griezuma virsm\u0101m. Viens audz\u0113js izplat\u0101s pa apak\u0161\u0113j\u0101s daivas bronhiem, veidojot \u0123ipsi. No pleiras virsmas izvirz\u012bti vair\u0101ki mezgli\u0146i, un da\u017eiem ir nov\u0113rojamas centr\u0101l\u0101s dislok\u0101cijas virsmas nekrozes un asi\u0146o\u0161anas d\u0113\u013c. \u0160is ir jaukta dzimum\u0161\u016bnu audz\u0113ja, visticam\u0101k, horiokarcinomas, plau\u0161u metast\u0101\u017eu piem\u0113rs, kas rodas no \u013caundab\u012bga teratomas.<\/li>\n<li>Papildinform\u0101cija:<br \/>\nDziedzeru \u0161\u016bnu audz\u0113ji (GCT) ir visbie\u017e\u0101k sastopamie audz\u0113ji v\u012brie\u0161iem. Vid\u0113jais diagnozes vecums ir 30 gadi, un to \u013coti reti diagnostic\u0113 pirms pubert\u0101tes. Ar att\u012bst\u012bbu saist\u012btie riska faktori ir kriptorhidisms un pozit\u012bva GCT \u0123imenes anamn\u0113ze. Paaugstin\u0101ts \u0123imenes GCT riska faktors var b\u016bt saist\u012bts ar g\u0113niem, kas kod\u0113 kin\u0101zes, piem\u0113ram, KIT un BAK. T\u0101s var iedal\u012bt div\u0101s grup\u0101s: seminomatoz\u0101s (l\u012bdz\u012bgas s\u0113klinieku cilmes \u0161\u016bn\u0101m) un neseminomatoz\u0101s (l\u012bdz\u012bgas embrion\u0101laj\u0101m cilmes \u0161\u016bn\u0101m). Vair\u0101k nek\u0101 tre\u0161da\u013ca GCT ir jaukti GCT, kas satur divus vai vair\u0101kus GCT veidus vien\u0101 mas\u0101. Ir iesp\u0113jamas vair\u0101kas seminomas, teratomas, embrion\u0101l\u0101s karcinomas, dzelten\u0101 oln\u012bcu audz\u0113ja un horiokarcinomas kombin\u0101cijas. Teratomas komponenti ir atrodami vien\u0101 tre\u0161da\u013c\u0101 jauktu GCT. Horiokarcinomas izraisa paaugstin\u0101tu alfa-fetoprote\u012bna un beta-hCG l\u012bmeni serum\u0101. Limf\u0101tisk\u0101 izplat\u012bba s\u0101kotn\u0113ji ietver retroperitone\u0101los parano\u012bdos limfmezglus. V\u0113l\u0101k var tikt ietekm\u0113ti mediast\u012bna un supraclavikul\u0101rie mezgli. Plau\u0161as ir visizplat\u012bt\u0101k\u0101 hematog\u0113n\u0101s izplat\u012b\u0161an\u0101s vieta, bet var tikt ietekm\u0113tas aknas, smadzenes vai kauli. Simptomi var b\u016bt nev\u0113\u017ea s\u0113klinieku masa un hematospermija. Var rasties v\u0113l\u012bni dist\u0101lo metast\u0101\u017eu simptomi. Bie\u017ei sastopami plau\u0161u metast\u0101\u017eu simptomi ir klepus, elpas tr\u016bkums, hemopt\u012bze un atk\u0101rtota infekcija.<br \/>\n\u0100rst\u0113\u0161ana ir atkar\u012bga no kl\u012bnisk\u0101s stadijas, bet parasti ietver radik\u0101lu orhidektomiju, \u0137\u012bmijterapiju un da\u017ereiz staru terapiju. Var iz\u0101rst\u0113t vair\u0101k nek\u0101 95% agr\u012bn\u0101s stadijas GCT.<\/li>\n<\/ul>\n<h3>Metast\u0101tiska audz\u0113ja plau\u0161\u0101s 3D mode\u013ci \u2013 <a href=\"http:\/\/labostera.lt\/lv\/product-brand\/erler-zimmer-gmbh-co-kg\/\">Erlera-Zimmera anatomijas grupa<\/a><\/h3>\n<p>Vair\u0101k inform\u0101cijas: <a href=\"https:\/\/erler-zimmer.de\/shop\/en\/11390\" target=\"_blank\" rel=\"noopener nofollow\">ra\u017eot\u0101ja t\u012bmek\u013ca vietn\u0113<\/a> vai nos\u016btiet mums piepras\u012bjumu!<\/p>","protected":false},"excerpt":{"rendered":"<p>Metast\u0101tiska plau\u0161u audz\u0113ja 3D modelis \u2013 detaliz\u0113ts metast\u0101tiska plau\u0161u audz\u0113ja modelis.<\/p>","protected":false},"featured_media":19821,"template":"","meta":[],"product_cat":[75,79],"product_tag":[729,728,692,775,577,690],"class_list":{"0":"post-19820","1":"product","2":"type-product","3":"status-publish","4":"has-post-thumbnail","6":"product_brand-erler-zimmer-gmbh-co-kg","7":"product_cat-modeliai-manekenai-muliazai","8":"product_cat-mokymo-priemones-ir-iranga","9":"product_tag-3d-printed-models","10":"product_tag-3d-spausdinti-modeliai","11":"product_tag-erler-zimmer-gmbh-co-kg","12":"product_tag-metastazaves-navikas-plauciuose-modeliai","13":"product_tag-modeliai","14":"product_tag-models","16":"first","17":"onbackorder","18":"shipping-taxable","19":"purchasable","20":"product-type-simple"},"_links":{"self":[{"href":"https:\/\/labostera.lt\/lv\/wp-json\/wp\/v2\/product\/19820","targetHints":{"allow":["GET"]}}],"collection":[{"href":"https:\/\/labostera.lt\/lv\/wp-json\/wp\/v2\/product"}],"about":[{"href":"https:\/\/labostera.lt\/lv\/wp-json\/wp\/v2\/types\/product"}],"wp:featuredmedia":[{"embeddable":true,"href":"https:\/\/labostera.lt\/lv\/wp-json\/wp\/v2\/media\/19821"}],"wp:attachment":[{"href":"https:\/\/labostera.lt\/lv\/wp-json\/wp\/v2\/media?parent=19820"}],"wp:term":[{"taxonomy":"product_cat","embeddable":true,"href":"https:\/\/labostera.lt\/lv\/wp-json\/wp\/v2\/product_cat?post=19820"},{"taxonomy":"product_tag","embeddable":true,"href":"https:\/\/labostera.lt\/lv\/wp-json\/wp\/v2\/product_tag?post=19820"}],"curies":[{"name":"wp","href":"https:\/\/api.w.org\/{rel}","templated":true}]}}