{"id":19816,"date":"2024-03-01T13:46:52","date_gmt":"2024-03-01T11:46:52","guid":{"rendered":"http:\/\/labostera.lt\/?post_type=product&#038;p=19816"},"modified":"2024-10-18T15:21:59","modified_gmt":"2024-10-18T12:21:59","slug":"fibrokazines-tuberkuliozes-3d-modelis-erler-zimmer-fibrocaseous-tuberculosis-3d-printed-model","status":"publish","type":"product","link":"https:\/\/labostera.lt\/lv\/priemones-ir-iranga\/mokymo-priemones-ir-iranga\/modeliai-manekenai-muliazai\/fibrokazines-tuberkuliozes-3d-modelis-erler-zimmer-fibrocaseous-tuberculosis-3d-printed-model\/","title":{"rendered":"Fibrocazeoz\u0101s tuberkulozes 3D modelis Erlera-Zimmera fibrocazeoz\u0101s tuberkulozes 3D druk\u0101tais modelis"},"content":{"rendered":"<h2><strong>Erler-Zimmer GmbH &amp; Co. KG fibrocazeoz\u0101s tuberkulozes 3D modelis<\/strong>:<\/h2>\n<ul>\n<li>Mode\u013ca numurs: MP2054<\/li>\n<li>Kl\u012bnisk\u0101 v\u0113sture:<br \/>\n89 gadus vecs v\u012brietis v\u0113rs\u0101s pie \u0101rsta ar smagu hemopt\u012bzes epizodi. Vi\u0146am ir diab\u0113ta un im\u016bnsupresijas anamn\u0113ze, kas radusies reimato\u012bd\u0101 artr\u012bta stero\u012bdu terapijas rezult\u0101t\u0101. Papildu anamn\u0113ze atkl\u0101ja ilgu klepus, hemopt\u012bzes, drud\u017ea un svara zuduma anamn\u0113zi. Izmekl\u0113\u0161an\u0101 vi\u0146am tika konstat\u0113ta kaheksija, hipoksija un krepit\u0101cijas, kas aptver visu kreiso plau\u0161u. Kr\u016b\u0161kurvja rentgenogramm\u0101 kreisaj\u0101 plau\u0161\u0101 redzamas vair\u0101kas kavit\u0101cijas dilat\u0101cijas. V\u0113l\u0101k vi\u0146am atkal bija smaga hemopt\u012bze, un vi\u0146\u0161 nomira.<\/li>\n<li>Patolo\u0123ija:<br \/>\nKreis\u0101 plau\u0161a tiek p\u0101rgriezta gareniski, lai atsegtu griezuma virsmu. Aug\u0161\u0113jo daivu gandr\u012bz piln\u012bb\u0101 aizst\u0101j vair\u0101kas lielas neregul\u0101ras dobuma da\u013cas, kas izkl\u0101tas ar nekrotisku detr\u012btu un \u0161\u0137iedru materi\u0101lu. Aug\u0161\u0113j\u0101 dobum\u0101 ir redzami asinsvadi, un ir asi\u0146o\u0161anas paz\u012bmes. Apak\u0161\u0113j\u0101 daiv\u0101 ir vair\u0101kas maz\u0101kas fibrotiskas kaze\u0101cijas zonas, no kur\u0101m da\u017eas ir atdal\u012b\u0161an\u0101s. Vid\u0113jie plau\u0161u audi ir r\u0113ti. Pleira ir sabiez\u0113jusi. \u0160\u012b ir fibrocazeoza tuberkuloze ar kavit\u0101ciju.<\/li>\n<li>Papildinform\u0101cija:<br \/>\nTuberkuloze (TB) ir hroniska plau\u0161u un sist\u0113miska infekcijas slim\u012bba, ko izraisa Mycobacterium tuberculosis. P\u0101rne\u0161ana visbie\u017e\u0101k notiek, ieelpojot aerosola pilienus, kas satur M. tuberculosis. Tuberkulozes att\u012bst\u012bbas riska faktori ir dz\u012bvo\u0161ana jaunatt\u012bst\u012bbas valst\u012b, kur slim\u012bba var b\u016bt end\u0113miska, im\u016bnsupresija (piem\u0113ram, HIV, stero\u012bdu lieto\u0161ana, anti-TNF lieto\u0161ana un diab\u0113ts), hroniskas plau\u0161u slim\u012bbas (piem\u0113ram, silikoze), alkoholisms un nepietiekams uzturs. P\u0113c s\u0101kotn\u0113j\u0101s M. tuberculosis plau\u0161u infekcijas kl\u012bnisk\u0101 aina ir main\u012bga. 90% indiv\u012bdiem ar apdraud\u0113tu im\u016bnsist\u0113mu iest\u0101j\u0101s asimptom\u0101tiska latentas infekcijas stadija. \u0160\u012b latent\u0101 tuberkuloze var atk\u0101rtoti aktiviz\u0113ties jebkur\u0101 laik\u0101 pacienta dz\u012bves laik\u0101. Citiem 10% pacientiem, \u012bpa\u0161i tiem, kuriem ir im\u016bnsupresija, att\u012bst\u0101s prim\u0101r\u0101 slim\u012bba, kas ir t\u016bl\u012bt\u0113ja akt\u012bva M. tuberculosis infekcija. Prim\u0101r\u0101s tuberkulozes izpausmes ir plau\u0161u infekcijas simptomi (piem\u0113ram, konsolid\u0101cija, izsv\u012bdums un hil\u0101ru adenop\u0101tija) un ekstrapulmon\u0101li simptomi, tostarp limfadenop\u0101tiju, mening\u012btu un disemin\u0113tu mili\u0101ru tuberkulozi.<br \/>\nSekund\u0101r\u0101 tuberkuloze rodas, kad iepriek\u0161 latenta tuberkulozes infekcija atk\u0101rtoti aktiviz\u0113jas. Latent\u0101s tuberkulozes reaktiv\u0101cija parasti notiek ap 10%, parasti nov\u0101jin\u0101tas saimnieka imunit\u0101tes periodos. Reaktiv\u0101cijas simptomi ir klepus, hemopt\u012bze bez ierast\u0101 drud\u017ea, nakts sv\u012b\u0161ana un svara zudums.<br \/>\nIm\u016bnsist\u0113mas reakcija pret tuberkulozi notiek caur TH1 \u0161\u016bn\u0101m, kas stimul\u0113 alveolu makrof\u0101gus uzbrukt mikobakt\u0113rij\u0101m. \u0160ie makrof\u0101gi ieskauj infekciju, veidojot &quot;granulomu&quot; ar centr\u0101lu fibrotisku nekrozi.<br \/>\nSekund\u0101r\u0101 plau\u0161u tuberkuloze var sadz\u012bt ar r\u0113t\u0101m vai progres\u0113t, k\u0101 \u0161aj\u0101 gad\u012bjum\u0101. Progres\u0113jo\u0161as plau\u0161u tuberkulozes gad\u012bjum\u0101 j\u016bs redz\u0113siet infic\u0113t\u0101 per\u0113k\u013ca eroziju un izplat\u012b\u0161anos blakus eso\u0161aj\u0101 plau\u0161u parenh\u012bm\u0101. Tas izraisa centr\u0101lo dobumu evaku\u0101ciju, kas noved pie \u0161\u0137iedru kavit\u0101cijas par\u0101d\u012b\u0161an\u0101s. Asinsvadu erozija var izrais\u012bt hemopt\u012bzi. P\u0113c tuberkulozes \u0101rst\u0113\u0161anas audi sadz\u012bst ar fibrozi, bet plau\u0161u arhitekt\u016bra netiek atjaunota.<\/p>\n<p>TB diagnozi parasti nosaka, izmantojot kl\u012bnisko anamn\u0113zi un kr\u016b\u0161kurvja rentgenu, k\u0101 ar\u012b vair\u0101kas kr\u0113pu kult\u016bras. Infekcijas noteik\u0161anai var izmantot ar\u012b Mantoux \u0101das tuberkul\u012bna testu un seruma interferona gamma izdal\u012b\u0161an\u0101s testu. Lai preciz\u0113tu diagnozi, no aizdom\u012bg\u0101s vietas var \u0146emt uztriepi. \u0100rst\u0113\u0161ana ietver ilgsto\u0161us antibiotiku kursus atkar\u012bb\u0101 no infic\u0113jo\u0161o mikobakt\u0113riju rezistences pret antibiotik\u0101m.<\/li>\n<\/ul>\n<h3>Fibrocazeoz\u0101s tuberkulozes 3D mode\u013ci \u2013 <a href=\"http:\/\/labostera.lt\/lv\/product-brand\/erler-zimmer-gmbh-co-kg\/\">Erlera-Zimmera anatomijas grupa<\/a><\/h3>\n<p>Vair\u0101k inform\u0101cijas: <a href=\"https:\/\/erler-zimmer.de\/shop\/en\/11389\" target=\"_blank\" rel=\"noopener nofollow\">ra\u017eot\u0101ja t\u012bmek\u013ca vietn\u0113<\/a> vai nos\u016btiet mums piepras\u012bjumu!<\/p>","protected":false},"excerpt":{"rendered":"<p>Erlera-Zimmera fibrocazeoz\u0101s tuberkulozes 3D modelis \u2013 visaptvero\u0161s fibrocazeoz\u0101s tuberkulozes mode\u013ca p\u0101rskats.<\/p>","protected":false},"featured_media":19817,"template":"","meta":[],"product_cat":[75,79],"product_tag":[729,728,692,774,577,690],"class_list":{"0":"post-19816","1":"product","2":"type-product","3":"status-publish","4":"has-post-thumbnail","6":"product_brand-erler-zimmer-gmbh-co-kg","7":"product_cat-modeliai-manekenai-muliazai","8":"product_cat-mokymo-priemones-ir-iranga","9":"product_tag-3d-printed-models","10":"product_tag-3d-spausdinti-modeliai","11":"product_tag-erler-zimmer-gmbh-co-kg","12":"product_tag-fibrokazines-tuberkuliozes-modeliai","13":"product_tag-modeliai","14":"product_tag-models","16":"first","17":"onbackorder","18":"shipping-taxable","19":"purchasable","20":"product-type-simple"},"_links":{"self":[{"href":"https:\/\/labostera.lt\/lv\/wp-json\/wp\/v2\/product\/19816","targetHints":{"allow":["GET"]}}],"collection":[{"href":"https:\/\/labostera.lt\/lv\/wp-json\/wp\/v2\/product"}],"about":[{"href":"https:\/\/labostera.lt\/lv\/wp-json\/wp\/v2\/types\/product"}],"wp:featuredmedia":[{"embeddable":true,"href":"https:\/\/labostera.lt\/lv\/wp-json\/wp\/v2\/media\/19817"}],"wp:attachment":[{"href":"https:\/\/labostera.lt\/lv\/wp-json\/wp\/v2\/media?parent=19816"}],"wp:term":[{"taxonomy":"product_cat","embeddable":true,"href":"https:\/\/labostera.lt\/lv\/wp-json\/wp\/v2\/product_cat?post=19816"},{"taxonomy":"product_tag","embeddable":true,"href":"https:\/\/labostera.lt\/lv\/wp-json\/wp\/v2\/product_tag?post=19816"}],"curies":[{"name":"wp","href":"https:\/\/api.w.org\/{rel}","templated":true}]}}