{"id":19813,"date":"2024-03-01T13:02:04","date_gmt":"2024-03-01T11:02:04","guid":{"rendered":"http:\/\/labostera.lt\/?post_type=product&#038;p=19813"},"modified":"2024-10-18T15:22:00","modified_gmt":"2024-10-18T12:22:00","slug":"ikveptas-svetimkunis-trachejoje-3d-modelis-erler-zimmer-inhaled-foreign-body-in-trachea-3d-printed-model","status":"publish","type":"product","link":"https:\/\/labostera.lt\/lv\/priemones-ir-iranga\/mokymo-priemones-ir-iranga\/modeliai-manekenai-muliazai\/ikveptas-svetimkunis-trachejoje-3d-modelis-erler-zimmer-inhaled-foreign-body-in-trachea-3d-printed-model\/","title":{"rendered":"Erlera-Zimmera ieelpot\u0101 sve\u0161\u0137erme\u0146a trahejas 3D druk\u0101tais modelis"},"content":{"rendered":"<h2><strong>Erler-Zimmer GmbH &amp; Co. KG iedvesmots sve\u0161\u0137ermenis trahejas 3D model\u012b<\/strong>:<\/h2>\n<ul>\n<li>Mode\u013ca numurs: MP2053<\/li>\n<li>Kl\u012bnisk\u0101 v\u0113sture:<br \/>\n57 gadus vecs v\u012brietis v\u0113rs\u0101s pie \u0101rsta ar 3 ned\u0113\u013cas ilgu klepu un pleir\u012btisk\u0101m s\u0101p\u0113m kreisaj\u0101 pus\u0113 kr\u016bt\u012bs. Kr\u016b\u0161kurvja rentgenogramm\u0101 bija redzama kreis\u0101 aug\u0161\u0113j\u0101 kambara kontrakcija ar lielu kreis\u0101s puses hemiplegisku izsv\u012bdumu. Pleirod\u0113ze no pleiras dobuma iz\u0146\u0113ma t\u012bras strutas. Neskatoties uz pleiras dren\u0101\u017eu un antibiotiku terapiju, vi\u0146\u0161 v\u0113l\u0101k nomira.<\/li>\n<li>Patolo\u0123ija:<br \/>\n\u0160aj\u0101 att\u0113l\u0101 redzama apak\u0161\u0113j\u0101 traheja un galvenie bronhi. Tie tika p\u0101rgriezti, un kreis\u0101 aug\u0161\u0113j\u0101 kambara tika p\u0101rgriezta, lai atsegtu griezumu. Kreis\u0101 aug\u0161\u0113j\u0101 kambara bronha izcelsm\u0113 bija iespr\u016bdis sve\u0161\u0137ermenis \u2013 ieelpots tru\u0161a skriemelis! Obstrukcija izrais\u012bja aug\u0161\u0113j\u0101 kambara sarau\u0161anos, att\u012bst\u012bj\u0101s pneimonija, un pleiras virsma bija p\u0101rkl\u0101ta ar fibr\u012bna eksud\u0101tu. Tas ir ieelpots sve\u0161\u0137ermenis, kas saist\u012bts ar kreis\u0101 aug\u0161\u0113j\u0101 kambara kontrakciju, pneimonijas konsolid\u0101ciju un pleiras izsv\u012bdumu.<\/li>\n<li>Papildinform\u0101cija:<br \/>\nSve\u0161\u0137erme\u0146a aspir\u0101cija jeb sve\u0161\u0137erme\u0146a aspir\u0101cija (FBA) rodas, ja sve\u0161\u0137ermenis tiek ieelpots elpce\u013cos, izraisot da\u013c\u0113ju vai piln\u012bgu elpce\u013cu obstrukciju. Tas var b\u016bt potenci\u0101li let\u0101ls. Tas ir bie\u017e\u0101k sastopams b\u0113rniem nek\u0101 pieaugu\u0161ajiem. Tas ir viens no galvenajiem nejau\u0161as n\u0101ves c\u0113lo\u0146iem vis\u0101 pasaul\u0113. FBA rada visliel\u0101ko n\u0101ves risku pacientiem, kas jaun\u0101ki par 1 gadu, un pacientiem, kas vec\u0101ki par 75 gadiem.<br \/>\nSve\u0161\u0137erme\u0146a aspir\u0101cijas riska faktori pieaugu\u0161ajiem ir pazemin\u0101ts apzi\u0146as l\u012bmenis, narkotiku vai alkohola intoksik\u0101cija vai analg\u0113zija. Gados vec\u0101kiem cilv\u0113kiem papildu riska faktori ir medikamentu lieto\u0161ana (kas trauc\u0113 runu un komunik\u0101ciju), insulta izrais\u012bta disf\u0101gija un de\u0123enerat\u012bvas neirolo\u0123iskas slim\u012bbas, piem\u0113ram, Alcheimera vai Parkinsona slim\u012bba. Pieaugu\u0161ajiem visbie\u017e\u0101k ieelpotie sve\u0161\u0137erme\u0146i ir neorganiski priek\u0161meti (piem\u0113ram, \u0113rk\u0161\u0137i, adatas, zobu aplikums) un organiski materi\u0101li (piem\u0113ram, kauli, nepareizi sako\u0161\u013c\u0101ta ga\u013ca un arb\u016bzu s\u0113klas). Simptomi izpausmes br\u012bd\u012b at\u0161\u0137iras atkar\u012bb\u0101 no elpce\u013cu obstrukcijas pak\u0101pes. Liels aizsprostojums var izpausties k\u0101 aizr\u012b\u0161an\u0101s vai p\u0113k\u0161\u0146a nosmak\u0161ana. Maz\u0101ki sve\u0161\u0137erme\u0146i var izpausties ar m\u0101n\u012bg\u0101kiem simptomiem, piem\u0113ram, klepu, elpas tr\u016bkumu, drudzi, s\u0101p\u0113m kr\u016bt\u012bs un hemopt\u012bzi. Elpce\u013cu sa\u0161aurin\u0101\u0161an\u0101s aiz sve\u0161\u0137erme\u0146a noved\u012bs pie infekcijas. \u0100rst\u0113\u0161ana ietver sve\u0161\u0137erme\u0146a iz\u0146em\u0161anu ar bronhoskopijas vai neatliekamas traheostomijas pal\u012bdz\u012bbu.<\/li>\n<\/ul>\n<h3>Ieelpots sve\u0161\u0137ermenis trahejas 3D mode\u013cos \u2013 <a href=\"http:\/\/labostera.lt\/lv\/product-brand\/erler-zimmer-gmbh-co-kg\/\">Erlera-Zimmera anatomijas grupa<\/a><\/h3>\n<p>Vair\u0101k inform\u0101cijas: <a href=\"https:\/\/erler-zimmer.de\/shop\/en\/11388\" target=\"_blank\" rel=\"noopener nofollow\">ra\u017eot\u0101ja t\u012bmek\u013ca vietn\u0113<\/a> vai nos\u016btiet mums piepras\u012bjumu!<\/p>","protected":false},"excerpt":{"rendered":"<p>Erlera-Zimmera ieelpas sve\u0161\u0137erme\u0146a trahejas 3D modelis \u2013 detaliz\u0113ts trahejas sve\u0161\u0137erme\u0146a mode\u013ca p\u0101rskats.<\/p>","protected":false},"featured_media":19814,"template":"","meta":[],"product_cat":[75,79],"product_tag":[729,728,692,773,577,690],"class_list":{"0":"post-19813","1":"product","2":"type-product","3":"status-publish","4":"has-post-thumbnail","6":"product_brand-erler-zimmer-gmbh-co-kg","7":"product_cat-modeliai-manekenai-muliazai","8":"product_cat-mokymo-priemones-ir-iranga","9":"product_tag-3d-printed-models","10":"product_tag-3d-spausdinti-modeliai","11":"product_tag-erler-zimmer-gmbh-co-kg","12":"product_tag-ikveptas-svetimkunis-trachejoje-modeliai","13":"product_tag-modeliai","14":"product_tag-models","16":"first","17":"onbackorder","18":"shipping-taxable","19":"purchasable","20":"product-type-simple"},"_links":{"self":[{"href":"https:\/\/labostera.lt\/lv\/wp-json\/wp\/v2\/product\/19813","targetHints":{"allow":["GET"]}}],"collection":[{"href":"https:\/\/labostera.lt\/lv\/wp-json\/wp\/v2\/product"}],"about":[{"href":"https:\/\/labostera.lt\/lv\/wp-json\/wp\/v2\/types\/product"}],"wp:featuredmedia":[{"embeddable":true,"href":"https:\/\/labostera.lt\/lv\/wp-json\/wp\/v2\/media\/19814"}],"wp:attachment":[{"href":"https:\/\/labostera.lt\/lv\/wp-json\/wp\/v2\/media?parent=19813"}],"wp:term":[{"taxonomy":"product_cat","embeddable":true,"href":"https:\/\/labostera.lt\/lv\/wp-json\/wp\/v2\/product_cat?post=19813"},{"taxonomy":"product_tag","embeddable":true,"href":"https:\/\/labostera.lt\/lv\/wp-json\/wp\/v2\/product_tag?post=19813"}],"curies":[{"name":"wp","href":"https:\/\/api.w.org\/{rel}","templated":true}]}}