{"id":19810,"date":"2024-03-01T11:40:21","date_gmt":"2024-03-01T09:40:21","guid":{"rendered":"http:\/\/labostera.lt\/?post_type=product&#038;p=19810"},"modified":"2024-10-18T15:22:01","modified_gmt":"2024-10-18T12:22:01","slug":"pyriform-fossa-karcinomos-3d-modelis-erler-zimmer-carcinoma-of-pyriform-fossa-3d-printed-model","status":"publish","type":"product","link":"https:\/\/labostera.lt\/lv\/priemones-ir-iranga\/mokymo-priemones-ir-iranga\/modeliai-manekenai-muliazai\/pyriform-fossa-karcinomos-3d-modelis-erler-zimmer-carcinoma-of-pyriform-fossa-3d-printed-model\/","title":{"rendered":"Piriformas bedres karcinomas 3D modelis Erlera-Zimmera piriformas bedres karcinomas 3D druk\u0101tais modelis"},"content":{"rendered":"<h2><strong>Erler-Zimmer GmbH &amp; Co. KG Pyriform Fossa karcinomas 3D modelis<\/strong>:<\/h2>\n<ul>\n<li>Mode\u013ca numurs: MP2051<\/li>\n<li>Kl\u012bnisk\u0101 v\u0113sture:<br \/>\n60 gadus vecs v\u012brietis v\u0113rs\u0101s pie \u0101rsta ar 6 ned\u0113\u013cas ilgu globusa saj\u016btu (t.\u00a0i., saj\u016btu, ka kakl\u0101 ir kamols) un disfoniju. P\u0101rbaudes laik\u0101 vi\u0146am bija palielin\u0101ti limfmezgli kakl\u0101. Anal\u012bzes uzr\u0101d\u012bja balsenes audz\u0113ju. Vi\u0146am tika veikta laringektomija un kakla limfmezglu disekcija. Vi\u0146\u0161 ir piln\u012bb\u0101 atvese\u013cojies.<\/li>\n<li>Patolo\u0123ija:<br \/>\nMinta ir amput\u0113ta r\u012bkle, skatoties no aizmugures. Tas par\u0101da neregul\u0101ru \u010d\u016blainu audz\u0113ju, kas rodas no kreis\u0101s piram\u012bdas bedr\u012btes. Tiek nov\u0113rota r\u012bkles audu deform\u0101cija un t\u016bska. Histolo\u0123iski t\u0101 bija plakan\u0161\u016bnu karcinoma.<\/li>\n<li>Papildinform\u0101cija:<br \/>\nVair\u0101k nek\u0101 951% balsenes v\u0113\u017ea gad\u012bjumu ir plakan\u0161\u016bnu karcinoma (SCC). Audz\u0113js visbie\u017e\u0101k att\u012bst\u0101s balss sait\u0113s, bet var rasties ar\u012b virs vai zem sait\u0113m, uz uzbalsenes, ariepiglotu krok\u0101s vai piram\u012bdas deguna blakusdobumos. V\u0113zis parasti s\u0101kas k\u0101 karcinoma in situ, progres\u0113jot l\u012bdz invaz\u012bvai un invaz\u012bvai karcinomai, turpinot saskarties ar kancerog\u0113niem.<br \/>\nLiel\u0101kie balsenes v\u0113\u017ea riska faktori ir tabakas d\u016bmi un alkohola lieto\u0161ana. Ar\u012b cilv\u0113ka papilomas v\u012brusa (HPV) infekcija, azbesta iedarb\u012bba un radi\u0101cija ir uzr\u0101d\u012bju\u0161as paaugstin\u0101tu izplat\u012bbu. V\u012brie\u0161i ir vair\u0101k skarti nek\u0101 sievietes. Visbie\u017e\u0101k tas notiek 50. gados.<br \/>\nBalsenes v\u0113zis var izplat\u012bties, iebr\u016bkot apk\u0101rt\u0113jos audos, caur limfmezgliem, parasti uz lok\u0101lajiem limfmezgliem kakl\u0101, vai ar hematog\u0113n\u0101m metast\u0101z\u0113m, visbie\u017e\u0101k uz plau\u0161\u0101m. Bie\u017e\u0101kie simptomi ir disfonija, disf\u0101gija, odinof\u0101gija, globuss un klepus. Ret\u0101k sastopami simptomi var b\u016bt hemopt\u012bze, stridors, aizdusa un halitoze. \u0100rst\u0113\u0161ana at\u0161\u0137iras atkar\u012bb\u0101 no slim\u012bbas stadijas. Sm\u0113\u0137\u0113\u0161anas un alkohola lieto\u0161anas p\u0101rtrauk\u0161ana ir svar\u012bga visos slim\u012bbas posmos.<br \/>\nSlim\u012bbas agr\u012bn\u0101s stadij\u0101s balsenes saglab\u0101\u0161anas \u0101rst\u0113\u0161anas metodes var ietvert l\u0101zerterapiju, mikro\u0137irur\u0123iju un staru terapiju. V\u0113l\u0101k\u0101s slim\u012bbas stadij\u0101s \u0101rst\u0113\u0161ana var ietvert laringektomijas, staru terapijas un \u0137\u012bmijterapijas kombin\u0101ciju. Ar HPV saist\u012bt\u0101m galvas un galvas \u0101das karcinom\u0101m (HNSCC) ir lab\u0101ka prognoze nek\u0101 t\u0101m, kur\u0101m nav HPV. Vair\u0101k\u0101s valst\u012bs, tostarp Austr\u0101lij\u0101 un Apvienotaj\u0101 Karalist\u0113, ir ieviestas HPV vakcin\u0101cijas programmas gan z\u0113niem, gan meiten\u0113m, lai samazin\u0101tu galvas un galvas \u0101das plakan\u0161\u016bnu karcinomas (HNSCC) att\u012bst\u012bbas risku.<\/li>\n<\/ul>\n<h3>Piriformas bedres karcinomas 3D mode\u013ci \u2013 <a href=\"http:\/\/labostera.lt\/lv\/product-brand\/erler-zimmer-gmbh-co-kg\/\">Erlera-Zimmera anatomijas grupa<\/a><\/h3>\n<p>Vair\u0101k inform\u0101cijas: <a href=\"https:\/\/erler-zimmer.de\/shop\/en\/11386\" target=\"_blank\" rel=\"noopener nofollow\">ra\u017eot\u0101ja t\u012bmek\u013ca vietn\u0113<\/a> vai nos\u016btiet mums piepras\u012bjumu!<\/p>","protected":false},"excerpt":{"rendered":"<p>Erlera-Zimmera piram\u012bdveida bedres karcinomas 3D modelis \u2013 detaliz\u0113ts piram\u012bdveida bedres v\u0113\u017ea modelis.<\/p>","protected":false},"featured_media":19811,"template":"","meta":[],"product_cat":[75,79],"product_tag":[729,728,692,577,690,772],"class_list":{"0":"post-19810","1":"product","2":"type-product","3":"status-publish","4":"has-post-thumbnail","6":"product_brand-erler-zimmer-gmbh-co-kg","7":"product_cat-modeliai-manekenai-muliazai","8":"product_cat-mokymo-priemones-ir-iranga","9":"product_tag-3d-printed-models","10":"product_tag-3d-spausdinti-modeliai","11":"product_tag-erler-zimmer-gmbh-co-kg","12":"product_tag-modeliai","13":"product_tag-models","14":"product_tag-pyriform-fossa-karcinomos-modeliai","16":"first","17":"onbackorder","18":"shipping-taxable","19":"purchasable","20":"product-type-simple"},"_links":{"self":[{"href":"https:\/\/labostera.lt\/lv\/wp-json\/wp\/v2\/product\/19810","targetHints":{"allow":["GET"]}}],"collection":[{"href":"https:\/\/labostera.lt\/lv\/wp-json\/wp\/v2\/product"}],"about":[{"href":"https:\/\/labostera.lt\/lv\/wp-json\/wp\/v2\/types\/product"}],"wp:featuredmedia":[{"embeddable":true,"href":"https:\/\/labostera.lt\/lv\/wp-json\/wp\/v2\/media\/19811"}],"wp:attachment":[{"href":"https:\/\/labostera.lt\/lv\/wp-json\/wp\/v2\/media?parent=19810"}],"wp:term":[{"taxonomy":"product_cat","embeddable":true,"href":"https:\/\/labostera.lt\/lv\/wp-json\/wp\/v2\/product_cat?post=19810"},{"taxonomy":"product_tag","embeddable":true,"href":"https:\/\/labostera.lt\/lv\/wp-json\/wp\/v2\/product_tag?post=19810"}],"curies":[{"name":"wp","href":"https:\/\/api.w.org\/{rel}","templated":true}]}}