{"id":19802,"date":"2024-03-01T10:46:54","date_gmt":"2024-03-01T08:46:54","guid":{"rendered":"http:\/\/labostera.lt\/?post_type=product&#038;p=19802"},"modified":"2024-10-18T15:22:02","modified_gmt":"2024-10-18T12:22:02","slug":"gerklu-karcinomos-3d-modelis-erler-zimmer-carcinoma-of-larynx-3d-printed-model","status":"publish","type":"product","link":"https:\/\/labostera.lt\/lv\/priemones-ir-iranga\/mokymo-priemones-ir-iranga\/modeliai-manekenai-muliazai\/gerklu-karcinomos-3d-modelis-erler-zimmer-carcinoma-of-larynx-3d-printed-model\/","title":{"rendered":"Balsenes karcinomas 3D modelis Erlera-Zimmera balsenes karcinomas 3D druk\u0101tais modelis"},"content":{"rendered":"<h2><strong>Erler-Zimmer GmbH &amp; Co. KG Balsenes karcinomas 3D modelis 3D modelis<\/strong>:<\/h2>\n<ul>\n<li>Mode\u013ca numurs: MP2050<\/li>\n<li>Kl\u012bnisk\u0101 v\u0113sture:<br \/>\n74 gadus vecs v\u012brietis v\u0113rs\u0101s pie \u0101rsta ar 2 m\u0113ne\u0161us ilgu disf\u0101giju, disfoniju un svara zudumu. Vi\u0146am bija smaga alkohola lieto\u0161anas anamn\u0113ze, un vi\u0146\u0161 40 gadus sm\u0113\u0137\u0113ja 40 cigaretes dien\u0101. Anal\u012bzes uzr\u0101d\u012bja balsenes audz\u0113ju. Vi\u0146am tika veikta staru terapija, bet audz\u0113js atk\u0101rtoj\u0101s. Vi\u0146\u0161 nomira 9 m\u0113ne\u0161us p\u0113c s\u0101kotn\u0113j\u0101s prezent\u0101cijas.<\/li>\n<li>Patolo\u0123ija:<br \/>\nParaugs sast\u0101v no m\u0113les, r\u012bkles, balsenes, bar\u012bbas vada un trahejas, un tas ir uzst\u0101d\u012bts koron\u0101laj\u0101 plakn\u0113. Bar\u012bbas vads un traheja ir atv\u0113rtas aizmugur\u0113. Skaidri redzama fiks\u0113ta 5 x 4 x 2 cm karcinoma, kas stiepjas ab\u0101s piram\u012bdveida bedr\u0113s. Audz\u0113ja virsma ir nel\u012bdzena ar p\u016bkain\u0101m nekrozes zon\u0101m. Audz\u0113js radies balsen\u0113 un skar abas balss saites, kreiso aryepiglotisko pl\u0101ksni un abas piram\u012bdas bedr\u012btes.<\/li>\n<li>Papildinform\u0101cija:<br \/>\nVair\u0101k nek\u0101 95% balsenes v\u0113\u017ea gad\u012bjumu ir plakan\u0161\u016bnu karcinomas. Audz\u0113js visbie\u017e\u0101k att\u012bst\u0101s balss sait\u0113s, bet var rasties virs vai zem sait\u0113m, uz uzbalsenes, uz ariepiglotisk\u0101m krok\u0101m vai piram\u012bdveida bedr\u012bt\u0113m. V\u0113zis parasti s\u0101kas k\u0101 plakan\u0161\u016bnu karcinoma in situ, progres\u0113jot l\u012bdz necaursp\u012bd\u012bgai un plakan\u0161\u016bnu invaz\u012bvai karcinomai ar turpm\u0101ku kancerog\u0113nu iedarb\u012bbu. Liel\u0101kie balsenes v\u0113\u017ea riska faktori ir tabakas d\u016bmi un alkohola lieto\u0161ana. Ir konstat\u0113ts, ka cilv\u0113ka papilomas v\u012brusa (HPV) infekcija, azbesta iedarb\u012bba un starojums ir saist\u012bti ar\u012b ar galvas un kakla plakan\u0161\u016bnu karcinomas (HNSCC) sastopam\u012bbas pieaugumu. V\u012brie\u0161i ir vair\u0101k skarti nek\u0101 sievietes. Visbie\u017e\u0101k tas notiek 50. gados. Balsenes v\u0113zis var izplat\u012bties, iebr\u016bkot apk\u0101rt\u0113jos audos, caur limfmezgliem, parasti uz lok\u0101lajiem limfmezgliem kakl\u0101, vai ar hematog\u0113n\u0101m metast\u0101z\u0113m, visbie\u017e\u0101k uz plau\u0161\u0101m. Bie\u017ei sastopamie HNSCC simptomi, kas par\u0101d\u0101s diagnozes noteik\u0161anas br\u012bd\u012b, ir disfonija, disf\u0101gija, odinof\u0101gija, globuss un klepus. Ret\u0101k sastopami simptomi var b\u016bt hemopt\u012bze, stridors, aizdusa un halitoze.<br \/>\n\u0100rst\u0113\u0161ana at\u0161\u0137iras atkar\u012bb\u0101 no slim\u012bbas stadijas. Sm\u0113\u0137\u0113\u0161anas un alkohola lieto\u0161anas p\u0101rtrauk\u0161ana ir svar\u012bga visos slim\u012bbas posmos. Slim\u012bbas agr\u012bn\u0101s stadij\u0101s balsenes saglab\u0101\u0161anas \u0101rst\u0113\u0161anas metodes var ietvert l\u0101zerterapiju, mikro\u0137irur\u0123iju un staru terapiju. V\u0113l\u0101k\u0101s slim\u012bbas stadij\u0101s \u0101rst\u0113\u0161ana var ietvert laringektomijas, staru terapijas un \u0137\u012bmijterapijas kombin\u0101ciju.<br \/>\nAr HPV saist\u012btam HNSCC ir lab\u0101ki rezult\u0101ti nek\u0101 audz\u0113jiem, kas nav HPV pozit\u012bvi. Vair\u0101k\u0101s valst\u012bs, tostarp Austr\u0101lij\u0101 un Apvienotaj\u0101 Karalist\u0113, ir ieviestas HPV vakcin\u0101cijas programmas gan z\u0113niem, gan meiten\u0113m, lai samazin\u0101tu galvas un galvas \u0101das plakan\u0161\u016bnu karcinomas (HNSCC) att\u012bst\u012bbas risku.<\/li>\n<\/ul>\n<ul>\n<li>Mode\u013ca numurs: MP2052<\/li>\n<li>Kl\u012bnisk\u0101 v\u0113sture:<br \/>\n47 gadus vecs v\u012brietis v\u0113rs\u0101s pie \u0101rsta ar 13 m\u0113ne\u0161us ilgu disfoniju un odinof\u0101giju vairogdziedzera skrim\u0161\u013ca l\u012bmen\u012b. Vi\u0146am bija iev\u0113rojama sm\u0113\u0137\u0113\u0161anas v\u0113sture. Anal\u012bzes uzr\u0101d\u012bja balsenes audz\u0113ju. Vi\u0146am tika veikta audz\u0113ja staru terapija, kam sekoja laringektomija. Se\u0161us m\u0113ne\u0161us v\u0113l\u0101k tika atkl\u0101tas plau\u0161u metast\u0101zes, un vi\u0146\u0161 v\u0113l\u0101k nomira.<\/li>\n<li>Patolo\u0123ija:<br \/>\n\u0160\u012b ir pacienta laringektomijas sagatavo\u0161ana. Kakls ir p\u0101rgriezts un redzams no aizmugures. Labo balss vadu deform\u0113 neregul\u0101rs \u010d\u016blains audz\u0113js. Tiek nov\u0113rota ar\u012b g\u013cotu sastr\u0113gumi. Histolo\u0123iski t\u0101 bija labi diferenc\u0113ta plakan\u0161\u016bnu karcinoma (SCC).<\/li>\n<li>Papildinform\u0101cija:<br \/>\nVair\u0101k nek\u0101 951 TP3T balsenes v\u0113\u017ea gad\u012bjuma ir plakan\u0161\u016bnu karcinoma. Audz\u0113js visbie\u017e\u0101k att\u012bst\u0101s balss sait\u0113s, bet var rasties virs vai zem sait\u0113m, uz uzbalsenes, uz ariepiglotisk\u0101m krok\u0101m vai piram\u012bdveida bedr\u012bt\u0113m. V\u0113zis parasti s\u0101kas k\u0101 karcinoma in situ, progres\u0113jot l\u012bdz invaz\u012bvai un invaz\u012bvai karcinomai, turpinot saskarties ar kancerog\u0113niem.<br \/>\nLiel\u0101kie balsenes v\u0113\u017ea riska faktori ir tabakas d\u016bmi un alkohola lieto\u0161ana. Ar\u012b cilv\u0113ka papilomas v\u012brusa (HPV) infekcija, azbesta iedarb\u012bba un radi\u0101cija ir uzr\u0101d\u012bju\u0161as paaugstin\u0101tu izplat\u012bbu. V\u012brie\u0161i ir vair\u0101k skarti nek\u0101 sievietes. Visbie\u017e\u0101k tas notiek 50. gados.<br \/>\nBalsenes v\u0113zis var izplat\u012bties, iebr\u016bkot apk\u0101rt\u0113jos audos, caur limfmezgliem, parasti uz lok\u0101lajiem limfmezgliem kakl\u0101, vai ar hematog\u0113n\u0101m metast\u0101z\u0113m, visbie\u017e\u0101k uz plau\u0161\u0101m. Bie\u017ei sastopamie simptomi slim\u012bbas s\u0101kum\u0101 ir disfonija, disf\u0101gija, odinof\u0101gija, globuss un klepus. Ret\u0101k sastopami simptomi var b\u016bt hemopt\u012bze, stridors, aizdusa un halitoze. \u0100rst\u0113\u0161ana at\u0161\u0137iras atkar\u012bb\u0101 no slim\u012bbas stadijas. Sm\u0113\u0137\u0113\u0161anas un alkohola lieto\u0161anas p\u0101rtrauk\u0161ana ir svar\u012bga visos slim\u012bbas posmos. Slim\u012bbas agr\u012bn\u0101s stadij\u0101s balsenes saglab\u0101\u0161anas \u0101rst\u0113\u0161anas metodes var ietvert l\u0101zerterapiju, mikro\u0137irur\u0123iju un staru terapiju. V\u0113l\u0101k\u0101s slim\u012bbas stadij\u0101s \u0101rst\u0113\u0161ana var ietvert laringektomijas, staru terapijas un \u0137\u012bmijterapijas kombin\u0101ciju.<\/li>\n<\/ul>\n<h3>Balsenes karcinomas 3D mode\u013ci \u2013 <a href=\"http:\/\/labostera.lt\/lv\/product-brand\/erler-zimmer-gmbh-co-kg\/\">Erlera-Zimmera anatomijas grupa<\/a><\/h3>\n<p>Vair\u0101k inform\u0101cijas: <a href=\"https:\/\/erler-zimmer.de\/shop\/en\/11384\" target=\"_blank\" rel=\"noopener nofollow\">ra\u017eot\u0101ja t\u012bmek\u013ca vietn\u0113<\/a> vai nos\u016btiet mums piepras\u012bjumu!<\/p>","protected":false},"excerpt":{"rendered":"<p>Erlera-Zimmera balsenes karcinomas 3D modelis \u2013 detaliz\u0113ta v\u0113\u017ea simul\u0101cija balsen\u0113.<\/p>","protected":false},"featured_media":19804,"template":"","meta":[],"product_cat":[75,79],"product_tag":[729,728,692,771,577,690],"class_list":{"0":"post-19802","1":"product","2":"type-product","3":"status-publish","4":"has-post-thumbnail","6":"product_brand-erler-zimmer-gmbh-co-kg","7":"product_cat-modeliai-manekenai-muliazai","8":"product_cat-mokymo-priemones-ir-iranga","9":"product_tag-3d-printed-models","10":"product_tag-3d-spausdinti-modeliai","11":"product_tag-erler-zimmer-gmbh-co-kg","12":"product_tag-gerklu-karcinomos-3d-modeliai","13":"product_tag-modeliai","14":"product_tag-models","16":"first","17":"onbackorder","18":"shipping-taxable","19":"purchasable","20":"product-type-variable"},"_links":{"self":[{"href":"https:\/\/labostera.lt\/lv\/wp-json\/wp\/v2\/product\/19802","targetHints":{"allow":["GET"]}}],"collection":[{"href":"https:\/\/labostera.lt\/lv\/wp-json\/wp\/v2\/product"}],"about":[{"href":"https:\/\/labostera.lt\/lv\/wp-json\/wp\/v2\/types\/product"}],"wp:featuredmedia":[{"embeddable":true,"href":"https:\/\/labostera.lt\/lv\/wp-json\/wp\/v2\/media\/19804"}],"wp:attachment":[{"href":"https:\/\/labostera.lt\/lv\/wp-json\/wp\/v2\/media?parent=19802"}],"wp:term":[{"taxonomy":"product_cat","embeddable":true,"href":"https:\/\/labostera.lt\/lv\/wp-json\/wp\/v2\/product_cat?post=19802"},{"taxonomy":"product_tag","embeddable":true,"href":"https:\/\/labostera.lt\/lv\/wp-json\/wp\/v2\/product_tag?post=19802"}],"curies":[{"name":"wp","href":"https:\/\/api.w.org\/{rel}","templated":true}]}}