{"id":19796,"date":"2024-03-01T08:58:28","date_gmt":"2024-03-01T06:58:28","guid":{"rendered":"http:\/\/labostera.lt\/?post_type=product&#038;p=19796"},"modified":"2024-10-18T15:22:04","modified_gmt":"2024-10-18T12:22:04","slug":"sifilines-aneurizmos-3d-modelis-erler-zimmer-syphilitic-aneurysm-3d-printed-model","status":"publish","type":"product","link":"https:\/\/labostera.lt\/lv\/priemones-ir-iranga\/mokymo-priemones-ir-iranga\/modeliai-manekenai-muliazai\/sifilines-aneurizmos-3d-modelis-erler-zimmer-syphilitic-aneurysm-3d-printed-model\/","title":{"rendered":"Sifilisk\u0101s aneirismas 3D modelis Erlera-Zimmera sifilisk\u0101s aneirismas 3D druk\u0101tais modelis"},"content":{"rendered":"<h2><strong>Erler-Zimmer GmbH &amp; Co. KG sifiliskas aneirismas 3D modelis<\/strong>:<\/h2>\n<ul>\n<li>Mode\u013ca numurs: MP2042<\/li>\n<li>Kl\u012bnisk\u0101 v\u0113sture:<br \/>\n61 gadu vecs v\u012brietis s\u016bdz\u0113j\u0101s par stenokardiju un elpas tr\u016bkumu. Vi\u0146am \u0161ie simptomi bija se\u0161us gadus, un katru gadu tie pasliktin\u0101j\u0101s. Izmekl\u0113jum\u0101 tika konstat\u0113ta cianoze un tahikardija ar v\u0101jin\u0101tu pulsu. Kakla labaj\u0101 pus\u0113 tika nov\u0113rots piet\u016bkums. Vi\u0146a sirds apvid\u016b bija j\u016btama tr\u012bce. Aortas rajon\u0101 bija dzirdams ska\u013c\u0161 sistoliskais un diastoliskais troksnis. Kr\u016b\u0161kurvja rentgenogramm\u0101 bija redzama kardiomeg\u0101lija ar lielu apa\u013cu boj\u0101jumu labaj\u0101 aug\u0161\u0113j\u0101 mediast\u012bn\u0101, kas nep\u0101rtraukti ietv\u0113ra sirds \u0113nu, ar radiogr\u0101fiskiem kardiog\u0113nas mazsp\u0113jas pier\u0101d\u012bjumiem. Asins anal\u012bzes bija pozit\u012bvas pret trepon\u0113misk\u0101m antiviel\u0101m. Pacienta st\u0101voklis pasliktin\u0101j\u0101s, un vi\u0146\u0161 nomira no sirds mazsp\u0113jas.<\/li>\n<li>Patolo\u0123ija:<br \/>\n\u0160is prepar\u0101ts ir pacienta papla\u0161in\u0101t\u0101 sirds, ieskaitot aortas arku un dilsto\u0161o aortu. Aug\u0161upejo\u0161\u0101 aorta ir papla\u0161in\u0101ta l\u012bdz 7 cm diametr\u0101, un ir liela aneirismas papla\u0161in\u0101juma diametrs 11 x 13 cm. To atver, lai atkl\u0101tu grumbu\u013coto, boj\u0101to int\u012bmo virsmu. Tiek nov\u0113rota ar\u012b int\u012bma ateroma. Dilsto\u0161\u0101, kreis\u0101 kop\u0113j\u0101 miega art\u0113rija un zematsl\u0113gas art\u0113rijas caur aneirismu tiek novirz\u012btas pa kreisi. Aneirismas iek\u0161\u0113j\u0101 da\u013c\u0101 ir 5 mm augsts joslveida sabiez\u0113jums. \u0160\u012b ir \u0101r\u0113ji piestiprin\u0101t\u0101 perikarda maisi\u0146a atra\u0161an\u0101s vieta. Aortas adventitij\u0101 nov\u0113ro izteiktu mazo asinsvadu nosprostojumu. \u0160\u012b ir sifilitiska aortas arkas aneirisma.<\/li>\n<li>Papildinform\u0101cija:<br \/>\nSifiliss ir hroniska infekcijas slim\u012bba, ko izraisa spiroheta Treponema pallidum. Infekcija visbie\u017e\u0101k izplat\u0101s seksu\u0101li, bet to var ieg\u016bt ar\u012b iedzimti, bakt\u0113rij\u0101m iek\u013c\u016bstot caur placentu. Sifilisa infekcijas riskam pak\u013cautie ir seksu\u0101li akt\u012bvi cilv\u0113ki, narkotiku lietot\u0101ji, HIV infic\u0113ti pacienti un v\u012brie\u0161i, kuriem ir dzimumattiec\u012bbas ar v\u012brie\u0161iem. P\u0113c penicil\u012bna ievie\u0161anas 1943. gad\u0101 sifilisa infekcijas r\u0101d\u012bt\u0101ji iev\u0113rojami samazin\u0101j\u0101s; M\u016bsdien\u0101s t\u0101 joproj\u0101m ir galven\u0101 \u0101rst\u0113\u0161anas metode. Tom\u0113r kop\u0161 2000. gadiem infic\u0113\u0161an\u0101s r\u0101d\u012bt\u0101ji atkal ir s\u0101ku\u0161i pieaugt.<\/li>\n<\/ul>\n<h3>Sifiliskas aneirismas 3D mode\u013ci \u2013 <a href=\"http:\/\/labostera.lt\/lv\/product-brand\/erler-zimmer-gmbh-co-kg\/\">Erlera-Zimmera anatomijas grupa<\/a><\/h3>\n<p>Vair\u0101k inform\u0101cijas: <a href=\"https:\/\/erler-zimmer.de\/shop\/en\/11383\" target=\"_blank\" rel=\"noopener nofollow\">ra\u017eot\u0101ja t\u012bmek\u013ca vietn\u0113<\/a> vai nos\u016btiet mums piepras\u012bjumu!<\/p>","protected":false},"excerpt":{"rendered":"<p>Erlera-Zimmera sifilisk\u0101s aneirismas 3D modelis \u2013 detaliz\u0113ts sirds patolo\u0123ijas modelis.<\/p>","protected":false},"featured_media":19797,"template":"","meta":[],"product_cat":[75,79],"product_tag":[729,728,692,577,690,769],"class_list":{"0":"post-19796","1":"product","2":"type-product","3":"status-publish","4":"has-post-thumbnail","6":"product_brand-erler-zimmer-gmbh-co-kg","7":"product_cat-modeliai-manekenai-muliazai","8":"product_cat-mokymo-priemones-ir-iranga","9":"product_tag-3d-printed-models","10":"product_tag-3d-spausdinti-modeliai","11":"product_tag-erler-zimmer-gmbh-co-kg","12":"product_tag-modeliai","13":"product_tag-models","14":"product_tag-sifilines-aneurizmos-modeliai","16":"first","17":"onbackorder","18":"shipping-taxable","19":"purchasable","20":"product-type-simple"},"_links":{"self":[{"href":"https:\/\/labostera.lt\/lv\/wp-json\/wp\/v2\/product\/19796","targetHints":{"allow":["GET"]}}],"collection":[{"href":"https:\/\/labostera.lt\/lv\/wp-json\/wp\/v2\/product"}],"about":[{"href":"https:\/\/labostera.lt\/lv\/wp-json\/wp\/v2\/types\/product"}],"wp:featuredmedia":[{"embeddable":true,"href":"https:\/\/labostera.lt\/lv\/wp-json\/wp\/v2\/media\/19797"}],"wp:attachment":[{"href":"https:\/\/labostera.lt\/lv\/wp-json\/wp\/v2\/media?parent=19796"}],"wp:term":[{"taxonomy":"product_cat","embeddable":true,"href":"https:\/\/labostera.lt\/lv\/wp-json\/wp\/v2\/product_cat?post=19796"},{"taxonomy":"product_tag","embeddable":true,"href":"https:\/\/labostera.lt\/lv\/wp-json\/wp\/v2\/product_tag?post=19796"}],"curies":[{"name":"wp","href":"https:\/\/api.w.org\/{rel}","templated":true}]}}