{"id":19793,"date":"2024-02-29T17:10:23","date_gmt":"2024-02-29T15:10:23","guid":{"rendered":"http:\/\/labostera.lt\/?post_type=product&#038;p=19793"},"modified":"2024-10-18T15:22:05","modified_gmt":"2024-10-18T12:22:05","slug":"uminio-bakterinio-endokardito-3d-modelis-erler-zimmer-acute-bacterial-endocarditis-3d-printed-model","status":"publish","type":"product","link":"https:\/\/labostera.lt\/lv\/priemones-ir-iranga\/mokymo-priemones-ir-iranga\/modeliai-manekenai-muliazai\/uminio-bakterinio-endokardito-3d-modelis-erler-zimmer-acute-bacterial-endocarditis-3d-printed-model\/","title":{"rendered":"Ak\u016bta bakteri\u0101la endokard\u012bta 3D modelis Erlera-Zimmera ak\u016bta bakteri\u0101la endokard\u012bta 3D druk\u0101ts modelis"},"content":{"rendered":"<h2><strong>Erler-Zimmer GmbH &amp; Co. KG Ak\u016bta bakteri\u0101la endokard\u012bta 3D modelis<\/strong>:<\/h2>\n<ul>\n<li>Mode\u013ca numurs: MP2041<\/li>\n<li>Kl\u012bnisk\u0101 v\u0113sture:<br \/>\n15 gadus vecam z\u0113nam, kuram bija klepus un kr\u0113pas, da\u017eas dienas pirms nok\u013c\u016b\u0161anas kom\u0101 att\u012bst\u012bj\u0101s febrils (herpetisks) drudzis un s\u0101pes kr\u016bt\u012bs. Izmekl\u0113\u0161an\u0101 tika konstat\u0113ts agr\u012bns diastoliskais \u0161unts aortas rajon\u0101, kas izstaroja uz kreiso kr\u016b\u0161u kaula robe\u017eu. Vi\u0146a st\u0101voklis \u013coti \u0101tri pasliktin\u0101j\u0101s un vi\u0146\u0161 nomira, neskatoties uz antibiotiku \u0137\u012bmijterapiju. Asins kult\u016br\u0101s tika atkl\u0101ts Staphylococcus aureus.<\/li>\n<li>Patolo\u0123ija:<br \/>\nSirds ir maza, att\u0113lojot kreiso kambari un ar to saist\u012btos v\u0101rstus. Aortas v\u0101rstu\u013ca izaugums ir jut\u012bgs un perfor\u0113ts, tam piestiprin\u0101ti strutaini boj\u0101jumi. Taj\u0101 pa\u0161\u0101 laik\u0101 zem \u0161\u012b stumbra ir caurums, kas stiepjas labaj\u0101 atrium\u0101 tie\u0161i virs trikuspid\u0101l\u0101 v\u0101rsta (skat\u012bt r\u0113\u0137ina beigas). Ar\u012b p\u0101r\u0113jie aortas cusps ir piet\u016bku\u0161i. Tas ir ak\u016bts bakteri\u0101ls endokard\u012bts ar aortas v\u0101rstu\u013ca un atrioventrikul\u0101r\u0101m atver\u0113m.<\/li>\n<li>Papildinform\u0101cija:<br \/>\nAk\u016bts bakteri\u0101ls endokard\u012bts ir infekcioz\u0101 endokard\u012bta veids. Endokard\u012btu var izrais\u012bt s\u0113n\u012b\u0161u infekcijas, ta\u010du t\u0101s ir reti sastopamas.<\/li>\n<\/ul>\n<h3>Ak\u016bta bakteri\u0101la endokard\u012bta 3D mode\u013ci \u2013 <a href=\"http:\/\/labostera.lt\/lv\/product-brand\/erler-zimmer-gmbh-co-kg\/\">Erlera-Zimmera anatomijas grupa<\/a><\/h3>\n<p>Vair\u0101k inform\u0101cijas: <a href=\"https:\/\/erler-zimmer.de\/shop\/en\/11382\" target=\"_blank\" rel=\"noopener nofollow\">ra\u017eot\u0101ja t\u012bmek\u013ca vietn\u0113<\/a> vai nos\u016btiet mums piepras\u012bjumu!<\/p>","protected":false},"excerpt":{"rendered":"<p>Erlera-Zimmera ak\u016bta bakteri\u0101la endokard\u012bta 3D modelis \u2013 detaliz\u0113ts sirds patolo\u0123ijas modelis.<\/p>","protected":false},"featured_media":19794,"template":"","meta":[],"product_cat":[75,79],"product_tag":[729,728,692,577,690,768],"class_list":{"0":"post-19793","1":"product","2":"type-product","3":"status-publish","4":"has-post-thumbnail","6":"product_brand-erler-zimmer-gmbh-co-kg","7":"product_cat-modeliai-manekenai-muliazai","8":"product_cat-mokymo-priemones-ir-iranga","9":"product_tag-3d-printed-models","10":"product_tag-3d-spausdinti-modeliai","11":"product_tag-erler-zimmer-gmbh-co-kg","12":"product_tag-modeliai","13":"product_tag-models","14":"product_tag-uminio-bakterinio-endokardito-modeliai","16":"first","17":"onbackorder","18":"shipping-taxable","19":"purchasable","20":"product-type-simple"},"_links":{"self":[{"href":"https:\/\/labostera.lt\/lv\/wp-json\/wp\/v2\/product\/19793","targetHints":{"allow":["GET"]}}],"collection":[{"href":"https:\/\/labostera.lt\/lv\/wp-json\/wp\/v2\/product"}],"about":[{"href":"https:\/\/labostera.lt\/lv\/wp-json\/wp\/v2\/types\/product"}],"wp:featuredmedia":[{"embeddable":true,"href":"https:\/\/labostera.lt\/lv\/wp-json\/wp\/v2\/media\/19794"}],"wp:attachment":[{"href":"https:\/\/labostera.lt\/lv\/wp-json\/wp\/v2\/media?parent=19793"}],"wp:term":[{"taxonomy":"product_cat","embeddable":true,"href":"https:\/\/labostera.lt\/lv\/wp-json\/wp\/v2\/product_cat?post=19793"},{"taxonomy":"product_tag","embeddable":true,"href":"https:\/\/labostera.lt\/lv\/wp-json\/wp\/v2\/product_tag?post=19793"}],"curies":[{"name":"wp","href":"https:\/\/api.w.org\/{rel}","templated":true}]}}