{"id":19790,"date":"2024-02-29T16:33:42","date_gmt":"2024-02-29T14:33:42","guid":{"rendered":"http:\/\/labostera.lt\/?post_type=product&#038;p=19790"},"modified":"2024-10-18T15:22:06","modified_gmt":"2024-10-18T12:22:06","slug":"traumines-stemples-aortos-fistules-3d-modelis-erler-zimmer-traumatic-oesophageal-aortic-fistula-3d-printed-model","status":"publish","type":"product","link":"https:\/\/labostera.lt\/lv\/priemones-ir-iranga\/mokymo-priemones-ir-iranga\/modeliai-manekenai-muliazai\/traumines-stemples-aortos-fistules-3d-modelis-erler-zimmer-traumatic-oesophageal-aortic-fistula-3d-printed-model\/","title":{"rendered":"Erlera-Zimmera traumatiskas bar\u012bbas vada-aortas fistulas 3D druk\u0101ts modelis"},"content":{"rendered":"<h2><strong>\u201eErler-Zimmer GmbH &amp; Co. KG traumatiskas bar\u012bbas vada-aortas fistulas 3D modelis<\/strong>:<\/h2>\n<ul>\n<li>Mode\u013ca numurs: MP2040<\/li>\n<li>Kl\u012bnisk\u0101 v\u0113sture:<br \/>\nSievietei, kura pusdienu laik\u0101 bija norijusi kaulu, v\u0113l\u0101k p\u0113cpusdien\u0101 s\u0101k\u0101s mas\u012bva asi\u0146o\u0161ana. Laparotomijas laik\u0101 ku\u0146\u0123is bija pilns ar svaig\u0101m asin\u012bm, bet c\u0113lonis netika noteikts. Vi\u0146a nomira dienu v\u0113l\u0101k, un autopsija atkl\u0101ja saist\u012bbu starp aortu un bar\u012bbas vadu. Ku\u0146\u0123is bija piep\u016bsts ar asin\u012bm un satur\u0113ja vair\u0101kus kaulu fragmentus.<\/li>\n<li>Patolo\u0123ija:<br \/>\nParaugs ir dist\u0101l\u0101 trahejas bloka (posterolater\u0101li no lab\u0101s malas) un aortas arkas (atv\u0113rts anteroposterioraj\u0101 plakn\u0113 un okul\u0101raj\u0101 perspekt\u012bv\u0101) un bar\u012bbas vada (aizmugur\u0113 un atv\u0113rts garengriezum\u0101) \u0161\u0137\u0113rsgriezums. Bar\u012bbas vada g\u013cot\u0101da ir \u010d\u016blaina un asi\u0146o. Neliels zils spekuluma s\u012bpols identific\u0113 fistulu starp bar\u012bbas vadu un kr\u016b\u0161u kurvja lejupejo\u0161\u0101s aortas aizmugur\u0113jo sienu.<\/li>\n<li>Piez\u012bme:<br \/>\nLai gan \u0161\u012b situ\u0101cija bija traumatiskas bar\u012bbas vada-aortas fistulas c\u0113lonis, j\u0101atz\u012bm\u0113, ka past\u0101v ar\u012b \u0161\u0101da veida netraumatiski c\u0113lo\u0146i. Paties\u012bb\u0101 \u0161\u012bs fistulas var izrais\u012bt aortas papla\u0161in\u0101\u0161an\u0101s rad\u012btais spiediens, progres\u0113jo\u0161i ku\u0146\u0123a-zarnu trakta \u013caundab\u012bgi audz\u0113ji vai aortas implant\u0101cija blakus eso\u0161ajos ku\u0146\u0123a-zarnu trakta segmentos, un t\u0101s var rasties jebkur\u0101 aortas da\u013c\u0101.<\/li>\n<\/ul>\n<h3>Traumatiskas bar\u012bbas vada-aortas fistulas 3D mode\u013ci \u2013 <a href=\"http:\/\/labostera.lt\/lv\/product-brand\/erler-zimmer-gmbh-co-kg\/\">Erlera-Zimmera anatomijas grupa<\/a><\/h3>\n<p>Vair\u0101k inform\u0101cijas: <a href=\"https:\/\/erler-zimmer.de\/shop\/en\/11381\" target=\"_blank\" rel=\"noopener nofollow\">ra\u017eot\u0101ja t\u012bmek\u013ca vietn\u0113<\/a> vai nos\u016btiet mums piepras\u012bjumu!<\/p>","protected":false},"excerpt":{"rendered":"<p>Erlera-Zimmera traumatiskas bar\u012bbas vada-aortas fistulas 3D modelis \u2013 detaliz\u0113ts sirds patolo\u0123ijas modelis.<\/p>","protected":false},"featured_media":19791,"template":"","meta":[],"product_cat":[75,79],"product_tag":[729,728,692,577,690,767],"class_list":{"0":"post-19790","1":"product","2":"type-product","3":"status-publish","4":"has-post-thumbnail","6":"product_brand-erler-zimmer-gmbh-co-kg","7":"product_cat-modeliai-manekenai-muliazai","8":"product_cat-mokymo-priemones-ir-iranga","9":"product_tag-3d-printed-models","10":"product_tag-3d-spausdinti-modeliai","11":"product_tag-erler-zimmer-gmbh-co-kg","12":"product_tag-modeliai","13":"product_tag-models","14":"product_tag-traumines-stemples-aortos-fistules-modeliai","16":"first","17":"onbackorder","18":"shipping-taxable","19":"purchasable","20":"product-type-simple"},"_links":{"self":[{"href":"https:\/\/labostera.lt\/lv\/wp-json\/wp\/v2\/product\/19790","targetHints":{"allow":["GET"]}}],"collection":[{"href":"https:\/\/labostera.lt\/lv\/wp-json\/wp\/v2\/product"}],"about":[{"href":"https:\/\/labostera.lt\/lv\/wp-json\/wp\/v2\/types\/product"}],"wp:featuredmedia":[{"embeddable":true,"href":"https:\/\/labostera.lt\/lv\/wp-json\/wp\/v2\/media\/19791"}],"wp:attachment":[{"href":"https:\/\/labostera.lt\/lv\/wp-json\/wp\/v2\/media?parent=19790"}],"wp:term":[{"taxonomy":"product_cat","embeddable":true,"href":"https:\/\/labostera.lt\/lv\/wp-json\/wp\/v2\/product_cat?post=19790"},{"taxonomy":"product_tag","embeddable":true,"href":"https:\/\/labostera.lt\/lv\/wp-json\/wp\/v2\/product_tag?post=19790"}],"curies":[{"name":"wp","href":"https:\/\/api.w.org\/{rel}","templated":true}]}}