{"id":19787,"date":"2024-02-29T16:00:58","date_gmt":"2024-02-29T14:00:58","guid":{"rendered":"http:\/\/labostera.lt\/?post_type=product&#038;p=19787"},"modified":"2024-10-18T15:22:07","modified_gmt":"2024-10-18T12:22:07","slug":"reumatinio-endokardito-3d-modelis-erler-zimmer-rheumatic-endocarditis-3d-printed-model","status":"publish","type":"product","link":"https:\/\/labostera.lt\/lv\/priemones-ir-iranga\/mokymo-priemones-ir-iranga\/modeliai-manekenai-muliazai\/reumatinio-endokardito-3d-modelis-erler-zimmer-rheumatic-endocarditis-3d-printed-model\/","title":{"rendered":"Reimatiska endokard\u012bta 3D modelis Erlera-Zimmera reimatiska endokard\u012bta 3D druk\u0101ts modelis"},"content":{"rendered":"<h2><strong>Erler-Zimmer GmbH &amp; Co. KG reimatiska endokard\u012bta 3D modelis<\/strong>:<\/h2>\n<ul>\n<li>Mode\u013ca numurs: MP2039<\/li>\n<li>Kl\u012bnisk\u0101 v\u0113sture:<br \/>\nPaciente bija 52 gadus veca sieviete ar pieaugo\u0161u elpas tr\u016bkumu. Vi\u0146a zi\u0146oja par drudzi un kust\u012bbu loc\u012btavu s\u0101p\u0113m b\u0113rn\u012bb\u0101 p\u0113c kakla s\u0101p\u0113m. Izmekl\u0113\u0161an\u0101: cianoze, pulss uzr\u0101da supraventrikul\u0101ru fibril\u0101ciju, paaugstin\u0101tu jugul\u0101ro venozo pulsu, pansistolisku troksni apak\u0161\u0101, hepatomeg\u0101liju un atkar\u012bgu t\u016bsku. Vi\u0146u \u0101rst\u0113ja ar digoks\u012bnu, Lasix (furosem\u012bdu) un penicil\u012bnu, bet vi\u0146a nomira p\u0113c sirdsdarb\u012bbas apst\u0101\u0161an\u0101s.<\/li>\n<li>Patolo\u0123ija:<br \/>\nParaugs ir sirds, kas atv\u0113rta, lai atkl\u0101tu kreiso atriumu un kreiso kambari. Mitr\u0101l\u0101 v\u0101rstu\u013ca da\u013ca ir p\u0101rgriezta, bet redzam\u0101s da\u013cas uzr\u0101da iev\u0113rojamu sabiez\u0113jumu. Kreis\u0101 priek\u0161kambara sien\u0101 redzamas asi\u0146u un fibr\u012bna nogulsnes. Kreis\u0101 priek\u0161kambara pied\u0113klis ir piepild\u012bts ar asins recekli, ko izraisa supraventrikul\u0101ra fibril\u0101cija. Sienas trombs uz priek\u0161kambara sienas atrodas tipisk\u0101 viet\u0101: endokarda dzi\u013cajos sl\u0101\u0146os ir izveidoju\u0161ies neregul\u0101ri izvirz\u012bjumi, ko sauc par Makkaluma plakn\u0113m (bulti\u0146\u0101m).<\/li>\n<li>Papildinform\u0101cija:<br \/>\n\u0160\u012b pacienta drudzis un loc\u012btavu s\u0101pes anamn\u0113z\u0113 p\u0113c kakla s\u0101p\u0113m rada aizdomas par reimatisk\u0101 drud\u017ea anamn\u0113zi. Reimatiskais drudzis ir iekaisuma slim\u012bba, kas var ietekm\u0113t sirdi, loc\u012btavas, \u0101du un smadzenes. Tipiski simptomi ir drudzis, daudzas s\u0101p\u012bgas loc\u012btavas, nekontrol\u0113jamas musku\u013cu kust\u012bbas (horeja) un da\u017ereiz rakstur\u012bga nieze, ko sauc par &quot;erythema marginatum&quot;.<\/li>\n<\/ul>\n<h3>Reimatisk\u0101 endokard\u012bta 3D mode\u013ci \u2013 <a href=\"http:\/\/labostera.lt\/lv\/product-brand\/erler-zimmer-gmbh-co-kg\/\">Erlera-Zimmera anatomijas grupa<\/a><\/h3>\n<p>Vair\u0101k inform\u0101cijas: <a href=\"https:\/\/erler-zimmer.de\/shop\/en\/11380\" target=\"_blank\" rel=\"noopener nofollow\">ra\u017eot\u0101ja t\u012bmek\u013ca vietn\u0113<\/a> vai nos\u016btiet mums piepras\u012bjumu!<\/p>","protected":false},"excerpt":{"rendered":"<p>Erlera-Zimmera reimatisk\u0101s endokard\u012bta 3D modelis \u2013 detaliz\u0113ts sirds patolo\u0123ijas modelis.<\/p>","protected":false},"featured_media":19788,"template":"","meta":[],"product_cat":[75,79],"product_tag":[729,728,692,577,690,766],"class_list":{"0":"post-19787","1":"product","2":"type-product","3":"status-publish","4":"has-post-thumbnail","6":"product_brand-erler-zimmer-gmbh-co-kg","7":"product_cat-modeliai-manekenai-muliazai","8":"product_cat-mokymo-priemones-ir-iranga","9":"product_tag-3d-printed-models","10":"product_tag-3d-spausdinti-modeliai","11":"product_tag-erler-zimmer-gmbh-co-kg","12":"product_tag-modeliai","13":"product_tag-models","14":"product_tag-reumatinio-endokardito-modeliai","16":"first","17":"onbackorder","18":"shipping-taxable","19":"purchasable","20":"product-type-simple"},"_links":{"self":[{"href":"https:\/\/labostera.lt\/lv\/wp-json\/wp\/v2\/product\/19787","targetHints":{"allow":["GET"]}}],"collection":[{"href":"https:\/\/labostera.lt\/lv\/wp-json\/wp\/v2\/product"}],"about":[{"href":"https:\/\/labostera.lt\/lv\/wp-json\/wp\/v2\/types\/product"}],"wp:featuredmedia":[{"embeddable":true,"href":"https:\/\/labostera.lt\/lv\/wp-json\/wp\/v2\/media\/19788"}],"wp:attachment":[{"href":"https:\/\/labostera.lt\/lv\/wp-json\/wp\/v2\/media?parent=19787"}],"wp:term":[{"taxonomy":"product_cat","embeddable":true,"href":"https:\/\/labostera.lt\/lv\/wp-json\/wp\/v2\/product_cat?post=19787"},{"taxonomy":"product_tag","embeddable":true,"href":"https:\/\/labostera.lt\/lv\/wp-json\/wp\/v2\/product_tag?post=19787"}],"curies":[{"name":"wp","href":"https:\/\/api.w.org\/{rel}","templated":true}]}}