{"id":19784,"date":"2024-02-29T15:32:50","date_gmt":"2024-02-29T13:32:50","guid":{"rendered":"http:\/\/labostera.lt\/?post_type=product&#038;p=19784"},"modified":"2024-10-18T15:22:08","modified_gmt":"2024-10-18T12:22:08","slug":"dviburio-aortos-voztuvo-stenozes-3d-modelis-erler-zimmer-stenosis-bicuspid-aortic-valve-3d-printed-model","status":"publish","type":"product","link":"https:\/\/labostera.lt\/lv\/priemones-ir-iranga\/mokymo-priemones-ir-iranga\/modeliai-manekenai-muliazai\/dviburio-aortos-voztuvo-stenozes-3d-modelis-erler-zimmer-stenosis-bicuspid-aortic-valve-3d-printed-model\/","title":{"rendered":"Erlera-Zimmera stenozes bikuspid\u0101l\u0101 aortas v\u0101rstu\u013ca 3D druk\u0101tais modelis"},"content":{"rendered":"<h2><strong>\u201eErler-Zimmer GmbH &amp; Co. KG divvirzienu aortas v\u0101rstu\u013ca stenozes 3D modelis<\/strong>:<\/h2>\n<ul>\n<li>Mode\u013ca numurs: MP2038<\/li>\n<li>Kl\u012bnisk\u0101 v\u0113sture:<br \/>\n\u0160im prepar\u0101tam nav kl\u012bnisk\u0101s v\u0113stures.<\/li>\n<li>Patolo\u0123ija:<br \/>\n\u0160is prepar\u0101ts ir da\u013c\u0113js horizont\u0101ls 1,5 cm \u0161\u0137\u0113rsgriezums caur kreis\u0101 kambara plakni, kura glud\u0101 iek\u0161puse kop\u0101 ar kreis\u0101 atriuma pied\u0113kli un da\u013cu no kreis\u0101 kambara ir redzama zem\u0101k. Aug\u0161\u0113j\u0101 da\u013c\u0101 ir skaidri redzams plau\u0161u stumbrs (un da\u013ca no plau\u0161u trikuspid\u0101l\u0101 v\u0101rstu\u013ca) un aorta, ieskaitot skarto patolo\u0123isko bikuspid\u0101lo v\u0101rstu\u013cu. No \u0161\u012bs aug\u0161\u0113j\u0101s perspekt\u012bvas v\u0101rstu\u013cu pret\u0113j\u0101s mal\u0101s var redz\u0113t kalcific\u0113tu nodilumu vai sabiez\u0113jumus. Vien\u0101 no plau\u0161u v\u0101rstu\u013cu lapi\u0146\u0101m ir ar\u012b viens kalcifik\u0101cijas apgabals.<\/li>\n<li>Papildinform\u0101cija:<br \/>\nBikuspid\u0101l\u0101 aortas v\u0101rstu\u013ca stenoze ir izplat\u012bta iedzimta anom\u0101lija, kas bie\u017ei vien netiek atkl\u0101ta l\u012bdz pieaugu\u0161a cilv\u0113ka vecumam. Paties\u012bb\u0101 t\u0101 ir visizplat\u012bt\u0101k\u0101 iedzimt\u0101 sirds anom\u0101lija. Aortas v\u0101rstu\u013ca stenoze var b\u016bt no vieglas l\u012bdz smagai, un paz\u012bmes un simptomi parasti att\u012bst\u0101s, ja v\u0101rstu\u013ca sa\u0161aurin\u0101\u0161an\u0101s ir smaga. Da\u017eiem cilv\u0113kiem ar aortas v\u0101rstu\u013ca stenozi simptomu var neb\u016bt daudzus gadus. Paz\u012bmes un simptomi var b\u016bt patolo\u0123iska sirds ska\u0146a (sirds trok\u0161\u0146i), izstarojo\u0161as s\u0101pes kr\u016bt\u012bs (stenokardija), elpas tr\u016bkums un s\u0101pes kr\u016bt\u012bs, \u012bpa\u0161i pastiprin\u0101tas aktivit\u0101tes gad\u012bjum\u0101, un sirdsklauves \u2014 \u0101tras, sirdsklauves saj\u016bta. Aortas v\u0101rstu\u013ca stenozes sirds darb\u012bbu v\u0101jino\u0161\u0101 ietekme var izrais\u012bt sirds mazsp\u0113ju. Sirds mazsp\u0113jas paz\u012bmes un simptomi ir nogurums, elpas tr\u016bkums un piet\u016bku\u0161as k\u0101jas un p\u0113das.<\/li>\n<\/ul>\n<h3>Bikuspid\u0101l\u0101 aortas v\u0101rstu\u013ca stenozes 3D mode\u013ci \u2013 <a href=\"http:\/\/labostera.lt\/lv\/product-brand\/erler-zimmer-gmbh-co-kg\/\">Erlera-Zimmera anatomijas grupa<\/a><\/h3>\n<p>Vair\u0101k inform\u0101cijas: <a href=\"https:\/\/erler-zimmer.de\/shop\/en\/11379\" target=\"_blank\" rel=\"noopener nofollow\">ra\u017eot\u0101ja t\u012bmek\u013ca vietn\u0113<\/a> vai nos\u016btiet mums piepras\u012bjumu!<\/p>","protected":false},"excerpt":{"rendered":"<p>Erlera-Zimmera bikuspid\u0101l\u0101 aortas v\u0101rstu\u013ca stenozes 3D modelis \u2013 satrieco\u0161s sirds v\u0101rstu\u013cu skats.<\/p>","protected":false},"featured_media":19786,"template":"","meta":[],"product_cat":[75,79],"product_tag":[729,728,765,692,577,690],"class_list":{"0":"post-19784","1":"product","2":"type-product","3":"status-publish","4":"has-post-thumbnail","6":"product_brand-erler-zimmer-gmbh-co-kg","7":"product_cat-modeliai-manekenai-muliazai","8":"product_cat-mokymo-priemones-ir-iranga","9":"product_tag-3d-printed-models","10":"product_tag-3d-spausdinti-modeliai","11":"product_tag-dviburio-aortos-voztuvo-stenozes-modeliai","12":"product_tag-erler-zimmer-gmbh-co-kg","13":"product_tag-modeliai","14":"product_tag-models","16":"first","17":"onbackorder","18":"shipping-taxable","19":"purchasable","20":"product-type-simple"},"_links":{"self":[{"href":"https:\/\/labostera.lt\/lv\/wp-json\/wp\/v2\/product\/19784","targetHints":{"allow":["GET"]}}],"collection":[{"href":"https:\/\/labostera.lt\/lv\/wp-json\/wp\/v2\/product"}],"about":[{"href":"https:\/\/labostera.lt\/lv\/wp-json\/wp\/v2\/types\/product"}],"wp:featuredmedia":[{"embeddable":true,"href":"https:\/\/labostera.lt\/lv\/wp-json\/wp\/v2\/media\/19786"}],"wp:attachment":[{"href":"https:\/\/labostera.lt\/lv\/wp-json\/wp\/v2\/media?parent=19784"}],"wp:term":[{"taxonomy":"product_cat","embeddable":true,"href":"https:\/\/labostera.lt\/lv\/wp-json\/wp\/v2\/product_cat?post=19784"},{"taxonomy":"product_tag","embeddable":true,"href":"https:\/\/labostera.lt\/lv\/wp-json\/wp\/v2\/product_tag?post=19784"}],"curies":[{"name":"wp","href":"https:\/\/api.w.org\/{rel}","templated":true}]}}