{"id":19781,"date":"2024-02-29T14:17:50","date_gmt":"2024-02-29T12:17:50","guid":{"rendered":"http:\/\/labostera.lt\/?post_type=product&#038;p=19781"},"modified":"2024-10-18T15:22:09","modified_gmt":"2024-10-18T12:22:09","slug":"fallo-tetralogijos-3d-modelis-erler-zimmer-tetralogy-of-fallot-3d-printed-model","status":"publish","type":"product","link":"https:\/\/labostera.lt\/lv\/priemones-ir-iranga\/mokymo-priemones-ir-iranga\/modeliai-manekenai-muliazai\/fallo-tetralogijos-3d-modelis-erler-zimmer-tetralogy-of-fallot-3d-printed-model\/","title":{"rendered":"Fallo tetralo\u0123ijas 3D modelis Erlera-Cimmera Fallo tetralo\u0123ijas 3D druk\u0101tais modelis"},"content":{"rendered":"<h2><strong>\u201eErler-Zimmer GmbH &amp; Co. KG Fallo tetralo\u0123ijas 3D modelis<\/strong>:<\/h2>\n<ul>\n<li>Mode\u013ca numurs: MP2037<\/li>\n<li>Kl\u012bnisk\u0101 v\u0113sture:<br \/>\n21 m\u0113nesi vecs b\u0113rns tika uz\u0146emts ar p\u0113d\u0113jo 2\u20133 m\u0113ne\u0161u laik\u0101 nov\u0113rotu nogurumu un stenokardiju. \u0160aj\u0101 laik\u0101 bija vair\u0101kas ak\u016btas stenokardijas l\u0113kmes, katra no t\u0101m ilga l\u012bdz div\u0101m min\u016bt\u0113m. Izmekl\u0113\u0161an\u0101 tika atkl\u0101ta centr\u0101la cianoze, viegla pirkstu tr\u012bc\u0113\u0161ana un skarbs sistoliskais sirds troksnis, maksim\u0101li pie kreis\u0101s bar\u012bbas vada robe\u017eas. Sirds kateteriz\u0101cija \u013c\u0101va diagnostic\u0113t Fallot tetr\u0101di un smagu plau\u0161u t\u016bsku. Tika veikta \u0137irur\u0123iska korekcija (Willis-Potsa anastomoze starp aortu un kreis\u0101s plau\u0161u art\u0113rijas cilpu). B\u0113rnam 12 stundas p\u0113c oper\u0101cijas bija ak\u016bta stenokardija un kreis\u0101 kambara obstrukcija, un vi\u0146\u0161 nomira, neskatoties uz \u0101rst\u0113\u0161anu.<\/li>\n<li>Patolo\u0123ija:<br \/>\nB\u0113rna sirds ir redzama no priek\u0161\u0113j\u0101s puses. Lab\u0101 kambara priek\u0161\u0113j\u0101 siena ir no\u0146emta, lai par\u0101d\u012btu progres\u0113jo\u0161u lab\u0101 kambara hipertrofiju un \u0161auru plau\u0161u izpl\u016bdes traktu. Ar\u012b plau\u0161u v\u0101rstulis ir mazs, ar bikuspid\u0101liem sa\u0161aurin\u0101tiem cusps. Plau\u0161u v\u0101rstu\u013ca gredzena pamatn\u0113 ir endokardi\u0101la fibroze. Aortas izcelsme nosedz augstu kambara starpsienas defektu. Stents, iesp\u0113jams, ir ievietots aort\u0101 no hipertrof\u0113t\u0101 lab\u0101 kambara. Dist\u0101l\u0101ks stents, iesp\u0113jams, ir ievietots no \u0161aur\u0101 plau\u0161u stumbra papla\u0161in\u0101taj\u0101, pl\u0101nsienu kreisaj\u0101 plau\u0161u art\u0113rij\u0101 un caur \u0137irur\u0123isku anastomozi l\u012bdz dilsto\u0161ajai aortai. \u0160\u012b prepar\u0101ta aizmugur\u0113j\u0101s puses p\u0101rbaude par\u0101da atv\u0113rtu labo kambari un kreiso kambari. Skatoties no sirds lab\u0101s puses, ir liels atriosept\u0101ls defekts (ASD), 8 mm diametr\u0101, ov\u0101l\u0101 atveres viet\u0101 (liel\u0101 bulti\u0146as galvi\u0146a). V\u0113l viens mazs ASD (maz\u0101 bulti\u0146as galvi\u0146a), 3 mm diametr\u0101, atrodas aiz liel\u0101 ASD aug\u0161\u0113j\u0101s robe\u017eas. \u0145emiet v\u0113r\u0101, ka kreis\u0101 kambara siena ir nedaudz pl\u0101n\u0101ka nek\u0101 lab\u0101 kambara siena.<\/li>\n<li>Papildinform\u0101cija:<br \/>\nFallot tetr\u0101des \u010detras paz\u012bmes ir: 1. Kambaru starpsienas defekts (VSD); 2. Aorta, kas savienojas ar VSD ar abiem kambariem (aug\u0161\u0113j\u0101 aorta), nevis tikai ar kreiso kambari; 3. Plau\u0161u stenoze vai lab\u0101 kambara ekstrasistole; 4. Lab\u0101 kambara hipertrofija. \u0160is st\u0101voklis parasti izraisa cianozi agr\u012bn\u0101 dz\u012bves posm\u0101. T\u0101 smagums ir atkar\u012bgs no plau\u0161u izpl\u016bdes ce\u013cu sa\u0161aurin\u0101\u0161an\u0101s pak\u0101pes, kas nosaka, vai past\u0101v \u0161unts no kreis\u0101s uz labo vai no lab\u0101s uz kreiso pusi. Da\u017eiem pacientiem plau\u0161u asins pl\u016bsma ir palielin\u0101ta atv\u0113rta arteri\u0101l\u0101 kan\u0101la kl\u0101tb\u016btnes d\u0113\u013c. Pacienti ar \u0161o st\u0101vokli var nodz\u012bvot bez \u0101rst\u0113\u0161anas l\u012bdz pieaugu\u0161a cilv\u0113ka vecumam, un da\u017ei var sasniegt pusm\u016b\u017eu. Tom\u0113r \u0137irur\u0123iska korekcija tagad ir iesp\u0113jama un v\u0113lama, jo trauc\u0113jums galu gal\u0101 ir let\u0101ls. Da\u017ereiz var b\u016bt papildu sirds anom\u0101lija (piem\u0113ram, atriosept\u0101ls defekts, k\u0101 tas bija \u0161aj\u0101 gad\u012bjum\u0101).<\/li>\n<\/ul>\n<h3>Fallo tetralo\u0123ijas 3D mode\u013ci <a href=\"http:\/\/labostera.lt\/lv\/product-brand\/erler-zimmer-gmbh-co-kg\/\">Erlera-Zimmera anatomijas grupa<\/a><\/h3>\n<p>Vair\u0101k inform\u0101cijas: <a href=\"https:\/\/erler-zimmer.de\/shop\/en\/11378\" target=\"_blank\" rel=\"noopener nofollow\">ra\u017eot\u0101ja t\u012bmek\u013ca vietn\u0113<\/a> vai nos\u016btiet mums piepras\u012bjumu!<\/p>","protected":false},"excerpt":{"rendered":"<p>Erlera-Cimmera Fallo tetralo\u0123ijas 3D modelis \u2014 kl\u012bnisk\u0101s v\u0113stures p\u0101rskats un patolo\u0123ija. Iespaid\u012bgi sirds anom\u0101liju att\u0113li.<\/p>","protected":false},"featured_media":19782,"template":"","meta":[],"product_cat":[75,79],"product_tag":[729,728,692,764,577,690],"class_list":{"0":"post-19781","1":"product","2":"type-product","3":"status-publish","4":"has-post-thumbnail","6":"product_brand-erler-zimmer-gmbh-co-kg","7":"product_cat-modeliai-manekenai-muliazai","8":"product_cat-mokymo-priemones-ir-iranga","9":"product_tag-3d-printed-models","10":"product_tag-3d-spausdinti-modeliai","11":"product_tag-erler-zimmer-gmbh-co-kg","12":"product_tag-fallo-tetralogijos-modeliai","13":"product_tag-modeliai","14":"product_tag-models","16":"first","17":"onbackorder","18":"shipping-taxable","19":"purchasable","20":"product-type-simple"},"_links":{"self":[{"href":"https:\/\/labostera.lt\/lv\/wp-json\/wp\/v2\/product\/19781","targetHints":{"allow":["GET"]}}],"collection":[{"href":"https:\/\/labostera.lt\/lv\/wp-json\/wp\/v2\/product"}],"about":[{"href":"https:\/\/labostera.lt\/lv\/wp-json\/wp\/v2\/types\/product"}],"wp:featuredmedia":[{"embeddable":true,"href":"https:\/\/labostera.lt\/lv\/wp-json\/wp\/v2\/media\/19782"}],"wp:attachment":[{"href":"https:\/\/labostera.lt\/lv\/wp-json\/wp\/v2\/media?parent=19781"}],"wp:term":[{"taxonomy":"product_cat","embeddable":true,"href":"https:\/\/labostera.lt\/lv\/wp-json\/wp\/v2\/product_cat?post=19781"},{"taxonomy":"product_tag","embeddable":true,"href":"https:\/\/labostera.lt\/lv\/wp-json\/wp\/v2\/product_tag?post=19781"}],"curies":[{"name":"wp","href":"https:\/\/api.w.org\/{rel}","templated":true}]}}