{"id":19778,"date":"2024-02-29T13:27:15","date_gmt":"2024-02-29T11:27:15","guid":{"rendered":"http:\/\/labostera.lt\/?post_type=product&#038;p=19778"},"modified":"2024-10-18T15:22:10","modified_gmt":"2024-10-18T12:22:10","slug":"hipertrofines-subaortines-stenozes-3d-modelis-erler-zimmer-hypertrophic-subaortic-stenosis-3d-printed-model","status":"publish","type":"product","link":"https:\/\/labostera.lt\/lv\/priemones-ir-iranga\/mokymo-priemones-ir-iranga\/modeliai-manekenai-muliazai\/hipertrofines-subaortines-stenozes-3d-modelis-erler-zimmer-hypertrophic-subaortic-stenosis-3d-printed-model\/","title":{"rendered":"Hipertrofiskas subaortiskas stenozes 3D modelis Erlera-Zimmera hipertrofiskas subaortiskas stenozes 3D druk\u0101ts modelis"},"content":{"rendered":"<h2><strong>Erler-Zimmer GmbH &amp; Co. KG hipertrofiskas subaort\u0101l\u0101s stenozes 3D modelis<\/strong>:<\/h2>\n<ul>\n<li>Mode\u013ca numurs: MP2036<\/li>\n<li>Kl\u012bnisk\u0101 v\u0113sture:<br \/>\nTievs 42 gadus vecs amerik\u0101\u0146u t\u016brists tika atrasts miris sav\u0101 viesn\u012bcas numuri\u0146\u0101. Tika veikta koronera autopsija.<\/li>\n<li>Patolo\u0123ija:<br \/>\n\u0160is ir gar\u0161 griezums caur sirdi, kur\u0101 redzami kreisais un labais kambaris, k\u0101 ar\u012b kambara siena. Iev\u0113rojama anom\u0101lija ir iespaid\u012bgi bieza kambara siena un kreis\u0101 kambara hipertrofija. Redzamie aortas v\u0101rsti izskat\u0101s patolo\u0123iski, t\u0101pat k\u0101 mitr\u0101lais v\u0101rsts. Kambaru siena ir tik liela, ka t\u0101 iek\u013c\u016bst kreis\u0101 kambara dobum\u0101.<\/li>\n<li>Diagnoze:<br \/>\nIdiop\u0101tiska hipertrofiska subaort\u0101la stenoze, kas paz\u012bstama ar\u012b k\u0101 hipertrofiska kardiomiop\u0101tija.<\/li>\n<li>Papildinform\u0101cija:<br \/>\nSubaort\u0101la stenoze tiek uzskat\u012bta par ieg\u016btu, nevis iedzimtu, un past\u0101v aizdomas, ka t\u0101 rodas kreis\u0101 kambara izpl\u016bdes trakta (KKIM) arhitekt\u016bras pamat\u0101 eso\u0161a defekta d\u0113\u013c. Defekts var b\u016bt t\u0101ds, ka ieg\u016bt\u0101 turbulent\u0101 asins pl\u016bsma izraisa kreis\u0101 kambara dobuma art\u0113rijas (LVOT) un aortas v\u0101rstu\u013ca progres\u0113jo\u0161u sabiez\u0113\u0161anu un fibrozi. Slim\u012bba bie\u017ei progres\u0113 l\u012bdz hipertrofiskai kardiomiop\u0101tijai, jo palielin\u0101s aortas spiediens, kas j\u0101p\u0101rvar kreisajam kambarim. Viegla vai vid\u0113ji smaga stenoze bie\u017ei vien ir asimptom\u0101tiska. Slim\u012bbai progres\u0113jot un stenozei k\u013c\u016bstot smagai, var rasties t\u0101di simptomi k\u0101 stenokardija un \u0123\u012bbonis. Izmekl\u0113\u0161anu un sekojo\u0161u diagnozi bie\u017ei vien izraisa sistolisk\u0101 sirds trok\u0161\u0146a kl\u0101tb\u016btne fizisk\u0101s apskates laik\u0101. Diagnozes apstiprin\u0101\u0161anai tiek izmantota ehokardiogr\u0101fija.<\/li>\n<\/ul>\n<h3>Hipertrofiskas subaort\u0101l\u0101s stenozes 3D mode\u013ci \u2013 <a href=\"http:\/\/labostera.lt\/lv\/product-brand\/erler-zimmer-gmbh-co-kg\/\">Erlera-Zimmera anatomijas grupa<\/a><\/h3>\n<p>Vair\u0101k inform\u0101cijas: <a href=\"https:\/\/erler-zimmer.de\/shop\/en\/11377\" target=\"_blank\" rel=\"noopener nofollow\">ra\u017eot\u0101ja t\u012bmek\u013ca vietn\u0113<\/a> vai nos\u016btiet mums piepras\u012bjumu!<\/p>","protected":false},"excerpt":{"rendered":"<p>Erlera-Zimmera hipertrofiskas subaortiskas stenozes 3D modelis \u2013 amerik\u0101\u0146u t\u016brista n\u0101ves p\u0113t\u012bjums. Sirds anom\u0101lijas modelis.<\/p>","protected":false},"featured_media":19779,"template":"","meta":[],"product_cat":[75,79],"product_tag":[729,728,692,763,577,690],"class_list":{"0":"post-19778","1":"product","2":"type-product","3":"status-publish","4":"has-post-thumbnail","6":"product_brand-erler-zimmer-gmbh-co-kg","7":"product_cat-modeliai-manekenai-muliazai","8":"product_cat-mokymo-priemones-ir-iranga","9":"product_tag-3d-printed-models","10":"product_tag-3d-spausdinti-modeliai","11":"product_tag-erler-zimmer-gmbh-co-kg","12":"product_tag-hipertrofines-subaortines-stenozes-modeliai","13":"product_tag-modeliai","14":"product_tag-models","16":"first","17":"onbackorder","18":"shipping-taxable","19":"purchasable","20":"product-type-simple"},"_links":{"self":[{"href":"https:\/\/labostera.lt\/lv\/wp-json\/wp\/v2\/product\/19778","targetHints":{"allow":["GET"]}}],"collection":[{"href":"https:\/\/labostera.lt\/lv\/wp-json\/wp\/v2\/product"}],"about":[{"href":"https:\/\/labostera.lt\/lv\/wp-json\/wp\/v2\/types\/product"}],"wp:featuredmedia":[{"embeddable":true,"href":"https:\/\/labostera.lt\/lv\/wp-json\/wp\/v2\/media\/19779"}],"wp:attachment":[{"href":"https:\/\/labostera.lt\/lv\/wp-json\/wp\/v2\/media?parent=19778"}],"wp:term":[{"taxonomy":"product_cat","embeddable":true,"href":"https:\/\/labostera.lt\/lv\/wp-json\/wp\/v2\/product_cat?post=19778"},{"taxonomy":"product_tag","embeddable":true,"href":"https:\/\/labostera.lt\/lv\/wp-json\/wp\/v2\/product_tag?post=19778"}],"curies":[{"name":"wp","href":"https:\/\/api.w.org\/{rel}","templated":true}]}}