{"id":19775,"date":"2024-02-29T11:58:30","date_gmt":"2024-02-29T09:58:30","guid":{"rendered":"http:\/\/labostera.lt\/?post_type=product&#038;p=19775"},"modified":"2024-10-18T15:22:11","modified_gmt":"2024-10-18T12:22:11","slug":"hidatidines-ligos-3d-modelis-erler-zimmer-hydatid-disease-3d-printed-model","status":"publish","type":"product","link":"https:\/\/labostera.lt\/lv\/priemones-ir-iranga\/mokymo-priemones-ir-iranga\/modeliai-manekenai-muliazai\/hidatidines-ligos-3d-modelis-erler-zimmer-hydatid-disease-3d-printed-model\/","title":{"rendered":"E\u013c\u013cas e\u013c\u013co\u0161anas slim\u012bbas 3D modelis Erlera-Zimmera e\u013c\u013cas e\u013c\u013co\u0161anas slim\u012bbas 3D druk\u0101tais modelis"},"content":{"rendered":"<h2><strong>Erler-Zimmer GmbH &amp; Co. KG Hydatid slim\u012bbas 3D modelis<\/strong>:<\/h2>\n<ul>\n<li>Mode\u013ca numurs: MP2035<\/li>\n<li>Kl\u012bnisk\u0101 v\u0113sture:<br \/>\n\u0160ai 11 gadus vecajai meitenei bija 18 m\u0113ne\u0161us ilga hidat\u012bdu slim\u012bbas anamn\u0113ze (skat\u012bt zem\u0101k). Kopum\u0101 no b\u0113rna smadzen\u0113m tr\u012bs reizes tika iz\u0146emtas 17 cistas, un v\u0113l\u0101k cistas tika atrastas nier\u0113s, v\u0113dera dobum\u0101 un v\u0113dera aortas bifurk\u0101cij\u0101. Sirds rentgen\u0101 bija redzama kalcific\u0113ta cista, un pacients tika nos\u016bt\u012bts uz terci\u0101r\u0101s apr\u016bpes slimn\u012bcu t\u0101s iz\u0146em\u0161anai. Pacienta st\u0101voklis pasliktin\u0101j\u0101s un vi\u0146\u0161 nomira p\u0113c atkl\u0101tas sirds oper\u0101cijas, kuras laik\u0101 kreisaj\u0101 kambar\u012b tika atrasta mirsto\u0161a hydat\u012bdu cista.<\/li>\n<li>Patolo\u0123ija:<br \/>\nMateri\u0101li tika \u0146emti no sirds, no\u0146emot kreiso kambari, un no aortas no t\u0101s norm\u0101l\u0101s da\u013cas l\u012bdz priek\u0161\u0113jai bifurk\u0101cijai. Aortas aug\u0161pus\u0113 ir redzami da\u017ei ateromatozi nogulumi. Pret\u0113j\u0101 bifurk\u0101cijas punkt\u0101 ir liela pirmsn\u0101ves aizsprostotu asins recek\u013cu masa, kas atzarojas ab\u0101s kop\u0113j\u0101s iegur\u0146a art\u0113rij\u0101s.<\/li>\n<li>Hidat\u012bdu cistas aiz\u0146em v\u0113dera aortu t\u0101s bifurk\u0101cijas viet\u0101 un kan\u0101lu, kas savieno kreiso kambari un kreiso atriumu.<\/li>\n<li>Histolo\u0123ij\u0101 tika konstat\u0113tas cistas, kas atrodas aortas sien\u0101 un sast\u0101v no 3 sl\u0101\u0146iem: \u0101r\u0113j\u0101 pericistiska \u0161\u0137iedru sl\u0101\u0146a; ektocistas vid\u0113jais sl\u0101nis, kas bija lamin\u0113ts, hial\u012bns un acelul\u0101rs; un iek\u0161\u0113j\u0101 endocista d\u012bg\u013ca sl\u0101n\u012b, kas sast\u0101v no meitas cist\u0101m un olvadu kapsul\u0101m ar skolij\u0101m. Aortas sien\u0101 tika nov\u0113rota ar\u012b lok\u0101la granulomatoza palis\u0101des reakcija.<\/li>\n<li>Papildinform\u0101cija:<br \/>\nHidat\u012bda cista ir cilv\u0113ka parazit\u0101ra slim\u012bba, ko izraisa cestodes t\u0101rpa Echinococcus granulosus k\u0101puru stadija, kas parazit\u0113 su\u0146u, to gal\u012bgo saimnieku, zarn\u0101s. Cilv\u0113ks var darboties k\u0101 neapzin\u0101ts saimnieks, pat\u0113r\u0113jot olas d\u0101rze\u0146os vai \u016bden\u012b, kas pies\u0101r\u0146ots ar su\u0146u izk\u0101rn\u012bjumiem. Cilv\u0113ki infic\u0113jas, \u0113dot olas, kas izmestas ar su\u0146u izk\u0101rn\u012bjumiem. No ol\u0101m izdal\u012bt\u0101s onkosf\u0113ras iek\u013c\u016bst zarnu g\u013cot\u0101d\u0101 un caur port\u0101lu sist\u0113mu nos\u0113\u017eas akn\u0101s, plau\u0161\u0101s, musku\u013cos vai citos org\u0101nos, kur veidojas hidat\u012bdu cistas.<\/li>\n<li>Hidat\u012bdu slim\u012bba ir end\u0113miska pasaules lopkop\u012bbas re\u0123ionos, \u012bpa\u0161i Vidusj\u016bras re\u0123iona valst\u012bs, Tuvajos Austrumos, Dienvidamerik\u0101, Austr\u0101lij\u0101 un Jaunz\u0113land\u0113. Lai gan neviens org\u0101ns organism\u0101 nevar izvair\u012bties no hidat\u012bdu cist\u0101m, t\u0101s visbie\u017e\u0101k ietekm\u0113 aknas un plau\u0161as. Sirdsdarb\u012bbas trauc\u0113jumi ir daudz ret\u0101k sastopams, bet potenci\u0101li let\u0101ls st\u0101voklis, un tie veido 0,5\u201321% no visiem hydatid gad\u012bjumiem. Sirds komplik\u0101cijas un to izpausmes at\u0161\u0137iras atkar\u012bb\u0101 no cistas(-u) atra\u0161an\u0101s vietas, lieluma un integrit\u0101tes. Visbie\u017e\u0101k tiek ietekm\u0113ts kreis\u0101 kambara miokards. Perikarda iesaist\u012b\u0161an\u0101s visbie\u017e\u0101k rodas multifok\u0101las sirds ehinokokozes gad\u012bjum\u0101. Cistas aug\u0161ana noved pie t\u0101s iespie\u0161an\u0101s sirds sienas v\u0101j\u0101kaj\u0101 pus\u0113 - epikard\u0101 vai endokard\u0101. Kreis\u0101 kambara HC parasti ir subepikardi\u0101li un t\u0101p\u0113c reti pl\u012bst perikarda telp\u0101. Tom\u0113r, ja rodas pl\u012bsums, tas var b\u016bt kluss vai izrais\u012bt ak\u016btu perikarda tampon\u0101di, konstrikt\u012bvu perikard\u012btu vai sekund\u0101ru perikarda cistu.<\/li>\n<\/ul>\n<h3>Hidat\u012bdu slim\u012bbas 3D mode\u013ci \u2013 <a href=\"http:\/\/labostera.lt\/lv\/product-brand\/erler-zimmer-gmbh-co-kg\/\">Erlera-Zimmera anatomijas grupa<\/a><\/h3>\n<p>Vair\u0101k inform\u0101cijas: <a href=\"https:\/\/erler-zimmer.de\/shop\/en\/11376\" target=\"_blank\" rel=\"noopener nofollow\">ra\u017eot\u0101ja t\u012bmek\u013ca vietn\u0113<\/a> vai nos\u016btiet mums piepras\u012bjumu!<\/p>","protected":false},"excerpt":{"rendered":"<p>Erlera-Zimmera hidanila slim\u012bbas 3D modelis \u2013 zin\u0101tnisk\u0101 inform\u0101cija un kl\u012bnisk\u0101 v\u0113sture. 11 gadus vecas meitenes gad\u012bjums.<\/p>","protected":false},"featured_media":19777,"template":"","meta":[],"product_cat":[75,79],"product_tag":[729,728,692,762,577,690],"class_list":{"0":"post-19775","1":"product","2":"type-product","3":"status-publish","4":"has-post-thumbnail","6":"product_brand-erler-zimmer-gmbh-co-kg","7":"product_cat-modeliai-manekenai-muliazai","8":"product_cat-mokymo-priemones-ir-iranga","9":"product_tag-3d-printed-models","10":"product_tag-3d-spausdinti-modeliai","11":"product_tag-erler-zimmer-gmbh-co-kg","12":"product_tag-hidatidines-ligos-modeliai","13":"product_tag-modeliai","14":"product_tag-models","16":"first","17":"onbackorder","18":"shipping-taxable","19":"purchasable","20":"product-type-simple"},"_links":{"self":[{"href":"https:\/\/labostera.lt\/lv\/wp-json\/wp\/v2\/product\/19775","targetHints":{"allow":["GET"]}}],"collection":[{"href":"https:\/\/labostera.lt\/lv\/wp-json\/wp\/v2\/product"}],"about":[{"href":"https:\/\/labostera.lt\/lv\/wp-json\/wp\/v2\/types\/product"}],"wp:featuredmedia":[{"embeddable":true,"href":"https:\/\/labostera.lt\/lv\/wp-json\/wp\/v2\/media\/19777"}],"wp:attachment":[{"href":"https:\/\/labostera.lt\/lv\/wp-json\/wp\/v2\/media?parent=19775"}],"wp:term":[{"taxonomy":"product_cat","embeddable":true,"href":"https:\/\/labostera.lt\/lv\/wp-json\/wp\/v2\/product_cat?post=19775"},{"taxonomy":"product_tag","embeddable":true,"href":"https:\/\/labostera.lt\/lv\/wp-json\/wp\/v2\/product_tag?post=19775"}],"curies":[{"name":"wp","href":"https:\/\/api.w.org\/{rel}","templated":true}]}}