{"id":19768,"date":"2024-02-29T09:30:35","date_gmt":"2024-02-29T07:30:35","guid":{"rendered":"http:\/\/labostera.lt\/?post_type=product&#038;p=19768"},"modified":"2024-10-18T15:22:13","modified_gmt":"2024-10-18T12:22:13","slug":"dviburnis-aortos-voztuvo-3d-modelis-erler-zimmer-bicuspid-aortic-valve-3d-printed-model","status":"publish","type":"product","link":"https:\/\/labostera.lt\/lv\/priemones-ir-iranga\/mokymo-priemones-ir-iranga\/modeliai-manekenai-muliazai\/dviburnis-aortos-voztuvo-3d-modelis-erler-zimmer-bicuspid-aortic-valve-3d-printed-model\/","title":{"rendered":"Erlera-Zimmera bikuspid\u0101l\u0101 aortas v\u0101rstu\u013ca 3D druk\u0101tais modelis"},"content":{"rendered":"<h2><strong>Erler-Zimmer GmbH &amp; Co. KG bikuspid\u0101l\u0101 aortas v\u0101rstu\u013ca 3D modelis<\/strong>:<\/h2>\n<ul>\n<li>Mode\u013ca kods: MP2033<\/li>\n<li>Kl\u012bnisk\u0101 v\u0113sture\n<ul>\n<li>64 gadus veca sieviete s\u016bdz\u0113j\u0101s par s\u0101p\u0113m kr\u016bt\u012bs 5 m\u0113ne\u0161us, kas bija saist\u012btas ar aizdusu un s\u0113k\u0161anu 4 m\u0113ne\u0161us. Izmekl\u0113\u0161an\u0101 vi\u0146a bija apsl\u0101p\u0113ta, ar izelpas s\u0113k\u0161anu, krepit\u0101cij\u0101m kreisaj\u0101 pus\u0113 un lab\u0101s pleiras izsv\u012bduma paz\u012bm\u0113m. Pulss un asinsspiediens bija norm\u0101li. Perikarda zon\u0101, 5. kreisaj\u0101 starpribu telp\u0101, 10 cm att\u0101lum\u0101 no vidusl\u012bnijas, bija dzirdams sistoliskais sirds troksnis un sp\u0113c\u012bga puls\u0101cija. Perif\u0113ras t\u016bskas nebija. Pacients nomira 4 dienas p\u0113c uz\u0146em\u0161anas.<\/li>\n<\/ul>\n<\/li>\n<li>Patolo\u0123ija\n<ul>\n<li>Sirds tika atv\u0113rta, lai atsegtu kreiso kambari un ar to saist\u012btos v\u0101rstus. Aortas v\u0101rstam ir 2 lapi\u0146as, nevis ierast\u0101s tr\u012bs. V\u0101rsti cit\u0101di ir norm\u0101li, iz\u0146emot retu nelielu sabiez\u0113jumu. Aortas kreis\u0101s un lab\u0101s koron\u0101ro art\u0113riju saknes un kreis\u0101 koron\u0101r\u0101 art\u0113rija ap sirdi ir pla\u0161i atv\u0113rtas, t\u0101pat k\u0101 kreis\u0101 ap\u013cveida koron\u0101r\u0101 art\u0113rija, kas redzama parauga apak\u0161\u0113j\u0101s lab\u0101s rokas atrioventrikul\u0101r\u0101 atveres \u0161\u0137\u0113rsgriezum\u0101. Paraug\u0101 ir redzama bieza perikarda fibroze un saaugumi gal\u0101, kas liecina par restrikt\u012bvu perikard\u012btu. \u0160is iemesls v\u0113stur\u0113 nav atrodams. Autopsij\u0101 tika atkl\u0101ts asc\u012bts, neliela sarukusi aknu da\u013ca uz cirozes fona, divpus\u0113ji pleiras izsv\u012bdumi (L&gt;L) un lab\u0101s plau\u0161u sabrukums. N\u0101ves c\u0113lonis bija aknu ciroze un mazsp\u0113ja, ko, iesp\u0113jams, izrais\u012bja iepriek\u0161 aprakst\u012btais ierobe\u017eojo\u0161ais perikard\u012bts. Bikuspid\u0101l\u0101 aortas v\u0101rstu\u013ca atradums bija nejau\u0161a.<\/li>\n<\/ul>\n<\/li>\n<li>Papildinform\u0101cija\n<ul>\n<li>Bikuspid\u0101lais aortas v\u0101rstulis ir bie\u017e\u0101k sastopama iedzimta anom\u0101lija, nek\u0101 pla\u0161i tiek uzskat\u012bts, jo tas var palikt asimptom\u0101tisks l\u012bdz v\u0113l\u0101kam dz\u012bves posmam. \u0160is st\u0101voklis predispon\u0113 kalcific\u0113tas aortas stenozes att\u012bst\u012bbai, parasti 5.-7. dz\u012bves desmitgad\u0113. T\u0101s var rasties atsevi\u0161\u0137i vai k\u0101 da\u013ca no iedzimta sindroma, piem\u0113ram, Fallot tetr\u0101des. P\u0113d\u0113j\u0101 ir \u010detru iedzimtu anom\u0101liju kombin\u0101cija, tostarp kambaru starpsienas defekts, plau\u0161u v\u0101rstules stenoze, nepareizi novietota aorta un lab\u0101 kambara hipertrofija.<\/li>\n<li>Bikuspid\u0101lajiem aortas v\u0101rstiem ir nevienl\u012bdz\u012bgas lapi\u0146as, parasti t\u0101p\u0113c, ka divas no trim norm\u0101laj\u0101m lapi\u0146\u0101m ir sapludin\u0101tas kop\u0101. Tas var izrais\u012bt liel\u0101ku v\u0101rstu\u013cu disfunkciju. Pacienti ar bikuspid\u0101liem aortas v\u0101rstiem ir \u013coti pak\u013cauti aortas papla\u0161in\u0101\u0161an\u0101s un pl\u012bsuma riskam.<\/li>\n<li>Gados vec\u0101kiem cilv\u0113kiem divvirzienu aortas v\u0101rsti m\u0113dz kalcific\u0113ties bie\u017e\u0101k nek\u0101 tr\u012bsvirzienu aortas v\u0101rsti, un tas ir saist\u012bts ar patolo\u0123isku kust\u012bbu un uzbudin\u0101jumu, ko izraisa nevien\u0101di v\u0101rstu\u013cu izm\u0113ri.<\/li>\n<li>Pacientiem novecojot, var att\u012bst\u012bties aortas stenoze vai aortas regurgit\u0101cija. Kad \u0161ie simptomi k\u013c\u016bst smagi, var att\u012bst\u012bties simptomi, kas saist\u012bti ar elpas tr\u016bkumu un samazin\u0101tu fizisk\u0101s slodzes toleranci. \u0160\u012b var b\u016bt pirm\u0101 bikuspid\u0101l\u0101 aortas v\u0101rstu\u013ca paz\u012bme. Bikuspid\u0101l\u0101 aortas v\u0101rstu\u013ca diagnoze tiek apstiprin\u0101ta, izmantojot transtorak\u0101lo ehokardiogrammu.<\/li>\n<\/ul>\n<\/li>\n<\/ul>\n<h3>Bikuspid\u0101l\u0101 aortas v\u0101rstu\u013ca 3D mode\u013ci \u2013 <a href=\"http:\/\/labostera.lt\/lv\/product-brand\/erler-zimmer-gmbh-co-kg\/\">Erlera-Zimmera anatomijas grupa<\/a><\/h3>\n<p>Vair\u0101k inform\u0101cijas: <a href=\"https:\/\/erler-zimmer.de\/shop\/en\/11374\" target=\"_blank\" rel=\"noopener nofollow\">ra\u017eot\u0101ja t\u012bmek\u013ca vietn\u0113<\/a> vai nos\u016btiet mums piepras\u012bjumu!<\/p>","protected":false},"excerpt":{"rendered":"<p>Erlera-Zimmera bikuspid\u0101l\u0101 aortas v\u0101rstu\u013ca 3D modelis. R\u012bks pier\u0101d\u012bjumu un apm\u0101c\u012bbas nol\u016bkos.<\/p>","protected":false},"featured_media":19770,"template":"","meta":[],"product_cat":[75,79],"product_tag":[729,728,692,577,690,760],"class_list":{"0":"post-19768","1":"product","2":"type-product","3":"status-publish","4":"has-post-thumbnail","6":"product_brand-erler-zimmer-gmbh-co-kg","7":"product_cat-modeliai-manekenai-muliazai","8":"product_cat-mokymo-priemones-ir-iranga","9":"product_tag-3d-printed-models","10":"product_tag-3d-spausdinti-modeliai","11":"product_tag-erler-zimmer-gmbh-co-kg","12":"product_tag-modeliai","13":"product_tag-models","14":"product_tag-priesirdziu-pertvaros-defekto-modeliai","16":"first","17":"onbackorder","18":"shipping-taxable","19":"purchasable","20":"product-type-simple"},"_links":{"self":[{"href":"https:\/\/labostera.lt\/lv\/wp-json\/wp\/v2\/product\/19768","targetHints":{"allow":["GET"]}}],"collection":[{"href":"https:\/\/labostera.lt\/lv\/wp-json\/wp\/v2\/product"}],"about":[{"href":"https:\/\/labostera.lt\/lv\/wp-json\/wp\/v2\/types\/product"}],"wp:featuredmedia":[{"embeddable":true,"href":"https:\/\/labostera.lt\/lv\/wp-json\/wp\/v2\/media\/19770"}],"wp:attachment":[{"href":"https:\/\/labostera.lt\/lv\/wp-json\/wp\/v2\/media?parent=19768"}],"wp:term":[{"taxonomy":"product_cat","embeddable":true,"href":"https:\/\/labostera.lt\/lv\/wp-json\/wp\/v2\/product_cat?post=19768"},{"taxonomy":"product_tag","embeddable":true,"href":"https:\/\/labostera.lt\/lv\/wp-json\/wp\/v2\/product_tag?post=19768"}],"curies":[{"name":"wp","href":"https:\/\/api.w.org\/{rel}","templated":true}]}}