{"id":19764,"date":"2024-02-29T08:48:33","date_gmt":"2024-02-29T06:48:33","guid":{"rendered":"http:\/\/labostera.lt\/?post_type=product&#038;p=19764"},"modified":"2024-10-18T15:22:14","modified_gmt":"2024-10-18T12:22:14","slug":"priesirdziu-pertvaros-defekto-3d-modelis-erler-zimmer-atrial-septal-defect-3d-printed-model","status":"publish","type":"product","link":"https:\/\/labostera.lt\/lv\/priemones-ir-iranga\/mokymo-priemones-ir-iranga\/modeliai-manekenai-muliazai\/priesirdziu-pertvaros-defekto-3d-modelis-erler-zimmer-atrial-septal-defect-3d-printed-model\/","title":{"rendered":"Erlera-Zimmera priek\u0161kambaru starpsienas defekta 3D druk\u0101tais modelis"},"content":{"rendered":"<h2><strong>Erler-Zimmer GmbH &amp; Co. KG priek\u0161kambaru starpsienas defekta 3D modelis<\/strong>:<\/h2>\n<ul>\n<li>Mode\u013ca kods: MP2032<\/li>\n<li>Kl\u012bnisk\u0101 v\u0113sture\n<ul>\n<li>10 gadus veca meitene ar zin\u0101mu iedzimtu sirds slim\u012bbu tika uz\u0146emta oper\u0101cijai nesen s\u0101ku\u0161\u0101s cianozes un sirds mazsp\u0113jas d\u0113\u013c. Izmekl\u0113\u0161anas laik\u0101 vi\u0146ai bija apgr\u016btin\u0101ta elpo\u0161ana, asinsspiediens bija 105\/60 mm\/Hg, un pulss bija 140 sitieni min\u016bt\u0113. Ceturtaj\u0101 kreisaj\u0101 starpribu telp\u0101 pie kr\u016bt\u012bm bija dzirdama ska\u013ca sirds murmin\u0101\u0161ana. Jugul\u0101rais venozais spiediens bija paaugstin\u0101ts, un bija dzirdamas divpus\u0113jas plau\u0161u krepit\u0101cijas, bet perif\u0113ras t\u016bskas nebija. Defekts tika nov\u0113rsts oper\u0101cijas laik\u0101; tom\u0113r p\u0113coper\u0101cijas n\u0101ve iest\u0101j\u0101s p\u0113c p\u0113k\u0161\u0146as, neizskaidrojamas st\u0101vok\u013ca pasliktin\u0101\u0161an\u0101s.<\/li>\n<\/ul>\n<\/li>\n<li>Patolo\u0123ija\n<ul>\n<li>Sirds ir redzama no kreis\u0101s puses. Kreisais kambaris tika atv\u0113rts, lai atkl\u0101tu lielu ov\u0101las formas defektu, kura liel\u0101kais diametrs bija 3,5 cm, starp priek\u0161kambaru starpsienu. Saglab\u0101j\u0101s tikai neliela defekta aizmugur\u0113j\u0101 postero-inferior da\u013ca. Kreisais kambaris ir mazs, bet labais kambaris ir hipertrof\u0113ts (skat\u012bt parauga galu, kur da\u013ca no lab\u0101 kambara lab\u0101s gala sienas ir izgriezta, lai par\u0101d\u012btu sabiez\u0113ju\u0161o sienu). Plau\u0161u art\u0113rija, kas redzama pa kreisi no priek\u0161kambaru dobumiem, bija iev\u0113rojami papla\u0161in\u0101ta. Maz\u0101kais trauks, kas redzams virs plau\u0161u art\u0113rijas griezuma gala, ir aortas arka. 8 mm diametra l\u016bmena iegriezuma mala, kas atrodas tie\u0161i aiz plau\u0161u art\u0113rijas iegriezuma gala, ir kreis\u0101s auss priek\u0161kambara pied\u0113klis.<\/li>\n<\/ul>\n<\/li>\n<li>Papildinform\u0101cija\n<ul>\n<li>Atri\u0101cijas starpsienas defekts agr\u012bn\u0101 dz\u012bves posm\u0101 parasti ir asimptom\u0101tisks, pat ja tas ir liels. Simptomi var nepar\u0101d\u012bties l\u012bdz pilngad\u012bbai. Simptomu par\u0101d\u012b\u0161an\u0101s rodas s\u0101kotn\u0113j\u0101s asinsvadu s\u016bk\u0146a \u0161unt\u0113\u0161anas no kreis\u0101s uz labo pusi d\u0113\u013c, ko izraisa pastiprin\u0101ta lab\u0101 kambara hipertrofija un plau\u0161u hipertensija. Sekojo\u0161ais \u0161unts no lab\u0101s uz kreiso pusi ir saist\u012bts ar cianozi un aizdusu, un galu gal\u0101 noved pie sirds mazsp\u0113jas.<\/li>\n<li>Past\u0101v vair\u0101ki priek\u0161kambaru starpsienas defektu veidi, tostarp:\n<ul>\n<li>Secundum ir visizplat\u012bt\u0101kais PSK veids, un tas notiek starp diviem priek\u0161kambaru starpsienu.<\/li>\n<li>Primums \u2013 \u0161is defekts rodas priek\u0161kambaru starpsienas apak\u0161\u0113j\u0101 da\u013c\u0101 un var rasties kop\u0101 ar cit\u0101m iedzimt\u0101m sirds probl\u0113m\u0101m.<\/li>\n<li>Sinus venosus \u2013 \u0161is retais defekts parasti rodas priek\u0161kambaru starpsienas aug\u0161\u0113j\u0101 da\u013c\u0101 un bie\u017ei ir saist\u012bts ar cit\u0101m iedzimt\u0101m sirds probl\u0113m\u0101m.<\/li>\n<li>Koron\u0101rais sinuss \u2013 \u0161\u012b ret\u0101 defekta gad\u012bjum\u0101 tiek zaud\u0113ta da\u013ca sienas starp koron\u0101ro sinusu, kas ir da\u013ca no sirds venoz\u0101s sist\u0113mas, un kreiso priek\u0161kambari.<\/li>\n<\/ul>\n<\/li>\n<li>Nav zin\u0101ms, k\u0101p\u0113c rodas visi priek\u0161kambaru starpsienas defekti, ta\u010du da\u017ei iedzimti sirds defekti, \u0161\u0137iet, ir iedzimti un da\u017ereiz rodas kop\u0101 ar cit\u0101m \u0123en\u0113tisk\u0101m probl\u0113m\u0101m, piem\u0113ram, 21. trisomiju (Dauna sindromu). Da\u017ei st\u0101vok\u013ci gr\u016btniec\u012bbas laik\u0101 var palielin\u0101t risku, ka b\u0113rnam b\u016bs sirds defekts, tostarp ak\u016btas infekcijas, piem\u0113ram, masali\u0146as; medikamentu, tabakas vai alkohola lieto\u0161ana vai noteiktu vielu (piem\u0113ram, koka\u012bna) iedarb\u012bba gr\u016btniec\u012bbas pirmaj\u0101 trimestr\u012b; un pamat\u0101 eso\u0161as sist\u0113miskas slim\u012bbas, piem\u0113ram, diab\u0113ts vai sist\u0113miska sarkan\u0101 vilk\u0113de.<\/li>\n<\/ul>\n<\/li>\n<\/ul>\n<h3>Atriuma starpsienas defekta 3D mode\u013ci \u2013 <a href=\"http:\/\/labostera.lt\/lv\/product-brand\/erler-zimmer-gmbh-co-kg\/\">Erlera-Zimmera anatomijas grupa<\/a><\/h3>\n<p>Vair\u0101k inform\u0101cijas: <a href=\"https:\/\/erler-zimmer.de\/shop\/en\/11373\" target=\"_blank\" rel=\"noopener nofollow\">ra\u017eot\u0101ja t\u012bmek\u013ca vietn\u0113<\/a> vai nos\u016btiet mums piepras\u012bjumu!<\/p>","protected":false},"excerpt":{"rendered":"<p>Erlera-Zimmera priek\u0161kambaru starpsienas defekta 3D modelis. R\u012bks pier\u0101d\u012bjumu un apm\u0101c\u012bbas nol\u016bkos.<\/p>","protected":false},"featured_media":19766,"template":"","meta":[],"product_cat":[75,79],"product_tag":[729,728,692,577,690,760],"class_list":{"0":"post-19764","1":"product","2":"type-product","3":"status-publish","4":"has-post-thumbnail","6":"product_brand-erler-zimmer-gmbh-co-kg","7":"product_cat-modeliai-manekenai-muliazai","8":"product_cat-mokymo-priemones-ir-iranga","9":"product_tag-3d-printed-models","10":"product_tag-3d-spausdinti-modeliai","11":"product_tag-erler-zimmer-gmbh-co-kg","12":"product_tag-modeliai","13":"product_tag-models","14":"product_tag-priesirdziu-pertvaros-defekto-modeliai","16":"first","17":"onbackorder","18":"shipping-taxable","19":"purchasable","20":"product-type-simple"},"_links":{"self":[{"href":"https:\/\/labostera.lt\/lv\/wp-json\/wp\/v2\/product\/19764","targetHints":{"allow":["GET"]}}],"collection":[{"href":"https:\/\/labostera.lt\/lv\/wp-json\/wp\/v2\/product"}],"about":[{"href":"https:\/\/labostera.lt\/lv\/wp-json\/wp\/v2\/types\/product"}],"wp:featuredmedia":[{"embeddable":true,"href":"https:\/\/labostera.lt\/lv\/wp-json\/wp\/v2\/media\/19766"}],"wp:attachment":[{"href":"https:\/\/labostera.lt\/lv\/wp-json\/wp\/v2\/media?parent=19764"}],"wp:term":[{"taxonomy":"product_cat","embeddable":true,"href":"https:\/\/labostera.lt\/lv\/wp-json\/wp\/v2\/product_cat?post=19764"},{"taxonomy":"product_tag","embeddable":true,"href":"https:\/\/labostera.lt\/lv\/wp-json\/wp\/v2\/product_tag?post=19764"}],"curies":[{"name":"wp","href":"https:\/\/api.w.org\/{rel}","templated":true}]}}