{"id":19761,"date":"2024-02-28T16:46:54","date_gmt":"2024-02-28T14:46:54","guid":{"rendered":"http:\/\/labostera.lt\/?post_type=product&#038;p=19761"},"modified":"2024-10-18T15:22:15","modified_gmt":"2024-10-18T12:22:15","slug":"desinio-skilvelio-hipertrofijos-3d-modelis-erler-zimmer-right-ventricular-hypertrophy-rvh-3d-printed-model","status":"publish","type":"product","link":"https:\/\/labostera.lt\/lv\/priemones-ir-iranga\/mokymo-priemones-ir-iranga\/modeliai-manekenai-muliazai\/desinio-skilvelio-hipertrofijos-3d-modelis-erler-zimmer-right-ventricular-hypertrophy-rvh-3d-printed-model\/","title":{"rendered":"Erlera-Zimmera lab\u0101 kambara hipertrofijas (RVH) 3D druk\u0101tais modelis"},"content":{"rendered":"<h2><strong>Erler-Zimmer GmbH &amp; Co. KG lab\u0101 kambara hipertrofijas 3D modelis<\/strong>:<\/h2>\n<ul>\n<li>Mode\u013ca kods: MP2031<\/li>\n<li>Kl\u012bnisk\u0101 v\u0113sture\n<ul>\n<li>\u0160ai 56 gadus vecajai sievietei bija emfiz\u0113ma, un vi\u0146a s\u016bdz\u0113j\u0101s par pieaugo\u0161u elpas tr\u016bkumu kr\u016b\u0161u kurvja spiediena d\u0113\u013c, kas saist\u012bts ar atk\u0101rtotiem bronh\u012bta l\u0113km\u0113m. Izmekl\u0113\u0161anas laik\u0101 vi\u0146ai bija asinsspiediens 160\/90 mm Hg, pulss 96 sitieni min\u016bt\u0113 un 6 cm. jugul\u0101ra venoza sastr\u0113gums. Virsotne nebija palp\u0113jama, bija dzirdamas divpus\u0113jas trok\u0161\u0146i un perif\u0113rajos audos tika konstat\u0113ti zilumi. \u012apa\u0161i izmekl\u0113jumi: EKG uzr\u0101d\u012bja lab\u0101s sirds slodzes modeli. Arteri\u0101l\u0101 asins anal\u012bze uzr\u0101d\u012bja respiratoro acidozi. Neskatoties uz \u0101rst\u0113\u0161anu, st\u0101voklis past\u0101v\u012bgi pasliktin\u0101j\u0101s un sekoja n\u0101ve.<\/li>\n<\/ul>\n<\/li>\n<li>Patolo\u0123ija\n<ul>\n<li>Paraugs ir sirds \u0101r\u0113j\u0101 virsma, skatoties no priek\u0161\u0113j\u0101s puses. Labais kambaris bija iev\u0113rojami palielin\u0101ts un hipertrof\u0113ts. Viss p\u0101r\u0113jais \u0161\u0137iet norm\u0101li. \u0160is ir piem\u0113rs, kas par\u0101da lab\u0101 kambara hipertrofiju (RVH) pacientam ar emfiz\u0113mu.<\/li>\n<\/ul>\n<\/li>\n<li>Papildinform\u0101cija\n<ul>\n<li>Lab\u0101 kambara hipertrofija parasti rodas hronisku plau\u0161u slim\u012bbu vai struktur\u0101lu sirds defektu d\u0113\u013c. Viens no bie\u017e\u0101kajiem lab\u0101 kambara hipertrofijas c\u0113lo\u0146iem ir plau\u0161u hipertensija (PH), ko izraisa paaugstin\u0101ts spiediens plau\u0161u art\u0113rij\u0101. Kad labais kambaris cen\u0161as kompens\u0113t \u0161o paaugstin\u0101to spiedienu, tas maina savu formu un izm\u0113ru, izraisot lab\u0101 kambara sienas hipertrofiju un sabiez\u0113\u0161anu. PH izplat\u012bba pasaul\u0113 ir 4 gad\u012bjumi uz 1 miljonu iedz\u012bvot\u0101ju. cilv\u0113ki: aptuveni 301% no \u0161iem gad\u012bjumiem rodas lab\u0101 kambara hipertrofija. Visbie\u017e\u0101k sastopamie PH c\u0113lo\u0146i ir hroniska obstrukt\u012bva plau\u0161u slim\u012bba (HOPS), plau\u0161u embolija un citas ierobe\u017eojo\u0161as plau\u0161u slim\u012bbas. Lab\u0101 kambara hipertrofija rodas ar\u012b, rea\u0123\u0113jot uz struktur\u0101liem defektiem sird\u012b, piem\u0113ram, trikuspid\u0101lo regurgit\u0101ciju, kas \u013cauj asin\u012bm atgriezties sirds kambaros. Citi struktur\u0101li defekti, kas izraisa lab\u0101 kambara hipertrofiju, ir Fallot tetr\u0101de, kur kambara siena ir perfor\u0113ta, plau\u0161u v\u0101rstules stenoze un atrioventrikul\u0101ri starpsienas defekti. Lab\u0101 kambara hipertrofija ir saist\u012bta ar\u012b ar v\u0113dera aptauko\u0161anos un augstu sistolisko asinsspiedienu.<\/li>\n<\/ul>\n<\/li>\n<\/ul>\n<h3>Lab\u0101 kambara hipertrofijas 3D mode\u013ci \u2013 <a href=\"http:\/\/labostera.lt\/lv\/product-brand\/erler-zimmer-gmbh-co-kg\/\">Erlera-Zimmera anatomijas grupa<\/a><\/h3>\n<p>Vair\u0101k inform\u0101cijas: <a href=\"https:\/\/erler-zimmer.de\/shop\/en\/11372\" target=\"_blank\" rel=\"noopener nofollow\">ra\u017eot\u0101ja t\u012bmek\u013ca vietn\u0113<\/a> vai nos\u016btiet mums piepras\u012bjumu!<\/p>","protected":false},"excerpt":{"rendered":"<p>Erler-Zimmer lab\u0101 kambara hipertrofijas 3D modelis. R\u012bks pier\u0101d\u012bjumu un apm\u0101c\u012bbas nol\u016bkos.<\/p>","protected":false},"featured_media":19763,"template":"","meta":[],"product_cat":[75,79],"product_tag":[729,728,759,692,577,690],"class_list":{"0":"post-19761","1":"product","2":"type-product","3":"status-publish","4":"has-post-thumbnail","6":"product_brand-erler-zimmer-gmbh-co-kg","7":"product_cat-modeliai-manekenai-muliazai","8":"product_cat-mokymo-priemones-ir-iranga","9":"product_tag-3d-printed-models","10":"product_tag-3d-spausdinti-modeliai","11":"product_tag-desinio-skilvelio-hipertrofijos-modeliai","12":"product_tag-erler-zimmer-gmbh-co-kg","13":"product_tag-modeliai","14":"product_tag-models","16":"first","17":"onbackorder","18":"shipping-taxable","19":"purchasable","20":"product-type-simple"},"_links":{"self":[{"href":"https:\/\/labostera.lt\/lv\/wp-json\/wp\/v2\/product\/19761","targetHints":{"allow":["GET"]}}],"collection":[{"href":"https:\/\/labostera.lt\/lv\/wp-json\/wp\/v2\/product"}],"about":[{"href":"https:\/\/labostera.lt\/lv\/wp-json\/wp\/v2\/types\/product"}],"wp:featuredmedia":[{"embeddable":true,"href":"https:\/\/labostera.lt\/lv\/wp-json\/wp\/v2\/media\/19763"}],"wp:attachment":[{"href":"https:\/\/labostera.lt\/lv\/wp-json\/wp\/v2\/media?parent=19761"}],"wp:term":[{"taxonomy":"product_cat","embeddable":true,"href":"https:\/\/labostera.lt\/lv\/wp-json\/wp\/v2\/product_cat?post=19761"},{"taxonomy":"product_tag","embeddable":true,"href":"https:\/\/labostera.lt\/lv\/wp-json\/wp\/v2\/product_tag?post=19761"}],"curies":[{"name":"wp","href":"https:\/\/api.w.org\/{rel}","templated":true}]}}