{"id":19758,"date":"2024-02-28T16:22:30","date_gmt":"2024-02-28T14:22:30","guid":{"rendered":"http:\/\/labostera.lt\/?post_type=product&#038;p=19758"},"modified":"2024-10-18T15:22:16","modified_gmt":"2024-10-18T12:22:16","slug":"pilvo-aortos-aneurizmos-3d-modelis-erler-zimmer-abdominal-aortic-aneurysm-aaa-3d-printed-model","status":"publish","type":"product","link":"https:\/\/labostera.lt\/lv\/priemones-ir-iranga\/mokymo-priemones-ir-iranga\/modeliai-manekenai-muliazai\/pilvo-aortos-aneurizmos-3d-modelis-erler-zimmer-abdominal-aortic-aneurysm-aaa-3d-printed-model\/","title":{"rendered":"V\u0113dera aortas aneirismas (AAA) 3D druk\u0101tais modelis Erlera-Zimmera v\u0113dera aortas aneirismas (AAA) 3D druk\u0101tais modelis"},"content":{"rendered":"<h2><strong>\u201eErler-Zimmer GmbH &amp; Co. KG V\u0113dera aortas aneirisma 3D modelis<\/strong>:<\/h2>\n<ul>\n<li>Mode\u013ca kods: MP2030<\/li>\n<li>Kl\u012bnisk\u0101 v\u0113sture<\/li>\n<ul>\n<li>\u0160is 70 gadus vecais v\u012brietis ar vieglu gastroezofage\u0101lu refluksu anamn\u0113z\u0113 ierad\u0101s Alfreda slimn\u012bc\u0101 ar p\u0113k\u0161\u0146\u0101m stipr\u0101m s\u0101p\u0113m v\u0113dera aug\u0161da\u013c\u0101, kas izstaro uz kreiso l\u0101psti\u0146u. Izmekl\u0113\u0161anas laik\u0101 vi\u0146\u0161 bija nemier\u012bgs un hiperventil\u0113jo\u0161s, pulss bija 87 sitieni min\u016bt\u0113 un asinsspiediens 140\/90 mm Hg. V\u0113dera dobuma izmekl\u0113\u0161ana atkl\u0101ja stingru v\u0113dera uzp\u016b\u0161anos un pav\u0101jin\u0101tas zarnu ska\u0146as. Neatliekam\u0101s laparotomijas laik\u0101 netika konstat\u0113tas org\u0101nu uzp\u016b\u0161an\u0101s paz\u012bmes; aizku\u0146\u0123a dziedzeris izskat\u012bj\u0101s norm\u0101ls, bet tika konstat\u0113ta neatrisin\u0101ta v\u0113dera aortas aneirisma. N\u0101kamaj\u0101 dien\u0101 tika veikta endoskopija, kuras laik\u0101 tika konstat\u0113ta bar\u012bbas vada \u010d\u016blas pl\u012bsums, un tika ievietota Celestin zonde. Pacientam att\u012bst\u012bj\u0101s lok\u0101las iekaisuma komplik\u0101cijas, plau\u0161u t\u016bska un sastr\u0113gums, un vi\u0146\u0161 nomira 19 dienas p\u0113c uz\u0146em\u0161anas slimn\u012bc\u0101.<\/li>\n<\/ul>\n<li>Patolo\u0123ija<\/li>\n<ul>\n<li>Paraugs att\u0113lo v\u0113dera aortas apak\u0161\u0113jo da\u013cu kop\u0101 ar kop\u0113jiem aug\u0161stilba kaula asinsvadiem un iek\u0161\u0113j\u0101s un \u0101r\u0113j\u0101s aug\u0161stilba kaula art\u0113rijas proksim\u0101lajiem fragmentiem. Zem nieru art\u0113riju s\u0101kuma vietas atrodas liela 10 x 7 cm aneirisma, kas stiepjas l\u012bdz aortas bifurk\u0101cijai. Aneirisma ar izteiktu v\u0113dera aortas sienas retin\u0101jumu ir da\u013c\u0113ji p\u0101rkl\u0101ta ar lamin\u0113tu asins recekli, kas nor\u0101da uz procesa hroniskumu. Nesen radies asins receklis ir redzams uz l\u016bmena virsmas. \u0160\u0137iet, ka ir gan kop\u0113j\u0101s aug\u0161stilba kaula art\u0113rijas, gan (atv\u0113rt\u0101s) kreis\u0101s \u0101r\u0113j\u0101s aug\u0161stilba kaula art\u0113rijas aneirismiska dilat\u0101cija. Parauga aug\u0161da\u013c\u0101 eso\u0161aj\u0101 v\u0113dera aort\u0101 ir redzamas daudzas lok\u0101las \u010d\u016blainas aterosklerotiskas pl\u0101ksnes. Nav pl\u012bsuma paz\u012bmju.<\/li>\n<\/ul>\n<li>Papildinform\u0101cija<\/li>\n<ul>\n<li>V\u0113dera aortas aneirisma (AAA vai tr\u012bsk\u0101r\u0161\u0101 A) ir lokaliz\u0113ts v\u0113dera aortas papla\u0161in\u0101jums (diametrs &gt;3 cm vai vair\u0101k nek\u0101 50% liel\u0101ks nek\u0101 parasti). T\u0101s parasti ir asimptom\u0101tiskas, ja vien t\u0101s nav pl\u012bsu\u0161as. Lielas aneirismas var b\u016bt sataust\u0101mas v\u0113dera dobuma izmekl\u0113jumos. Da\u017ereiz var b\u016bt s\u0101pes v\u0113der\u0101, mugur\u0101 vai k\u0101j\u0101s atkar\u012bb\u0101 no atra\u0161an\u0101s vietas un izm\u0113ra. Pl\u012bsums var izrais\u012bt s\u0101pes v\u0113der\u0101 vai mugur\u0101, p\u0113k\u0161\u0146u asinsspiediena pazemin\u0101\u0161anos ar sama\u0146as zudumu un bie\u017ei vien ir let\u0101ls. V\u0113dera aortas aneirismas visbie\u017e\u0101k rodas cilv\u0113kiem, kas vec\u0101ki par 50 gadiem, v\u012brie\u0161iem un tiem, kam ir \u0161\u012b slim\u012bba \u0123imenes anamn\u0113z\u0113. Papildu riska faktori ir sm\u0113\u0137\u0113\u0161ana, paaugstin\u0101ts asinsspiediens un citas sirds vai asinsvadu slim\u012bbas. Tiek konstat\u0113tas ar\u012b \u0123en\u0113tiskas anom\u0101lijas, tostarp Marf\u0101na sindroms un Ehlersa-Danlosa sindroms. V\u0113dera aortas aneirismas ir visizplat\u012bt\u0101kais aortas aneirismas veids, un aptuveni 85% aneirismas rodas zem nier\u0113m.<\/li>\n<\/ul>\n<\/ul>\n<h3>V\u0113dera aortas aneirismas 3D mode\u013ci \u2013 <a href=\"http:\/\/labostera.lt\/lv\/product-brand\/erler-zimmer-gmbh-co-kg\/\">Erlera-Zimmera anatomijas grupa<\/a><\/h3>\n<p>Vair\u0101k inform\u0101cijas: <a href=\"https:\/\/erler-zimmer.de\/shop\/en\/11371\" target=\"_blank\" rel=\"noopener nofollow\">ra\u017eot\u0101ja t\u012bmek\u013ca vietn\u0113<\/a> vai nos\u016btiet mums piepras\u012bjumu!<\/p>","protected":false},"excerpt":{"rendered":"<p>Erlera-Zimmera v\u0113dera aortas aneirismas 3D modelis. R\u012bks pier\u0101d\u012bjumu un apm\u0101c\u012bbas nol\u016bkos.<\/p>","protected":false},"featured_media":19759,"template":"","meta":[],"product_cat":[75,79],"product_tag":[729,728,692,577,690,758],"class_list":{"0":"post-19758","1":"product","2":"type-product","3":"status-publish","4":"has-post-thumbnail","6":"product_brand-erler-zimmer-gmbh-co-kg","7":"product_cat-modeliai-manekenai-muliazai","8":"product_cat-mokymo-priemones-ir-iranga","9":"product_tag-3d-printed-models","10":"product_tag-3d-spausdinti-modeliai","11":"product_tag-erler-zimmer-gmbh-co-kg","12":"product_tag-modeliai","13":"product_tag-models","14":"product_tag-pilvo-aortos-aneurizmos-modeliai","16":"first","17":"onbackorder","18":"shipping-taxable","19":"purchasable","20":"product-type-simple"},"_links":{"self":[{"href":"https:\/\/labostera.lt\/lv\/wp-json\/wp\/v2\/product\/19758","targetHints":{"allow":["GET"]}}],"collection":[{"href":"https:\/\/labostera.lt\/lv\/wp-json\/wp\/v2\/product"}],"about":[{"href":"https:\/\/labostera.lt\/lv\/wp-json\/wp\/v2\/types\/product"}],"wp:featuredmedia":[{"embeddable":true,"href":"https:\/\/labostera.lt\/lv\/wp-json\/wp\/v2\/media\/19759"}],"wp:attachment":[{"href":"https:\/\/labostera.lt\/lv\/wp-json\/wp\/v2\/media?parent=19758"}],"wp:term":[{"taxonomy":"product_cat","embeddable":true,"href":"https:\/\/labostera.lt\/lv\/wp-json\/wp\/v2\/product_cat?post=19758"},{"taxonomy":"product_tag","embeddable":true,"href":"https:\/\/labostera.lt\/lv\/wp-json\/wp\/v2\/product_tag?post=19758"}],"curies":[{"name":"wp","href":"https:\/\/api.w.org\/{rel}","templated":true}]}}