{"id":19754,"date":"2024-02-28T15:32:41","date_gmt":"2024-02-28T13:32:41","guid":{"rendered":"http:\/\/labostera.lt\/?post_type=product&#038;p=19754"},"modified":"2024-10-18T15:22:17","modified_gmt":"2024-10-18T12:22:17","slug":"metastazavusios-karcinomos-3d-modelis-erler-zimmer-metastatic-carcinoma-3d-printed-model","status":"publish","type":"product","link":"https:\/\/labostera.lt\/lv\/priemones-ir-iranga\/mokymo-priemones-ir-iranga\/modeliai-manekenai-muliazai\/metastazavusios-karcinomos-3d-modelis-erler-zimmer-metastatic-carcinoma-3d-printed-model\/","title":{"rendered":"Metast\u0101tiskas karcinomas 3D modelis Erlera-Zimmera metast\u0101tiskas karcinomas 3D druk\u0101tais modelis"},"content":{"rendered":"<h2><strong>Erler-Zimmer GmbH &amp; Co. KG metast\u0101tiskas karcinomas 3D modelis<\/strong>:<\/h2>\n<ul>\n<li>Mode\u013ca kods: MP2019<\/li>\n<li>Kl\u012bnisk\u0101 v\u0113sture (piek\u013cuve datortomogr\u0101fijas un magn\u0113tisk\u0101s rezonanses att\u0113lveido\u0161anai)\n<ul>\n<li>\u0160\u012b 51 gadu vec\u0101 sieviete 2 gadus pirms prezent\u0101cijas bija p\u0101rcietusi kr\u016bts karcinomas oper\u0101ciju. Vi\u0146as galven\u0101 s\u016bdz\u012bba bija kreis\u0101s puslodes ataksija p\u0113d\u0113jo 2 ned\u0113\u013cu laik\u0101, un tai sekoja v\u0101juma epizode kreisaj\u0101 pus\u0113. Izmekl\u0113\u0161an\u0101 tika konstat\u0113ta kreis\u0101s puses spastiska paral\u012bze. Past\u0101v\u0113ja \u0161aubas par diagnozi, jo \u0101trums liecin\u0101ja par asinsvadu boj\u0101jumu. Vi\u0146a tika izrakst\u012bta no slimn\u012bcas, bet se\u0161as ned\u0113\u013cas p\u0113c s\u0101kotn\u0113j\u0101s viz\u012btes ar kreis\u0101s puses krampjiem tika atk\u0101rtoti uz\u0146emta slimn\u012bc\u0101. Mugurkaula punkcija un atk\u0101rtota izmekl\u0113\u0161ana nebija informat\u012bvas. EEG uzr\u0101d\u012bja lab\u0101s priek\u0161\u0113j\u0101s tempor\u0101l\u0101s anom\u0101lijas. Angiogr\u0101fija apstiprin\u0101ja liela pl\u012bsuma kl\u0101tb\u016btni labaj\u0101 smadze\u0146u puslod\u0113. Pal\u0101t\u0101 pacienta st\u0101voklis pak\u0101peniski pasliktin\u0101j\u0101s, un galu gal\u0101 iest\u0101j\u0101s n\u0101ve.<\/li>\n<\/ul>\n<\/li>\n<li>Patolo\u0123ija\n<ul>\n<li>Paraugs ir horizont\u0101li sagrieztas smadzenes. Lab\u0101s puses nel\u012bdzsvarot\u012bba ir skaidri redzama aug\u0161\u0113j\u0101 pus\u0113, \u012bpa\u0161i pariet\u0101laj\u0101 zon\u0101, kur ir papla\u0161in\u0101tas giras un redzami 3 cistiskie audz\u0113ji. Liel\u0101kais, 5 cm diametr\u0101, atrodas labaj\u0101 pariet\u0101laj\u0101 rajon\u0101. Maz\u0101ks audz\u0113js, 2 x 1,5 cm diametr\u0101, ir redzams net\u0101lu no liel\u0101k\u0101 audz\u0113ja aizmugur\u0113j\u0101s malas. Tre\u0161ais, 1,5 cm diametr\u0101, atrodas kreisaj\u0101 pariet\u0101laj\u0101 rajon\u0101. Audz\u0113ji galvenok\u0101rt sk\u0101ra balto vielu. Katra boj\u0101juma siena sast\u0101v no \u0137emm\u0113ta, trausla pel\u0113ka materi\u0101la. Necropsijas laik\u0101 tika konstat\u0113ta liel\u0101k\u0101 audz\u0113ja \u010d\u016bla labaj\u0101 later\u0101laj\u0101 g\u016b\u017eas kaula bedr\u0113 (skaidr\u0101k redzama, p\u0101rbaudot apak\u0161\u0113jo virsmu). Tika nov\u0113rota ar\u012b subfalc\u012bna tr\u016bce, k\u0101 ar\u012b baz\u0101lo gangliju un iek\u0161\u0113j\u0101s kapsulas dislok\u0101cija. Histolo\u0123isk\u0101 izmekl\u0113\u0161ana atkl\u0101ja metast\u0101tisku karcinomu dz\u012bv\u0101s viet\u0101s. Citas metast\u0101zes tika konstat\u0113tas akn\u0101s un kaulos. Aknu metast\u0101\u017eu histolo\u0123ija bija sader\u012bga ar prim\u0101r\u0101s kr\u016bts karcinomas izcelsmi.<\/li>\n<\/ul>\n<\/li>\n<li>Papildinform\u0101cija\n<ul>\n<li>Metast\u0101tiskas karcinomas ir otrais izplat\u012bt\u0101kais centr\u0101l\u0101s nervu sist\u0113mas v\u0113zis p\u0113c meningiom\u0101m. T\u0101m var b\u016bt da\u017e\u0101das prim\u0101r\u0101s lok\u0101l\u0101s vietas, tostarp plau\u0161as, kr\u016btis, aknas un nieres. Metast\u0101zes smadzen\u0113s parasti ir asimptom\u0101tiskas vai izraisa intrakrani\u0101lu spiedienu, galvass\u0101pes vai neirolo\u0123iskus trauc\u0113jumus. Diagnoze tiek noteikta, pamatojoties uz neiroatt\u0113lveido\u0161anu un apstiprin\u0101ta ar histolo\u0123iju. Tos var \u0101rst\u0113t ar \u0137irur\u0123isku iejauk\u0161anos, staru terapiju, stereotaktisku radio\u0137irur\u0123iju vai sist\u0113misku terapiju. Prognoze ir atkar\u012bga no daudziem faktoriem, tostarp prim\u0101r\u0101s karcinomas atra\u0161an\u0101s vietas un veida, metast\u0101\u017eu skaita un atra\u0161an\u0101s vietas, pacienta vecuma un vesel\u012bbas st\u0101vok\u013ca, ta\u010du daudzi pacienti izdz\u012bvo vair\u0101kus m\u0113ne\u0161us l\u012bdz pat vair\u0101kiem gadiem.<\/li>\n<\/ul>\n<\/li>\n<\/ul>\n<h3>Metast\u0101tiskas karcinomas 3D mode\u013ci \u2013 <a href=\"http:\/\/labostera.lt\/lv\/product-brand\/erler-zimmer-gmbh-co-kg\/\">Erlera-Zimmera anatomijas grupa<\/a><\/h3>\n<p>Vair\u0101k inform\u0101cijas: <a href=\"https:\/\/erler-zimmer.de\/shop\/en\/11370\" target=\"_blank\" rel=\"noopener nofollow\">ra\u017eot\u0101ja t\u012bmek\u013ca vietn\u0113<\/a> vai nos\u016btiet mums piepras\u012bjumu!<\/p>","protected":false},"excerpt":{"rendered":"<p>Erlera-Zimmera metast\u0101tisk\u0101s karcinomas 3D modelis. R\u012bks pier\u0101d\u012bjumu un apm\u0101c\u012bbas nol\u016bkos.<\/p>","protected":false},"featured_media":19756,"template":"","meta":[],"product_cat":[75,79],"product_tag":[729,728,692,757,577,690],"class_list":{"0":"post-19754","1":"product","2":"type-product","3":"status-publish","4":"has-post-thumbnail","6":"product_brand-erler-zimmer-gmbh-co-kg","7":"product_cat-modeliai-manekenai-muliazai","8":"product_cat-mokymo-priemones-ir-iranga","9":"product_tag-3d-printed-models","10":"product_tag-3d-spausdinti-modeliai","11":"product_tag-erler-zimmer-gmbh-co-kg","12":"product_tag-metastazavusios-karcinomos-modeliai","13":"product_tag-modeliai","14":"product_tag-models","16":"first","17":"onbackorder","18":"shipping-taxable","19":"purchasable","20":"product-type-simple"},"_links":{"self":[{"href":"https:\/\/labostera.lt\/lv\/wp-json\/wp\/v2\/product\/19754","targetHints":{"allow":["GET"]}}],"collection":[{"href":"https:\/\/labostera.lt\/lv\/wp-json\/wp\/v2\/product"}],"about":[{"href":"https:\/\/labostera.lt\/lv\/wp-json\/wp\/v2\/types\/product"}],"wp:featuredmedia":[{"embeddable":true,"href":"https:\/\/labostera.lt\/lv\/wp-json\/wp\/v2\/media\/19756"}],"wp:attachment":[{"href":"https:\/\/labostera.lt\/lv\/wp-json\/wp\/v2\/media?parent=19754"}],"wp:term":[{"taxonomy":"product_cat","embeddable":true,"href":"https:\/\/labostera.lt\/lv\/wp-json\/wp\/v2\/product_cat?post=19754"},{"taxonomy":"product_tag","embeddable":true,"href":"https:\/\/labostera.lt\/lv\/wp-json\/wp\/v2\/product_tag?post=19754"}],"curies":[{"name":"wp","href":"https:\/\/api.w.org\/{rel}","templated":true}]}}