{"id":19751,"date":"2024-02-28T14:30:23","date_gmt":"2024-02-28T12:30:23","guid":{"rendered":"http:\/\/labostera.lt\/?post_type=product&#038;p=19751"},"modified":"2024-10-18T15:22:18","modified_gmt":"2024-10-18T12:22:18","slug":"metastazavusios-melanomos-3d-modelis-erler-zimmer-metastatic-melanoma-3d-printed-model","status":"publish","type":"product","link":"https:\/\/labostera.lt\/lv\/priemones-ir-iranga\/mokymo-priemones-ir-iranga\/modeliai-manekenai-muliazai\/metastazavusios-melanomos-3d-modelis-erler-zimmer-metastatic-melanoma-3d-printed-model\/","title":{"rendered":"Metast\u0101tiskas melanomas 3D modelis Erlera-Zimmera metast\u0101tiskas melanomas 3D druk\u0101tais modelis"},"content":{"rendered":"<h2><strong>Erler-Zimmer GmbH &amp; Co. KG metast\u0101tiskas melanomas 3D modelis<\/strong>:<\/h2>\n<ul>\n<li>Mode\u013ca kods: MP2018<\/li>\n<li>Kl\u012bnisk\u0101 v\u0113sture\n<ul>\n<li>Septi\u0146desmitajos gados 31 gadu veca sieviete v\u0113rs\u0101s pie \u0101rsta ar stipr\u0101m galvass\u0101p\u0113m un diplopiju, kurai bija l\u0113ts \u0101das boj\u0101jums (diagnostic\u0113ts k\u0101 invaz\u012bva \u0101das melanoma), ko vi\u0146a bija iz\u0146\u0113musi no kakla 8 m\u0113ne\u0161us iepriek\u0161. Kl\u012bniskaj\u0101 p\u0101rbaud\u0113 netika konstat\u0113tas nek\u0101das novirzes, un p\u0113c izrakst\u012b\u0161anas pacients v\u0113l\u0101k tika hospitaliz\u0113ts atk\u0101rtoti past\u0101v\u012bgas vem\u0161anas d\u0113\u013c. Vi\u0146a st\u0101voklis pasliktin\u0101j\u0101s, un vi\u0146\u0161 nomira.<\/li>\n<\/ul>\n<\/li>\n<li>Patolo\u0123ija\n<ul>\n<li>\u0160is prepar\u0101ts demonstr\u0113 pla\u0161i izplat\u012btas intracerebr\u0101las melanomas metast\u0101zes. Apak\u0161\u0113jo virsmu raksturo daudzi pacelti tum\u0161i mezgli\u0146i, kuru diametrs ir l\u012bdz 1,5 cm. L\u012bdz\u012bgi boj\u0101jumi ir redzami griezuma aug\u0161\u0113j\u0101 virsm\u0101, kur \u0161ie sekund\u0101rie melanotiskie nogulumi aprobe\u017eojas ar pel\u0113ko vielu. Audz\u0113ja uzkr\u0101\u0161an\u0101s un asi\u0146o\u0161ana.<\/li>\n<\/ul>\n<\/li>\n<li>Papildinform\u0101cija\n<ul>\n<li>No visiem pacientiem ar metast\u0101tiskiem smadze\u0146u boj\u0101jumiem 10% ir no \u0101das melanomas. Risks palielin\u0101s l\u012bdz ar vecumu virs 60 gadiem, v\u012brie\u0161u dzimumu, slim\u012bbas ilgumu un progres\u0113jo\u0161\u0101ku audz\u0113ja\/metast\u0101\u017eu stadiju. BRAF un NRAS mut\u0101cijas, CCR4 receptoru ekspresija audz\u0113ja \u0161\u016bn\u0101s un PI3K ce\u013ca aktiv\u0101cija ir visi \u0161ie faktori ir smadze\u0146u metast\u0101\u017eu att\u012bst\u012bbas riska faktori. 80% melanomas smadze\u0146u metast\u0101zes ir supratentori\u0101las. Bie\u017eas izpausmes ir galvass\u0101pes, neirolo\u0123iski trauc\u0113jumi un\/vai krampji. Turkl\u0101t \u0161iem boj\u0101jumiem ir tendence uz spont\u0101nu asi\u0146o\u0161anu. M\u016bsdienu diagnozes pamat\u0101 ir neiroatt\u0113lveido\u0161ana un bie\u017ei vien histolo\u0123ija no stereotaktiskas smadze\u0146u biopsijas, ja iepriek\u0161 t\u0101 nav diagnostic\u0113ta. \u0100rst\u0113\u0161ana ietver stereotaktisku staru terapiju (SRT), staru terapiju un\/vai sist\u0113misku terapiju ar \u201ckontrolpunktu inhibitoru imunoterapiju\u201d vai m\u0113r\u0137terapiju. Tas p\u0113d\u0113jos gados ir palielin\u0101jis vid\u0113jo dz\u012bvildzi l\u012bdz 11 m\u0113ne\u0161iem.<\/li>\n<\/ul>\n<\/li>\n<\/ul>\n<h3>Metast\u0101tiskas melanomas 3D mode\u013ci \u2013 <a href=\"http:\/\/labostera.lt\/lv\/product-brand\/erler-zimmer-gmbh-co-kg\/\">Erlera-Zimmera anatomijas grupa<\/a><\/h3>\n<p>Vair\u0101k inform\u0101cijas: <a href=\"https:\/\/erler-zimmer.de\/shop\/en\/11369\" target=\"_blank\" rel=\"noopener nofollow\">ra\u017eot\u0101ja t\u012bmek\u013ca vietn\u0113<\/a> vai nos\u016btiet mums piepras\u012bjumu!<\/p>","protected":false},"excerpt":{"rendered":"<p>Erlera-Zimmera metast\u0101tisk\u0101s melanomas 3D modelis. R\u012bks pier\u0101d\u012bjumu un apm\u0101c\u012bbas nol\u016bkos.<\/p>","protected":false},"featured_media":19752,"template":"","meta":[],"product_cat":[75,79],"product_tag":[729,728,692,756,577,690],"class_list":{"0":"post-19751","1":"product","2":"type-product","3":"status-publish","4":"has-post-thumbnail","6":"product_brand-erler-zimmer-gmbh-co-kg","7":"product_cat-modeliai-manekenai-muliazai","8":"product_cat-mokymo-priemones-ir-iranga","9":"product_tag-3d-printed-models","10":"product_tag-3d-spausdinti-modeliai","11":"product_tag-erler-zimmer-gmbh-co-kg","12":"product_tag-metastazavusios-melanomos-modeliai","13":"product_tag-modeliai","14":"product_tag-models","16":"first","17":"onbackorder","18":"shipping-taxable","19":"purchasable","20":"product-type-simple"},"_links":{"self":[{"href":"https:\/\/labostera.lt\/lv\/wp-json\/wp\/v2\/product\/19751","targetHints":{"allow":["GET"]}}],"collection":[{"href":"https:\/\/labostera.lt\/lv\/wp-json\/wp\/v2\/product"}],"about":[{"href":"https:\/\/labostera.lt\/lv\/wp-json\/wp\/v2\/types\/product"}],"wp:featuredmedia":[{"embeddable":true,"href":"https:\/\/labostera.lt\/lv\/wp-json\/wp\/v2\/media\/19752"}],"wp:attachment":[{"href":"https:\/\/labostera.lt\/lv\/wp-json\/wp\/v2\/media?parent=19751"}],"wp:term":[{"taxonomy":"product_cat","embeddable":true,"href":"https:\/\/labostera.lt\/lv\/wp-json\/wp\/v2\/product_cat?post=19751"},{"taxonomy":"product_tag","embeddable":true,"href":"https:\/\/labostera.lt\/lv\/wp-json\/wp\/v2\/product_tag?post=19751"}],"curies":[{"name":"wp","href":"https:\/\/api.w.org\/{rel}","templated":true}]}}