{"id":19748,"date":"2024-02-28T13:29:40","date_gmt":"2024-02-28T11:29:40","guid":{"rendered":"http:\/\/labostera.lt\/?post_type=product&#038;p=19748"},"modified":"2024-10-18T15:22:19","modified_gmt":"2024-10-18T12:22:19","slug":"kraniofaringiomos-3d-modelis-erler-zimmer-craniopharyngioma-3d-printed-model","status":"publish","type":"product","link":"https:\/\/labostera.lt\/lv\/priemones-ir-iranga\/mokymo-priemones-ir-iranga\/modeliai-manekenai-muliazai\/kraniofaringiomos-3d-modelis-erler-zimmer-craniopharyngioma-3d-printed-model\/","title":{"rendered":"Kraniofaringeomas 3D modelis Erlera-Zimmera kraniofaringeomas 3D druk\u0101tais modelis"},"content":{"rendered":"<h2><strong>\u201eErler-Zimmer GmbH &amp; Co. KG Kraniofaringiomas 3D modelis<\/strong>:<\/h2>\n<ul>\n<li>Mode\u013ca kods: MP2017<\/li>\n<li>Kl\u012bnisk\u0101 v\u0113sture\n<ul>\n<li>62 gadus veca sieviete v\u0113rs\u0101s pie \u0101rsta ar dezorient\u0101ciju laik\u0101, viet\u0101 un person\u0101. Fizisk\u0101 apskate neatkl\u0101ja lokaliz\u0113tas neirolo\u0123iskas paz\u012bmes. Radiolo\u0123iskie izmekl\u0113jumi uzr\u0101d\u012bja pla\u0161u boj\u0101jumu tre\u0161\u0101 kambara pamatn\u0113. Oper\u0101cijas laik\u0101 tika iz\u0146emti audi, bet audz\u0113ju nevar\u0113ja piln\u012bb\u0101 iz\u0146emt. Histolo\u0123ija apstiprin\u0101ja kraniofaringiomas diagnozi. P\u0113c oper\u0101cijas pacientei att\u012bst\u012bj\u0101s sare\u017e\u0123\u012bti vielmai\u0146as trauc\u0113jumi, visticam\u0101k, hipotal\u0101ma. Vi\u0146as st\u0101voklis pak\u0101peniski pasliktin\u0101j\u0101s, un 10 ned\u0113\u013cas p\u0113c uz\u0146em\u0161anas slimn\u012bc\u0101 vi\u0146a nomira p\u0113c ku\u0146\u0123a aspir\u0101cijas epizodes.<\/li>\n<\/ul>\n<\/li>\n<li>Patolo\u0123ija\n<ul>\n<li>Smadzenes ir p\u0101rgrieztas sagit\u0101l\u0101 plakn\u0113, redzama iek\u0161\u0113j\u0101 virsma. Griezuma virsm\u0101 hipotal\u0101ma re\u0123ion\u0101 ir centr\u0113ts roz\u0101 pel\u0113ks, ov\u0101ls audz\u0113js ar izm\u0113riem 2,5 x 1,5 cm. Tas ir iekapsul\u0113ts, iz\u0146emot t\u0101 ventr\u0101lo polu, kur audi tika iz\u0146emti iepriek\u0161\u0113j\u0101s oper\u0101cijas laik\u0101, un griezuma virsmai ir mikrocistiska vai poraina izskats. Audz\u0113js deform\u0113 tre\u0161o kambari un izple\u0161as, aizpildot Munro atveri. Redzes nerva hiazma ir pazemin\u0101ta kaud\u0101li (bulti\u0146a). Iepriek\u0161\u0113j\u0101 ventrikuloatri\u0101l\u0101 \u0161unt\u0113\u0161ana ir nov\u0113rsusi s\u0101nu kambaru papla\u0161in\u0101\u0161anos, neskatoties uz \u0161o obstrukciju.<\/li>\n<\/ul>\n<\/li>\n<li>Papildinform\u0101cija\n<ul>\n<li>Kraniofaringomas veido 1\u201331\u00a0% no visiem smadze\u0146u audz\u0113jiem un 5\u2013101\u00a0% b\u0113rnu, ar bimod\u0101lu sadal\u012bjumu, maksimumu sasniedzot 5\u201314\u00a0gadu vecuma grup\u0101 un otro maksimumu \u2014 50\u201375\u00a0gadu vecum\u0101. Saslimst\u012bbas bie\u017eums ir augst\u0101ks Jap\u0101n\u0101 un \u0100frikas da\u013c\u0101s. Kraniofaringomas ir epit\u0113lija audz\u0113ji, kuru izcelsme parasti ir hipof\u012bzes k\u0101t\u0101. Citas izcelsmes vietas ir turku stumbrs, redzes trakts un tre\u0161ais kambaris. Bie\u017ei vien ir cietas un cistiskas komponentes, p\u0113d\u0113j\u0101s satur holester\u012bna krist\u0101lus. Kraniofaringomas var iedal\u012bt div\u0101s kategorij\u0101s: adamantinom\u0101tiskaj\u0101 un papil\u0101raj\u0101 tip\u0101, katrai no t\u0101m ir at\u0161\u0137ir\u012bga histolo\u0123ija un \u0123en\u0113tiskas izmai\u0146as, lai gan \u0161o tipu prognostisk\u0101 noz\u012bme joproj\u0101m nav skaidra.<\/li>\n<\/ul>\n<\/li>\n<\/ul>\n<h3>Kraniofaringeomas 3D mode\u013ci \u2013 <a href=\"http:\/\/labostera.lt\/lv\/product-brand\/erler-zimmer-gmbh-co-kg\/\">Erlera-Zimmera anatomijas grupa<\/a><\/h3>\n<p>Vair\u0101k inform\u0101cijas: <a href=\"https:\/\/erler-zimmer.de\/shop\/en\/11368\" target=\"_blank\" rel=\"noopener nofollow\">ra\u017eot\u0101ja t\u012bmek\u013ca vietn\u0113<\/a> vai nos\u016btiet mums piepras\u012bjumu!<\/p>","protected":false},"excerpt":{"rendered":"<p>Erlera-Zimmera kraniofaringiomas 3D modelis. Visaptvero\u0161s un prec\u012bzs m\u0101c\u012bbu l\u012bdzeklis.<\/p>","protected":false},"featured_media":19749,"template":"","meta":[],"product_cat":[75,79],"product_tag":[729,728,692,755,577,690],"class_list":{"0":"post-19748","1":"product","2":"type-product","3":"status-publish","4":"has-post-thumbnail","6":"product_brand-erler-zimmer-gmbh-co-kg","7":"product_cat-modeliai-manekenai-muliazai","8":"product_cat-mokymo-priemones-ir-iranga","9":"product_tag-3d-printed-models","10":"product_tag-3d-spausdinti-modeliai","11":"product_tag-erler-zimmer-gmbh-co-kg","12":"product_tag-kraniofaringiomos-modeliai","13":"product_tag-modeliai","14":"product_tag-models","16":"first","17":"onbackorder","18":"shipping-taxable","19":"purchasable","20":"product-type-simple"},"_links":{"self":[{"href":"https:\/\/labostera.lt\/lv\/wp-json\/wp\/v2\/product\/19748","targetHints":{"allow":["GET"]}}],"collection":[{"href":"https:\/\/labostera.lt\/lv\/wp-json\/wp\/v2\/product"}],"about":[{"href":"https:\/\/labostera.lt\/lv\/wp-json\/wp\/v2\/types\/product"}],"wp:featuredmedia":[{"embeddable":true,"href":"https:\/\/labostera.lt\/lv\/wp-json\/wp\/v2\/media\/19749"}],"wp:attachment":[{"href":"https:\/\/labostera.lt\/lv\/wp-json\/wp\/v2\/media?parent=19748"}],"wp:term":[{"taxonomy":"product_cat","embeddable":true,"href":"https:\/\/labostera.lt\/lv\/wp-json\/wp\/v2\/product_cat?post=19748"},{"taxonomy":"product_tag","embeddable":true,"href":"https:\/\/labostera.lt\/lv\/wp-json\/wp\/v2\/product_tag?post=19748"}],"curies":[{"name":"wp","href":"https:\/\/api.w.org\/{rel}","templated":true}]}}