{"id":19741,"date":"2024-02-28T11:31:40","date_gmt":"2024-02-28T09:31:40","guid":{"rendered":"http:\/\/labostera.lt\/?post_type=product&#038;p=19741"},"modified":"2024-10-18T15:22:19","modified_gmt":"2024-10-18T12:22:19","slug":"daugiaformes-glioblastomos-3d-modelis-erler-zimmer-glioblastoma-multiforme-3d-printed-model","status":"publish","type":"product","link":"https:\/\/labostera.lt\/lv\/priemones-ir-iranga\/mokymo-priemones-ir-iranga\/modeliai-manekenai-muliazai\/daugiaformes-glioblastomos-3d-modelis-erler-zimmer-glioblastoma-multiforme-3d-printed-model\/","title":{"rendered":"Glioblastoma Multiforme 3D modelis Erler-Zimmer Glioblastoma Multiforme 3D druk\u0101tais modelis"},"content":{"rendered":"<h2><strong>Erler-Zimmer GmbH &amp; Co. KG Glioblastoma Multiforme 3D modelis<\/strong>:<\/h2>\n<ul>\n<li><strong>Mode\u013ca kods:<\/strong> MP2015<\/li>\n<li><strong>Kl\u012bnisk\u0101 v\u0113sture:<\/strong>\n<ul>\n<li>Tr\u012bs gadu laik\u0101 57 gadus vecai sievietei bija atk\u0101rtotas galvass\u0101pes un atmi\u0146as trauc\u0113jumi, kas progres\u0113ja l\u012bdz psihiskiem trauc\u0113jumiem un galu gal\u0101 vem\u0161anai un meninge\u0101liem simptomiem. Neirolo\u0123isk\u0101s paz\u012bmes bija lokaliz\u0113tas un slim\u012bbas gait\u0101 att\u012bst\u012bj\u0101s tikai l\u0113ni.<\/li>\n<\/ul>\n<\/li>\n<li><strong>Patolo\u0123ija:<\/strong>\n<ul>\n<li>Smadze\u0146u puslodes \u0161\u0137\u0113rsgriezuma att\u0113l\u0101 redzams apa\u013c\u0161, hemor\u0101\u0123isks, daudzkr\u0101sains audz\u0113js smadze\u0146u kreisaj\u0101 tempor\u0101laj\u0101 daiv\u0101. Maz\u0101k skaidri defin\u0113ti audz\u0113ja audi izplat\u0101s p\u0101ri vidusl\u012bnijai, aizst\u0101jot g\u016b\u017eas kaula cekulu. Ventrikul\u0101r\u0101 sist\u0113ma ir gandr\u012bz piln\u012bb\u0101 izn\u012bcin\u0101ta. Turpm\u0101kie smadze\u0146u puslodes griezumi apstiprin\u0101ja, ka \u0161ie \u0161\u0137ietami atsevi\u0161\u0137ie boj\u0101jumi bija viena mas\u012bva audz\u0113ja att\u012bst\u012bba.<\/li>\n<\/ul>\n<\/li>\n<li><strong>Papildinform\u0101cija:<\/strong>\n<ul>\n<li>Gliomas ir otrais izplat\u012bt\u0101kais centr\u0101l\u0101s nervu sist\u0113mas v\u0113\u017ea veids p\u0113c meningiom\u0101m. Termins &quot;glioma&quot; attiecas uz audz\u0113jiem, kas histolo\u0123iski atg\u0101dina norm\u0101las glijas (makroglijas) \u0161\u016bnas, t.\u00a0i., Y. astroc\u012btus, oligodendroc\u012btus un ependim\u0101l\u0101s \u0161\u016bnas. T\u0101s rodas no prekursora \u0161\u016bnas, kas diferenc\u0113jas vien\u0101 no \u0161\u016bnu l\u012bnij\u0101m. GBM var rasties smadzen\u0113s &quot;de novo&quot; vai att\u012bst\u012bties no zem\u0101kas pak\u0101pes astrocitom\u0101m vai oligodendrogliom\u0101m. GBM bie\u017ei sauc par IV pak\u0101pes astrocitomu. Histolo\u0123iski t\u0101s at\u0161\u0137iras no anaplastisk\u0101m astrocitom\u0101m ar nekrotisku audu kl\u0101tb\u016btni, ko ieskauj anaplastiskas \u0161\u016bnas, k\u0101 ar\u012b ar hiperplastiskiem asinsvadiem.<\/li>\n<\/ul>\n<\/li>\n<\/ul>\n<ul>\n<li><strong>Mode\u013ca kods:<\/strong> MP2016<\/li>\n<li><strong>Kl\u012bnisk\u0101 v\u0113sture:<\/strong>\n<ul>\n<li>56 gadus vecs v\u012brietis v\u0113rs\u0101s pie \u0101rsta ar \u0123eneraliz\u0113tiem krampjiem. P\u0113c \u0161\u012bs l\u0113kmes vi\u0146\u0161 zaud\u0113ja sama\u0146u un v\u0113l\u0101k nomira. Pacienta turpm\u0101k\u0101 v\u0113sture atkl\u0101ja 6 m\u0113ne\u0161us ilgu progres\u0113jo\u0161u apjukumu, \u012bslaic\u012bgu atmi\u0146as zudumu un person\u012bbas izmai\u0146as.<\/li>\n<\/ul>\n<\/li>\n<li><strong>Patolo\u0123ija:<\/strong>\n<ul>\n<li>P\u0113cn\u0101ves smadze\u0146u koron\u0101lajos griezumos redzams 4 cm nekrotisks un hemor\u0101\u0123isks audz\u0113js. Ir pier\u0101d\u012bts, ka audz\u0113js ir izplat\u012bjies no apak\u0161\u0113j\u0101s front\u0101l\u0101s daivas uz s\u0101nu kambari. M\u0101kslinieciskais izplat\u012bjums ir redzams, p\u0101rbaudot parauga aizmuguri.<\/li>\n<\/ul>\n<\/li>\n<li><strong>Papildinform\u0101cija:<\/strong>\n<ul>\n<li>Gliomas ir otrais izplat\u012bt\u0101kais centr\u0101l\u0101s nervu sist\u0113mas v\u0113\u017ea veids p\u0113c meningiom\u0101m. Termins &quot;glioma&quot; attiecas uz audz\u0113jiem, kas histolo\u0123iski atg\u0101dina norm\u0101las glijas (makroglijas) \u0161\u016bnas, t.\u00a0i., Y. astroc\u012btus, oligodendroc\u012btus un ependim\u0101l\u0101s \u0161\u016bnas. T\u0101s rodas no prekursora \u0161\u016bnas, kas diferenc\u0113jas vien\u0101 no \u0161\u016bnu l\u012bnij\u0101m. Glioblastoma multiforme (GBM; saukta ar\u012b par glioblastomu) att\u012bst\u0101s no astroc\u012btu l\u012bnijas. GBM var rasties smadzen\u0113s &quot;de novo&quot; vai att\u012bst\u012bties no zem\u0101kas pak\u0101pes astrocitom\u0101m vai oligodendrogliom\u0101m. GBM bie\u017ei sauc par IV pak\u0101pes astrocitomu. Histolo\u0123iski t\u0101s at\u0161\u0137iras no anaplastisk\u0101m astrocitom\u0101m ar nekrotisku audu kl\u0101tb\u016btni, ko ieskauj anaplastiskas \u0161\u016bnas, k\u0101 ar\u012b ar hiperplastiskiem asinsvadiem.<\/li>\n<\/ul>\n<\/li>\n<\/ul>\n<h3>Glioblastomas multiformes 3D mode\u013ci \u2013 <a href=\"http:\/\/labostera.lt\/lv\/product-brand\/erler-zimmer-gmbh-co-kg\/\">Erlera-Zimmera anatomijas grupa<\/a><\/h3>\n<p>Vair\u0101k inform\u0101cijas: <a href=\"https:\/\/erler-zimmer.de\/shop\/en\/11366\" target=\"_blank\" rel=\"noopener nofollow\">ra\u017eot\u0101ja t\u012bmek\u013ca vietn\u0113<\/a> vai nos\u016btiet mums piepras\u012bjumu!<\/p>","protected":false},"excerpt":{"rendered":"<p>Erlera-Zimmera glioblastomas multiforme 3D modelis. Visaptvero\u0161s un prec\u012bzs apm\u0101c\u012bbas r\u012bks.<\/p>","protected":false},"featured_media":19743,"template":"","meta":[],"product_cat":[75,79],"product_tag":[729,728,754,692,577,690],"class_list":{"0":"post-19741","1":"product","2":"type-product","3":"status-publish","4":"has-post-thumbnail","6":"product_brand-erler-zimmer-gmbh-co-kg","7":"product_cat-modeliai-manekenai-muliazai","8":"product_cat-mokymo-priemones-ir-iranga","9":"product_tag-3d-printed-models","10":"product_tag-3d-spausdinti-modeliai","11":"product_tag-daugiaformes-glioblastomos-modeliai","12":"product_tag-erler-zimmer-gmbh-co-kg","13":"product_tag-modeliai","14":"product_tag-models","16":"first","17":"onbackorder","18":"shipping-taxable","19":"purchasable","20":"product-type-variable"},"_links":{"self":[{"href":"https:\/\/labostera.lt\/lv\/wp-json\/wp\/v2\/product\/19741","targetHints":{"allow":["GET"]}}],"collection":[{"href":"https:\/\/labostera.lt\/lv\/wp-json\/wp\/v2\/product"}],"about":[{"href":"https:\/\/labostera.lt\/lv\/wp-json\/wp\/v2\/types\/product"}],"wp:featuredmedia":[{"embeddable":true,"href":"https:\/\/labostera.lt\/lv\/wp-json\/wp\/v2\/media\/19743"}],"wp:attachment":[{"href":"https:\/\/labostera.lt\/lv\/wp-json\/wp\/v2\/media?parent=19741"}],"wp:term":[{"taxonomy":"product_cat","embeddable":true,"href":"https:\/\/labostera.lt\/lv\/wp-json\/wp\/v2\/product_cat?post=19741"},{"taxonomy":"product_tag","embeddable":true,"href":"https:\/\/labostera.lt\/lv\/wp-json\/wp\/v2\/product_tag?post=19741"}],"curies":[{"name":"wp","href":"https:\/\/api.w.org\/{rel}","templated":true}]}}