{"id":19738,"date":"2024-02-28T10:51:10","date_gmt":"2024-02-28T08:51:10","guid":{"rendered":"http:\/\/labostera.lt\/?post_type=product&#038;p=19738"},"modified":"2024-10-18T15:22:20","modified_gmt":"2024-10-18T12:22:20","slug":"astrocitomos-3d-modelis-erler-zimmer-astrocytoma-3d-printed-model","status":"publish","type":"product","link":"https:\/\/labostera.lt\/lv\/priemones-ir-iranga\/mokymo-priemones-ir-iranga\/modeliai-manekenai-muliazai\/astrocitomos-3d-modelis-erler-zimmer-astrocytoma-3d-printed-model\/","title":{"rendered":"Astrocitomas 3D modelis Erlera-Zimmera astrocitomas 3D druk\u0101tais modelis"},"content":{"rendered":"<h2><strong>Astrocitomas 3D modelis, ko izstr\u0101d\u0101jusi Erler-Zimmer GmbH &amp; Co. KG<\/strong>:<\/h2>\n<ul>\n<li>Mode\u013ca kods: MP2014<\/li>\n<li>Kl\u012bnisk\u0101 v\u0113sture\n<ul>\n<li>73 gadus veca sieviete tika uz\u0146emta ar pirmreiz\u0113ju kreis\u0101s puses hemipl\u0113\u0123iju. P\u0113c papildu nopratin\u0101\u0161anas vi\u0146a atkl\u0101ja tr\u012bs m\u0113ne\u0161us ilgu galvass\u0101pju, sliktas d\u016b\u0161as un l\u012bdzsvara trauc\u0113jumu anamn\u0113zi. Smadze\u0146u datortomogr\u0101fij\u0101 tika konstat\u0113ts neoper\u0113jams smadze\u0146u audz\u0113js. Vi\u0146a nomira 1 ned\u0113\u013cu p\u0113c uz\u0146em\u0161anas.<\/li>\n<\/ul>\n<\/li>\n<li>Patolo\u0123ija\n<ul>\n<li>\u0160is smadze\u0146u paraugs ir koron\u0101ls griezums. Labaj\u0101 sakr\u0101laj\u0101 daiv\u0101 ir neskaidri defin\u0113ts audz\u0113js. Ir man\u0101ma puslo\u017eu palielin\u0101\u0161an\u0101s un me\u017ea raksta izl\u012bdzin\u0101\u0161an\u0101s. No parauga aizmugur\u0113j\u0101s da\u013cas tiek nov\u0113rt\u0113ta subfalciforma tr\u016bce, un audz\u0113ji \u0161\u0137iet maz\u0101k diferenc\u0113ti ar hemor\u0101\u0123iskiem un nekrotiskiem per\u0113k\u013ciem. \u0160\u012b audz\u0113ja histolo\u0123ij\u0101 tika konstat\u0113ta III\/IV pak\u0101pes astrocitoma.<\/li>\n<\/ul>\n<\/li>\n<li>Papildinform\u0101cija\n<ul>\n<li>Gliomas ir otrais izplat\u012bt\u0101kais centr\u0101l\u0101s nervu sist\u0113mas v\u0113\u017ea veids p\u0113c meningiom\u0101m. Termins &quot;glioma&quot; attiecas uz audz\u0113jiem, kas histolo\u0123iski atg\u0101dina norm\u0101las gli\u0101l\u0101s \u0161\u016bnas, t.\u00a0i., Y. Astroc\u012bti, oligodendroc\u012bti un ependim\u0101l\u0101s \u0161\u016bnas. T\u0101s rodas no prekursora \u0161\u016bnas, kas diferenc\u0113jas vien\u0101 no \u0161\u016bnu l\u012bnij\u0101m. Astrocitomas att\u012bst\u0101s no gli\u0101lo \u0161\u016bnu astroc\u012btu l\u012bnijas. Audz\u0113ji tiek klasific\u0113ti p\u0113c histolo\u0123isk\u0101s diferenci\u0101cijas, s\u0101kot no dif\u016bzas astrocitomas (II\/IV pak\u0101pe) l\u012bdz anaplastiskai astrocitomai (III\/IV pak\u0101pe) un glioblastomai (IV pak\u0101pe). Histolo\u0123isk\u0101s paz\u012bmes ietver iev\u0113rojamu eozinofilu citoplazmas saturu da\u017e\u0101s astroc\u012btu audz\u0113ja \u0161\u016bn\u0101s (gemistoc\u012btos), k\u0101 ar\u012b fibril\u0101ru fonu.<\/li>\n<\/ul>\n<\/li>\n<\/ul>\n<h3>Astrocitomas 3D mode\u013ci \u2013 <a href=\"http:\/\/labostera.lt\/lv\/product-brand\/erler-zimmer-gmbh-co-kg\/\">Erlera-Zimmera anatomijas grupa<\/a><\/h3>\n<p>Vair\u0101k inform\u0101cijas: <a href=\"https:\/\/erler-zimmer.de\/shop\/en\/11365\" target=\"_blank\" rel=\"noopener nofollow\">ra\u017eot\u0101ja t\u012bmek\u013ca vietn\u0113<\/a> vai nos\u016btiet mums piepras\u012bjumu!<\/p>","protected":false},"excerpt":{"rendered":"<p>Erler-Zimmer Astrocytoma 3D modelis. Visaptvero\u0161s un prec\u012bzs apm\u0101c\u012bbas r\u012bks.<\/p>","protected":false},"featured_media":19739,"template":"","meta":[],"product_cat":[75,79],"product_tag":[729,728,753,692,577,690],"class_list":{"0":"post-19738","1":"product","2":"type-product","3":"status-publish","4":"has-post-thumbnail","6":"product_brand-erler-zimmer-gmbh-co-kg","7":"product_cat-modeliai-manekenai-muliazai","8":"product_cat-mokymo-priemones-ir-iranga","9":"product_tag-3d-printed-models","10":"product_tag-3d-spausdinti-modeliai","11":"product_tag-astrocitomos-modeliai","12":"product_tag-erler-zimmer-gmbh-co-kg","13":"product_tag-modeliai","14":"product_tag-models","16":"first","17":"onbackorder","18":"shipping-taxable","19":"purchasable","20":"product-type-simple"},"_links":{"self":[{"href":"https:\/\/labostera.lt\/lv\/wp-json\/wp\/v2\/product\/19738","targetHints":{"allow":["GET"]}}],"collection":[{"href":"https:\/\/labostera.lt\/lv\/wp-json\/wp\/v2\/product"}],"about":[{"href":"https:\/\/labostera.lt\/lv\/wp-json\/wp\/v2\/types\/product"}],"wp:featuredmedia":[{"embeddable":true,"href":"https:\/\/labostera.lt\/lv\/wp-json\/wp\/v2\/media\/19739"}],"wp:attachment":[{"href":"https:\/\/labostera.lt\/lv\/wp-json\/wp\/v2\/media?parent=19738"}],"wp:term":[{"taxonomy":"product_cat","embeddable":true,"href":"https:\/\/labostera.lt\/lv\/wp-json\/wp\/v2\/product_cat?post=19738"},{"taxonomy":"product_tag","embeddable":true,"href":"https:\/\/labostera.lt\/lv\/wp-json\/wp\/v2\/product_tag?post=19738"}],"curies":[{"name":"wp","href":"https:\/\/api.w.org\/{rel}","templated":true}]}}