{"id":19735,"date":"2024-02-28T09:39:39","date_gmt":"2024-02-28T07:39:39","guid":{"rendered":"http:\/\/labostera.lt\/?post_type=product&#038;p=19735"},"modified":"2024-10-18T15:22:21","modified_gmt":"2024-10-18T12:22:21","slug":"plysusios-berry-aneurizmos-3d-modelis-erler-zimmer-ruptured-berry-aneurysm-3d-printed-model","status":"publish","type":"product","link":"https:\/\/labostera.lt\/lv\/priemones-ir-iranga\/mokymo-priemones-ir-iranga\/modeliai-manekenai-muliazai\/plysusios-berry-aneurizmos-3d-modelis-erler-zimmer-ruptured-berry-aneurysm-3d-printed-model\/","title":{"rendered":"Erlera-Zimmera pl\u012bsu\u0161as ogu aneirismas 3D druk\u0101tais modelis"},"content":{"rendered":"<h2><strong>Erler-Zimmer GmbH &amp; Co. KG pl\u012bsu\u0161as Berija aneirismas 3D modelis<\/strong>:<\/h2>\n<ul>\n<li>Mode\u013ca kods: MP2013<\/li>\n<li>Kl\u012bnisk\u0101 v\u0113sture\n<ul>\n<li>Piektdien\u0101 pirms uz\u0146em\u0161anas slimn\u012bc\u0101 \u0161\u012b 38 gadus vec\u0101 sieviete p\u0113k\u0161\u0146i sajuta s\u0101pes aiz lab\u0101s acs, kas saist\u012btas ar hronisku v\u0101juma att\u012bst\u012bbu kreisaj\u0101 k\u0101j\u0101. Izmekl\u0113\u0161an\u0101 tika atkl\u0101ta kreis\u0101s puses hemipar\u0113ze apjuku\u0161ai sievietei ar hipertensiju. Tika nov\u0113rots ar\u012b lab\u0101s puses homon\u012bmas hemianopsijas un desmit\u0101 galvaskausa nerva v\u0101juma gad\u012bjums. Kreisaj\u0101 k\u0101j\u0101 bija pies\u0101tin\u0101ts kloniskais reflekss, un kreis\u0101s p\u0113das reflekss bija paaugstin\u0101ts. Mugurkaula punkcija par\u0101d\u012bja paaugstin\u0101tu spiedienu, un \u0161\u0137idrums bija iekr\u0101sots ar asin\u012bm. Angiogr\u0101fija par\u0101d\u012bja intracerebr\u0101lu aneirismu. Vi\u0146\u0161 tika piespr\u0101dz\u0113ts oper\u0101cijai, bet pacients p\u0113k\u0161\u0146i nomira n\u0101kamaj\u0101 dien\u0101 p\u0113c oper\u0101cijas.<\/li>\n<\/ul>\n<\/li>\n<li>Patolo\u0123ija\n<ul>\n<li>Paraugs par\u0101da smadze\u0146u pamatnes virsmu. Lab\u0101s iek\u0161\u0113j\u0101s miega art\u0113rijas un aizmugur\u0113j\u0101s kop\u0113j\u0101s art\u0113rijas savienojuma viet\u0101 ir sf\u0113riska aneirisma 5 mm diametr\u0101, kas ir pl\u012bsusi. Net\u0101lu no smadze\u0146u galvaskausa nerva stumbra un lab\u0101 priek\u0161\u0113j\u0101 kambara virsmas ir subarahnoid\u0101las asinis. Kreisaj\u0101 pus\u0113 ir l\u012bdz\u012bga nepl\u012bsusi aneirisma. Labais priek\u0161\u0113jais kambaris priek\u0161pus\u0113 \u0161\u0137iet m\u012bkst\u0101ks un trausl\u0101ks.<\/li>\n<\/ul>\n<\/li>\n<li>Papildinform\u0101cija\n<ul>\n<li>Aizmugur\u0113j\u0101s kop\u0113j\u0101s art\u0113rijas aneirismas ir tre\u0161\u0101s visbie\u017e\u0101k sastopam\u0101s aneirismas Vilisa lok\u0101 un var izrais\u012bt blakus eso\u0161o galvaskausa nervu spiedienu un patolo\u0123isku paral\u012bzi, piem\u0113ram, \u0161aj\u0101 gad\u012bjum\u0101 sesto. Trijzaru nerva oftalmolo\u0123isk\u0101s da\u013cas tuvums pl\u012bsu\u0161ajai aneirismai \u0161im pacientam var izskaidrot p\u0113k\u0161\u0146as s\u0101pes &quot;aiz ac\u012bm&quot;. Redzes lauka defekts, visticam\u0101k, ir saist\u012bts ar lab\u0101s redzes trakta saspie\u0161anu. Insulta kl\u012bnisk\u0101s paz\u012bmes ir sekas ietekmei uz smadze\u0146u \u0161\u0137\u0113rsvirziena apgabaliem, kur asinsapg\u0101de ir trauc\u0113ta pl\u012bsu\u0161as aneirismas d\u0113\u013c.<\/li>\n<\/ul>\n<\/li>\n<\/ul>\n<h3>Pl\u012bsu\u0161as Berija aneirismas 3D mode\u013ci \u2013 <a href=\"http:\/\/labostera.lt\/lv\/product-brand\/erler-zimmer-gmbh-co-kg\/\">Erlera-Zimmera anatomijas grupa<\/a><\/h3>\n<p>Vair\u0101k inform\u0101cijas: <a href=\"https:\/\/erler-zimmer.de\/shop\/en\/11364\" target=\"_blank\" rel=\"noopener nofollow\">ra\u017eot\u0101ja t\u012bmek\u013ca vietn\u0113<\/a> vai nos\u016btiet mums piepras\u012bjumu!<\/p>","protected":false},"excerpt":{"rendered":"<p>Erlera-Zimmera pl\u012bsu\u0161as ogu aneirismas 3D modelis. Lielisks apm\u0101c\u012bbas un pacientu izgl\u012bto\u0161anas l\u012bdzeklis.<\/p>","protected":false},"featured_media":19737,"template":"","meta":[],"product_cat":[75,79],"product_tag":[729,728,692,577,690,752],"class_list":{"0":"post-19735","1":"product","2":"type-product","3":"status-publish","4":"has-post-thumbnail","6":"product_brand-erler-zimmer-gmbh-co-kg","7":"product_cat-modeliai-manekenai-muliazai","8":"product_cat-mokymo-priemones-ir-iranga","9":"product_tag-3d-printed-models","10":"product_tag-3d-spausdinti-modeliai","11":"product_tag-erler-zimmer-gmbh-co-kg","12":"product_tag-modeliai","13":"product_tag-models","14":"product_tag-plysusios-berry-aneurizmos-modeliai","16":"first","17":"onbackorder","18":"shipping-taxable","19":"purchasable","20":"product-type-simple"},"_links":{"self":[{"href":"https:\/\/labostera.lt\/lv\/wp-json\/wp\/v2\/product\/19735","targetHints":{"allow":["GET"]}}],"collection":[{"href":"https:\/\/labostera.lt\/lv\/wp-json\/wp\/v2\/product"}],"about":[{"href":"https:\/\/labostera.lt\/lv\/wp-json\/wp\/v2\/types\/product"}],"wp:featuredmedia":[{"embeddable":true,"href":"https:\/\/labostera.lt\/lv\/wp-json\/wp\/v2\/media\/19737"}],"wp:attachment":[{"href":"https:\/\/labostera.lt\/lv\/wp-json\/wp\/v2\/media?parent=19735"}],"wp:term":[{"taxonomy":"product_cat","embeddable":true,"href":"https:\/\/labostera.lt\/lv\/wp-json\/wp\/v2\/product_cat?post=19735"},{"taxonomy":"product_tag","embeddable":true,"href":"https:\/\/labostera.lt\/lv\/wp-json\/wp\/v2\/product_tag?post=19735"}],"curies":[{"name":"wp","href":"https:\/\/api.w.org\/{rel}","templated":true}]}}