{"id":19732,"date":"2024-02-28T08:51:44","date_gmt":"2024-02-28T06:51:44","guid":{"rendered":"http:\/\/labostera.lt\/?post_type=product&#038;p=19732"},"modified":"2024-10-18T15:22:22","modified_gmt":"2024-10-18T12:22:22","slug":"intracerebrinio-kraujavimo-3d-modelis-erler-zimmer-intracerebral-haemorrhage-3d-printed-model","status":"publish","type":"product","link":"https:\/\/labostera.lt\/lv\/priemones-ir-iranga\/mokymo-priemones-ir-iranga\/modeliai-manekenai-muliazai\/intracerebrinio-kraujavimo-3d-modelis-erler-zimmer-intracerebral-haemorrhage-3d-printed-model\/","title":{"rendered":"Erlera-Zimmera intracerebr\u0101l\u0101s asi\u0146o\u0161anas 3D druk\u0101tais modelis"},"content":{"rendered":"<h2><strong>\u201eErler-Zimmer GmbH &amp; Co. KG 3D intracerebr\u0101l\u0101s asi\u0146o\u0161anas modelis<\/strong>:<\/h2>\n<ul>\n<li>Mode\u013ca kods: MP2012<\/li>\n<li>Kl\u012bnisk\u0101 v\u0113sture<\/li>\n<ul>\n<li>80 gadus vecs v\u012brietis p\u0113k\u0161\u0146i zaud\u0113ja sama\u0146u. Izmekl\u0113\u0161anas laik\u0101 tika konstat\u0113ta lab\u0101s puses skatiena paral\u012bze, kreis\u0101s puses hemipl\u0113\u0123ija un lab\u0101s puses hemipar\u0113ze.<\/li>\n<\/ul>\n<li>Patolo\u0123ija<\/li>\n<ul>\n<li>Paraugi ir smadze\u0146u koron\u0101l\u0101s da\u013cas piena dziedzeru \u0137erme\u0146u l\u012bmen\u012b un priek\u0161\u0113j\u0101k, kur ir iesaist\u012btas abas tempor\u0101lo kambaru da\u013cas.<\/li>\n<li>Liels asins receklis bija aizst\u0101jis smadze\u0146u audus kreis\u0101 baz\u0101l\u0101 ganglija un iek\u0161\u0113j\u0101s kapsulas rajon\u0101.<\/li>\n<li>Asi\u0146o\u0161ana s\u0101k\u0101s \u0161aj\u0101 zon\u0101 un izpl\u016bda kreisaj\u0101 s\u0101nu kambar\u012b, izn\u012bcinot kreis\u0101 s\u0101nu kambara sienas un izplatoties uz blakus eso\u0161ajiem smadze\u0146u audiem.<\/li>\n<\/ul>\n<li>Piez\u012bme<\/li>\n<ul>\n<li>\u0160\u0101da veida intrakrani\u0101la asi\u0146o\u0161ana parasti ir sist\u0113miskas hipertensijas komplik\u0101cija.<\/li>\n<\/ul>\n<\/ul>\n<h3>Intracerebr\u0101l\u0101s asi\u0146o\u0161anas 3D mode\u013ci \u2013 <a href=\"http:\/\/labostera.lt\/lv\/product-brand\/erler-zimmer-gmbh-co-kg\/\">Erlera-Zimmera anatomijas grupa<\/a><\/h3>\n<p>Vair\u0101k inform\u0101cijas: <a href=\"https:\/\/erler-zimmer.de\/shop\/en\/11363\" target=\"_blank\" rel=\"noopener nofollow\">ra\u017eot\u0101ja t\u012bmek\u013ca vietn\u0113<\/a> vai nos\u016btiet mums piepras\u012bjumu!<\/p>","protected":false},"excerpt":{"rendered":"<p>Erlera-Zimmera intracerebr\u0101l\u0101s asi\u0146o\u0161anas 3D modelis. Lielisks instruments medic\u012bniskajai apm\u0101c\u012bbai un pacientu izgl\u012bto\u0161anai.<\/p>","protected":false},"featured_media":19734,"template":"","meta":[],"product_cat":[75,79],"product_tag":[729,728,692,751,577,690],"class_list":{"0":"post-19732","1":"product","2":"type-product","3":"status-publish","4":"has-post-thumbnail","6":"product_brand-erler-zimmer-gmbh-co-kg","7":"product_cat-modeliai-manekenai-muliazai","8":"product_cat-mokymo-priemones-ir-iranga","9":"product_tag-3d-printed-models","10":"product_tag-3d-spausdinti-modeliai","11":"product_tag-erler-zimmer-gmbh-co-kg","12":"product_tag-intracerebrinio-kraujavimo-modeliai","13":"product_tag-modeliai","14":"product_tag-models","16":"first","17":"onbackorder","18":"shipping-taxable","19":"purchasable","20":"product-type-simple"},"_links":{"self":[{"href":"https:\/\/labostera.lt\/lv\/wp-json\/wp\/v2\/product\/19732","targetHints":{"allow":["GET"]}}],"collection":[{"href":"https:\/\/labostera.lt\/lv\/wp-json\/wp\/v2\/product"}],"about":[{"href":"https:\/\/labostera.lt\/lv\/wp-json\/wp\/v2\/types\/product"}],"wp:featuredmedia":[{"embeddable":true,"href":"https:\/\/labostera.lt\/lv\/wp-json\/wp\/v2\/media\/19734"}],"wp:attachment":[{"href":"https:\/\/labostera.lt\/lv\/wp-json\/wp\/v2\/media?parent=19732"}],"wp:term":[{"taxonomy":"product_cat","embeddable":true,"href":"https:\/\/labostera.lt\/lv\/wp-json\/wp\/v2\/product_cat?post=19732"},{"taxonomy":"product_tag","embeddable":true,"href":"https:\/\/labostera.lt\/lv\/wp-json\/wp\/v2\/product_tag?post=19732"}],"curies":[{"name":"wp","href":"https:\/\/api.w.org\/{rel}","templated":true}]}}