{"id":19729,"date":"2024-02-27T16:23:02","date_gmt":"2024-02-27T14:23:02","guid":{"rendered":"http:\/\/labostera.lt\/?post_type=product&#038;p=19729"},"modified":"2024-10-18T15:22:23","modified_gmt":"2024-10-18T12:22:23","slug":"intrakranijinio-pazeidimo-3d-modelis-erler-zimmer-intracranial-lesion-3d-printed-model","status":"publish","type":"product","link":"https:\/\/labostera.lt\/lv\/priemones-ir-iranga\/mokymo-priemones-ir-iranga\/modeliai-manekenai-muliazai\/intrakranijinio-pazeidimo-3d-modelis-erler-zimmer-intracranial-lesion-3d-printed-model\/","title":{"rendered":"Erlera-Zimmera intrakrani\u0101l\u0101 boj\u0101juma 3D druk\u0101tais modelis"},"content":{"rendered":"<h2><strong>Erler-Zimmer GmbH &amp; Co. KG intrakrani\u0101l\u0101 boj\u0101juma 3D modelis<\/strong>:<\/h2>\n<ul>\n<li>Mode\u013ca kods: MP2011<\/li>\n<li>Kl\u012bnisk\u0101 v\u0113sture\n<ul>\n<li>56 gadus veca sieviete ar 6 m\u0113ne\u0161us ilg\u0101m galvass\u0101p\u0113m un vem\u0161anu tika ievietota slimn\u012bc\u0101 kom\u0101 p\u0113c grand mal l\u0113kmes un neatguv\u0101s.<\/li>\n<\/ul>\n<\/li>\n<li>Patolo\u0123ija\n<ul>\n<li>Paraugs ir smadze\u0146u koron\u0101l\u0101 da\u013ca. Tika nov\u0113rots, ka smadzenes labaj\u0101 pus\u0113 ir saspiestas s\u0101niski un uz leju ar palielin\u0101tu intrakrani\u0101lu masu, iesp\u0113jams, meningiomu.<\/li>\n<li>S\u0101kotn\u0113j\u0101 masa ir pazudusi. Priek\u0161\u0113j\u0101 virsm\u0101 redzama medi\u0101lo strukt\u016bru nob\u012bde ar cingul\u0101r\u0101 girusa subfalk\u0101tisku tr\u016bci.<\/li>\n<\/ul>\n<\/li>\n<li>Las\u012bt vair\u0101k\n<ul>\n<li>Gliomas kl\u0101tb\u016btni galvaskausa dobum\u0101 var izrais\u012bt spiediens uz smadzen\u0113m, kas var izrais\u012bt smadze\u0146u audu atrofiju un p\u0101rvieto\u0161anos, k\u0101 rezult\u0101t\u0101 tiek trauc\u0113ta galvaskausa nervu darb\u012bba, asinsrite un norm\u0101la smadze\u0146u darb\u012bba.<\/li>\n<li>Visp\u0101r\u012bgi simptomi var b\u016bt: musku\u013cu raust\u012b\u0161an\u0101s, ju\u0161anas izmai\u0146as.<\/li>\n<\/ul>\n<\/li>\n<\/ul>\n<h3>Intrakrani\u0101lo boj\u0101jumu 3D mode\u013ci \u2013 <a href=\"http:\/\/labostera.lt\/lv\/product-brand\/erler-zimmer-gmbh-co-kg\/\">Erlera-Zimmera anatomijas grupa<\/a><\/h3>\n<p>Vair\u0101k inform\u0101cijas: <a href=\"https:\/\/erler-zimmer.de\/shop\/en\/11362\" target=\"_blank\" rel=\"noopener nofollow\">ra\u017eot\u0101ja t\u012bmek\u013ca vietn\u0113<\/a> vai nos\u016btiet mums piepras\u012bjumu!<\/p>","protected":false},"excerpt":{"rendered":"<p>Erlera-Zimmera intrakrani\u0101l\u0101 boj\u0101juma 3D modelis. Lielisks instruments apm\u0101c\u012bbai un pacientu izgl\u012bto\u0161anai.<\/p>","protected":false},"featured_media":19731,"template":"","meta":[],"product_cat":[75,79],"product_tag":[729,728,692,750,577,690],"class_list":{"0":"post-19729","1":"product","2":"type-product","3":"status-publish","4":"has-post-thumbnail","6":"product_brand-erler-zimmer-gmbh-co-kg","7":"product_cat-modeliai-manekenai-muliazai","8":"product_cat-mokymo-priemones-ir-iranga","9":"product_tag-3d-printed-models","10":"product_tag-3d-spausdinti-modeliai","11":"product_tag-erler-zimmer-gmbh-co-kg","12":"product_tag-intrakranijinio-pazeidimo-modeliai","13":"product_tag-modeliai","14":"product_tag-models","16":"first","17":"onbackorder","18":"shipping-taxable","19":"purchasable","20":"product-type-simple"},"_links":{"self":[{"href":"https:\/\/labostera.lt\/lv\/wp-json\/wp\/v2\/product\/19729","targetHints":{"allow":["GET"]}}],"collection":[{"href":"https:\/\/labostera.lt\/lv\/wp-json\/wp\/v2\/product"}],"about":[{"href":"https:\/\/labostera.lt\/lv\/wp-json\/wp\/v2\/types\/product"}],"wp:featuredmedia":[{"embeddable":true,"href":"https:\/\/labostera.lt\/lv\/wp-json\/wp\/v2\/media\/19731"}],"wp:attachment":[{"href":"https:\/\/labostera.lt\/lv\/wp-json\/wp\/v2\/media?parent=19729"}],"wp:term":[{"taxonomy":"product_cat","embeddable":true,"href":"https:\/\/labostera.lt\/lv\/wp-json\/wp\/v2\/product_cat?post=19729"},{"taxonomy":"product_tag","embeddable":true,"href":"https:\/\/labostera.lt\/lv\/wp-json\/wp\/v2\/product_tag?post=19729"}],"curies":[{"name":"wp","href":"https:\/\/api.w.org\/{rel}","templated":true}]}}