{"id":19726,"date":"2024-02-27T15:41:21","date_gmt":"2024-02-27T13:41:21","guid":{"rendered":"http:\/\/labostera.lt\/?post_type=product&#038;p=19726"},"modified":"2024-10-18T15:22:24","modified_gmt":"2024-10-18T12:22:24","slug":"smegenu-arteriju-venu-malformacijos-3d-modelis-erler-zimmer-cerebral-arterio-venous-malformation-3d-printed-model","status":"publish","type":"product","link":"https:\/\/labostera.lt\/lv\/priemones-ir-iranga\/mokymo-priemones-ir-iranga\/modeliai-manekenai-muliazai\/smegenu-arteriju-venu-malformacijos-3d-modelis-erler-zimmer-cerebral-arterio-venous-malformation-3d-printed-model\/","title":{"rendered":"Erlera-Zimmera smadze\u0146u arteriovenoz\u0101s malform\u0101cijas 3D druk\u0101tais modelis"},"content":{"rendered":"<h2><strong>Erler-Zimmer GmbH &amp; Co. KG smadze\u0146u arteriovenoz\u0101s malform\u0101cijas 3D modelis<\/strong>:<\/h2>\n<ul>\n<li>Mode\u013ca kods: MP2010<\/li>\n<li>Kl\u012bnisk\u0101 v\u0113sture\n<ul>\n<li>Pacients nomira 58 gadu vecum\u0101 no p\u0113coper\u0101cijas komplik\u0101cij\u0101m p\u0113c prostatas transuretr\u0101las rezekcijas.<\/li>\n<li>Vi\u0146am bija divas p\u0101rejo\u0161as neirolo\u0123iskas disfunkcijas epizodes 28 un 35 gadu vecum\u0101.<\/li>\n<li>Tom\u0113r 50 gadu vecum\u0101 vi\u0146am att\u012bst\u012bj\u0101s past\u0101v\u012bga kreis\u0101s k\u0101jas hemipar\u0113ze, kas galvenok\u0101rt sk\u0101ra p\u0113du.<\/li>\n<\/ul>\n<\/li>\n<li>Patolo\u0123ija\n<ul>\n<li>Paraugs ir smadze\u0146u koron\u0101l\u0101 da\u013ca, kas iet caur pariet\u0101lajiem kambariem.<\/li>\n<li>Lab\u0101s smadze\u0146u puslodes iek\u0161pus\u0113 garoza un balt\u0101 viela ir aizst\u0101tas ar nelielu audu daudzumu, veidojot patolo\u0123isku masu 4 cm diametr\u0101.<\/li>\n<li>\u0160o asinsvadu un interstici\u0101lo audu t\u012bklu var noteikt prec\u012bz\u0101k.<\/li>\n<\/ul>\n<\/li>\n<li>Las\u012bt vair\u0101k\n<ul>\n<li>Visbie\u017e\u0101k nov\u0113rot\u0101s probl\u0113mas, kas saist\u012btas ar smadze\u0146u arteriovenoz\u0101m malform\u0101cij\u0101m (AVM), ir galvass\u0101pes, krampji, galvaskausa nervu defic\u012bts un muguras s\u0101pes.<\/li>\n<li>Da\u017eiem AVM pacientiem visp\u0101r nav simptomu.<\/li>\n<li>Smagos gad\u012bjumos asinsvadi var pl\u012bst un izrais\u012bt intrakrani\u0101lu asi\u0146o\u0161anu.<\/li>\n<\/ul>\n<\/li>\n<\/ul>\n<h3>Smadze\u0146u arteriovenozo malform\u0101ciju 3D mode\u013ci \u2013 <a href=\"http:\/\/labostera.lt\/lv\/product-brand\/erler-zimmer-gmbh-co-kg\/\">Erlera-Zimmera anatomijas grupa<\/a><\/h3>\n<p>Vair\u0101k inform\u0101cijas: <a href=\"https:\/\/erler-zimmer.de\/shop\/en\/11361\" target=\"_blank\" rel=\"noopener nofollow\">ra\u017eot\u0101ja t\u012bmek\u013ca vietn\u0113<\/a> vai nos\u016btiet mums piepras\u012bjumu!<\/p>","protected":false},"excerpt":{"rendered":"<p>Erlera-Zimmera smadze\u0146u arteriovenoz\u0101s malform\u0101cijas 3D modelis. Lielisks m\u0101c\u012bbu l\u012bdzeklis un pacientu izgl\u012bto\u0161anas l\u012bdzeklis.<\/p>","protected":false},"featured_media":19728,"template":"","meta":[],"product_cat":[75,79],"product_tag":[729,728,692,577,690,749],"class_list":{"0":"post-19726","1":"product","2":"type-product","3":"status-publish","4":"has-post-thumbnail","6":"product_brand-erler-zimmer-gmbh-co-kg","7":"product_cat-modeliai-manekenai-muliazai","8":"product_cat-mokymo-priemones-ir-iranga","9":"product_tag-3d-printed-models","10":"product_tag-3d-spausdinti-modeliai","11":"product_tag-erler-zimmer-gmbh-co-kg","12":"product_tag-modeliai","13":"product_tag-models","14":"product_tag-smegenu-arteriju-venu-malformacijos-modeliai","16":"first","17":"onbackorder","18":"shipping-taxable","19":"purchasable","20":"product-type-simple"},"_links":{"self":[{"href":"https:\/\/labostera.lt\/lv\/wp-json\/wp\/v2\/product\/19726","targetHints":{"allow":["GET"]}}],"collection":[{"href":"https:\/\/labostera.lt\/lv\/wp-json\/wp\/v2\/product"}],"about":[{"href":"https:\/\/labostera.lt\/lv\/wp-json\/wp\/v2\/types\/product"}],"wp:featuredmedia":[{"embeddable":true,"href":"https:\/\/labostera.lt\/lv\/wp-json\/wp\/v2\/media\/19728"}],"wp:attachment":[{"href":"https:\/\/labostera.lt\/lv\/wp-json\/wp\/v2\/media?parent=19726"}],"wp:term":[{"taxonomy":"product_cat","embeddable":true,"href":"https:\/\/labostera.lt\/lv\/wp-json\/wp\/v2\/product_cat?post=19726"},{"taxonomy":"product_tag","embeddable":true,"href":"https:\/\/labostera.lt\/lv\/wp-json\/wp\/v2\/product_tag?post=19726"}],"curies":[{"name":"wp","href":"https:\/\/api.w.org\/{rel}","templated":true}]}}