{"id":19723,"date":"2024-02-27T15:21:44","date_gmt":"2024-02-27T13:21:44","guid":{"rendered":"http:\/\/labostera.lt\/?post_type=product&#038;p=19723"},"modified":"2024-10-18T15:22:25","modified_gmt":"2024-10-18T12:22:25","slug":"umines-mieloidines-leukemijos-3d-modelis-erler-zimmer-acute-myeloid-leukaemia-3d-printed-model","status":"publish","type":"product","link":"https:\/\/labostera.lt\/lv\/priemones-ir-iranga\/mokymo-priemones-ir-iranga\/modeliai-manekenai-muliazai\/umines-mieloidines-leukemijos-3d-modelis-erler-zimmer-acute-myeloid-leukaemia-3d-printed-model\/","title":{"rendered":"Ak\u016btas mieloleikozes 3D modelis Erlera-Zimmera ak\u016btas mieloleikozes 3D druk\u0101ts modelis"},"content":{"rendered":"<h2><strong>Erler-Zimmer GmbH &amp; Co. KG Smadze\u0146u asi\u0146o\u0161anas 3D modelis ak\u016btas mieloleikozes gad\u012bjum\u0101<\/strong>:<\/h2>\n<ul>\n<li>Mode\u013ca kods: MP2009<\/li>\n<li>Kl\u012bnisk\u0101 v\u0113sture\n<ul>\n<li>22 gadus vecs v\u012brietis v\u0113rs\u0101s pie \u0101rsta ar 2 ned\u0113\u013cas ilgu visp\u0101r\u0113ju v\u0101jumu, svara zudumu un \u0101das sasitumiem bez jebk\u0101d\u0101m traum\u0101m.<\/li>\n<li>Nesen vi\u0146am s\u0101k\u0101s klepus, kas ilga piecas dienas, un bija drudzis.<\/li>\n<li>Vi\u0146\u0161 tika nog\u0101d\u0101ts slimn\u012bc\u0101 t\u0101l\u0101kai p\u0101rbaudei, bet p\u0113k\u0161\u0146i zaud\u0113ja sama\u0146u un da\u017eas min\u016btes v\u0113l\u0101k nomira.<\/li>\n<\/ul>\n<\/li>\n<li>Patolo\u0123ija\n<ul>\n<li>\u0160is paraugs ir smadze\u0146u horizont\u0101la da\u013ca, kur\u0101 redzams aug\u0161\u0113jais griezums.<\/li>\n<li>Labaj\u0101 front\u0101laj\u0101 un pariet\u0101laj\u0101 re\u0123ion\u0101 ir divas lielas intraparenhim\u0101las asi\u0146o\u0161anas, katra 5 cm diametr\u0101.<\/li>\n<li>Abu puslo\u017eu baltaj\u0101 viel\u0101 ir vair\u0101ki maz\u0101ki asinsizpl\u016bdumi.<\/li>\n<\/ul>\n<\/li>\n<li>Las\u012bt vair\u0101k\n<ul>\n<li>Intraparenhim\u0101las smadze\u0146u asi\u0146o\u0161anas rodas nelielu smadze\u0146u iek\u0161\u0113jo asinsvadu pl\u012bsuma rezult\u0101t\u0101, izraisot asi\u0146o\u0161anu.<\/li>\n<li>AML ir hematopo\u0113tisko cilmes \u0161\u016bnu v\u0113zis, kas izraisa kaulu smadze\u0146u mazsp\u0113ju nenobriedu\u0161u blastu uzkr\u0101\u0161an\u0101s d\u0113\u013c kaulu smadzen\u0113s.<\/li>\n<\/ul>\n<\/li>\n<\/ul>\n<h3>Smadze\u0146u asi\u0146o\u0161anas 3D mode\u013ci ak\u016btas mieloleikozes d\u0113\u013c \u2013 <a href=\"http:\/\/labostera.lt\/lv\/product-brand\/erler-zimmer-gmbh-co-kg\/\">Erlera-Zimmera anatomijas grupa<\/a><\/h3>\n<p>Vair\u0101k inform\u0101cijas: <a href=\"https:\/\/erler-zimmer.de\/shop\/en\/11360\" target=\"_blank\" rel=\"noopener nofollow\">ra\u017eot\u0101ja t\u012bmek\u013ca vietn\u0113<\/a> vai nos\u016btiet mums piepras\u012bjumu!<\/p>","protected":false},"excerpt":{"rendered":"<p>Erlera-Zimmera smadze\u0146u asi\u0146o\u0161anas 3D modelis ak\u016btas mieloleikozes d\u0113\u013c. Lielisks m\u0101c\u012bbu l\u012bdzeklis un pacientu izgl\u012bto\u0161anas l\u012bdzeklis.<\/p>","protected":false},"featured_media":19725,"template":"","meta":[],"product_cat":[75,79],"product_tag":[729,728,692,577,690,748],"class_list":{"0":"post-19723","1":"product","2":"type-product","3":"status-publish","4":"has-post-thumbnail","6":"product_brand-erler-zimmer-gmbh-co-kg","7":"product_cat-modeliai-manekenai-muliazai","8":"product_cat-mokymo-priemones-ir-iranga","9":"product_tag-3d-printed-models","10":"product_tag-3d-spausdinti-modeliai","11":"product_tag-erler-zimmer-gmbh-co-kg","12":"product_tag-modeliai","13":"product_tag-models","14":"product_tag-umines-mieloidines-leukemijos-3d-modeliai","16":"first","17":"onbackorder","18":"shipping-taxable","19":"purchasable","20":"product-type-simple"},"_links":{"self":[{"href":"https:\/\/labostera.lt\/lv\/wp-json\/wp\/v2\/product\/19723","targetHints":{"allow":["GET"]}}],"collection":[{"href":"https:\/\/labostera.lt\/lv\/wp-json\/wp\/v2\/product"}],"about":[{"href":"https:\/\/labostera.lt\/lv\/wp-json\/wp\/v2\/types\/product"}],"wp:featuredmedia":[{"embeddable":true,"href":"https:\/\/labostera.lt\/lv\/wp-json\/wp\/v2\/media\/19725"}],"wp:attachment":[{"href":"https:\/\/labostera.lt\/lv\/wp-json\/wp\/v2\/media?parent=19723"}],"wp:term":[{"taxonomy":"product_cat","embeddable":true,"href":"https:\/\/labostera.lt\/lv\/wp-json\/wp\/v2\/product_cat?post=19723"},{"taxonomy":"product_tag","embeddable":true,"href":"https:\/\/labostera.lt\/lv\/wp-json\/wp\/v2\/product_tag?post=19723"}],"curies":[{"name":"wp","href":"https:\/\/api.w.org\/{rel}","templated":true}]}}