{"id":19720,"date":"2024-02-27T15:00:21","date_gmt":"2024-02-27T13:00:21","guid":{"rendered":"http:\/\/labostera.lt\/?post_type=product&#038;p=19720"},"modified":"2024-10-18T15:22:26","modified_gmt":"2024-10-18T12:22:26","slug":"ventrikulito-3d-modelis-erler-zimmer-ventriculitis-3d-printed-model","status":"publish","type":"product","link":"https:\/\/labostera.lt\/lv\/priemones-ir-iranga\/mokymo-priemones-ir-iranga\/modeliai-manekenai-muliazai\/ventrikulito-3d-modelis-erler-zimmer-ventriculitis-3d-printed-model\/","title":{"rendered":"Ventrikul\u012bta 3D modelis Erlera-Zimmera ventrikul\u012bta 3D druk\u0101tais modelis"},"content":{"rendered":"<h2><strong>Erler-Zimmer GmbH &amp; Co. KG ventrikul\u012bta 3D modelis<\/strong>:<\/h2>\n<ul>\n<li>Mode\u013ca kods: MP2008<\/li>\n<li>Kl\u012bnisk\u0101 v\u0113sture\n<ul>\n<li>50 gadus vecs alkoholi\u0137is tika ievietots slimn\u012bc\u0101 ar 2 ned\u0113\u013cas ilgu v\u0101jumu un elpas tr\u016bkumu.<\/li>\n<li>Slim\u012bbas laik\u0101 vi\u0146\u0161 zi\u0146oja par produkt\u012bvu klepu, s\u0101p\u0113m kr\u016bt\u012bs un hemopt\u012bzi.<\/li>\n<li>P\u0101rbaudes laik\u0101 tika atkl\u0101ts drudzis, cianoze, letar\u0123ija un elpo\u0161anas trauc\u0113jumi.<\/li>\n<li>N\u0101kamaj\u0101 r\u012bt\u0101 p\u0113c vi\u0146a n\u0101ves tika veikta mugurkaula punkcija, kuras laik\u0101 tika ieg\u016bts za\u013c\u0161 opalesc\u0113jo\u0161s \u0161\u0137idrums.<\/li>\n<li>Streptococcus pneumoniae auga asins kult\u016br\u0101.<\/li>\n<\/ul>\n<\/li>\n<li>Patolo\u0123ija\n<ul>\n<li>\u0160is paraugs ir ventrikul\u012bta piem\u0113rs, un p\u0113c autopsijas tika konstat\u0113ts ar\u012b pneimokoku mening\u012bts un lab\u0101s baz\u0101l\u0101s plau\u0161u pneimonija.<\/li>\n<li>Horizont\u0101ls griezums ab\u0101s smadze\u0146u pus\u0113s par\u0101da abus s\u0101nu kambarus.<\/li>\n<li>Kambaros ir redzama bieza, raupja ependim\u0101la p\u0101rkl\u0101juma l\u012bnija ar \u0161\u016bnu detr\u012bta uzkr\u0101\u0161anos ap horoid\u0101lo pinumu un ar\u012b priek\u0161\u0113j\u0101 rag\u0101.<\/li>\n<li>Patolo\u0123ij\u0101 tika konstat\u0113ta pla\u0161a neitrofilo leikoc\u012btu infiltr\u0101cija zem smadze\u0146u apvalkiem, k\u0101 ar\u012b da\u017e\u0101das lok\u0101las smagas (sub)endoteli\u0101las infiltr\u0101cijas ar asinsvadu g\u013cot\u0101das nosprostojumu un asinsvadu sieni\u0146u boj\u0101jumiem.<\/li>\n<\/ul>\n<\/li>\n<li>Las\u012bt vair\u0101k\n<ul>\n<li>Ventrikul\u012bts ir reta intrakrani\u0101las infekcijas komplik\u0101cija.<\/li>\n<li>Pieaugu\u0161ajiem tas bie\u017e\u0101k rodas k\u0101 sekund\u0101ra komplik\u0101cija p\u0113c \u0137irur\u0123iskas iejauk\u0161an\u0101s\/instrument\u0101las oper\u0101cijas vai traumas.<\/li>\n<li>Jaundzimu\u0161ajiem, kas jaun\u0101ki par 6 m\u0113ne\u0161iem, ir liel\u0101ka sirds kambaru infekcijas sastopam\u012bba.<\/li>\n<li>Diagnoze balst\u0101s uz cerebrospin\u0101l\u0101 \u0161\u0137idruma (CSF) laboratoriskajiem izmekl\u0113jumiem un att\u0113ldiagnostiku, \u012bpa\u0161i izmantojot datortomogr\u0101fiju (CT) un magn\u0113tisk\u0101s rezonanses att\u0113ldiagnostiku (MRI).<\/li>\n<\/ul>\n<\/li>\n<\/ul>\n<h3>Ventrikul\u012bta 3D mode\u013ci \u2013 <a href=\"http:\/\/labostera.lt\/lv\/product-brand\/erler-zimmer-gmbh-co-kg\/\">Erlera-Zimmera anatomijas grupa<\/a><\/h3>\n<p>Vair\u0101k inform\u0101cijas: <a href=\"https:\/\/erler-zimmer.de\/shop\/en\/11357\" target=\"_blank\" rel=\"noopener nofollow\">ra\u017eot\u0101ja t\u012bmek\u013ca vietn\u0113<\/a> vai nos\u016btiet mums piepras\u012bjumu!<\/p>","protected":false},"excerpt":{"rendered":"<p>Erler-Zimmer Ventriculitis 3D modelis. Lielisks instruments medic\u012bniskajai apm\u0101c\u012bbai un pacientu izgl\u012bto\u0161anai.<\/p>","protected":false},"featured_media":19722,"template":"","meta":[],"product_cat":[75,79],"product_tag":[729,728,692,747,577,690],"class_list":{"0":"post-19720","1":"product","2":"type-product","3":"status-publish","4":"has-post-thumbnail","6":"product_brand-erler-zimmer-gmbh-co-kg","7":"product_cat-modeliai-manekenai-muliazai","8":"product_cat-mokymo-priemones-ir-iranga","9":"product_tag-3d-printed-models","10":"product_tag-3d-spausdinti-modeliai","11":"product_tag-erler-zimmer-gmbh-co-kg","12":"product_tag-hipofizes-adenomos-modeliai","13":"product_tag-modeliai","14":"product_tag-models","16":"first","17":"onbackorder","18":"shipping-taxable","19":"purchasable","20":"product-type-simple"},"_links":{"self":[{"href":"https:\/\/labostera.lt\/lv\/wp-json\/wp\/v2\/product\/19720","targetHints":{"allow":["GET"]}}],"collection":[{"href":"https:\/\/labostera.lt\/lv\/wp-json\/wp\/v2\/product"}],"about":[{"href":"https:\/\/labostera.lt\/lv\/wp-json\/wp\/v2\/types\/product"}],"wp:featuredmedia":[{"embeddable":true,"href":"https:\/\/labostera.lt\/lv\/wp-json\/wp\/v2\/media\/19722"}],"wp:attachment":[{"href":"https:\/\/labostera.lt\/lv\/wp-json\/wp\/v2\/media?parent=19720"}],"wp:term":[{"taxonomy":"product_cat","embeddable":true,"href":"https:\/\/labostera.lt\/lv\/wp-json\/wp\/v2\/product_cat?post=19720"},{"taxonomy":"product_tag","embeddable":true,"href":"https:\/\/labostera.lt\/lv\/wp-json\/wp\/v2\/product_tag?post=19720"}],"curies":[{"name":"wp","href":"https:\/\/api.w.org\/{rel}","templated":true}]}}