{"id":19716,"date":"2024-02-27T14:37:07","date_gmt":"2024-02-27T12:37:07","guid":{"rendered":"http:\/\/labostera.lt\/?post_type=product&#038;p=19716"},"modified":"2024-10-18T15:22:27","modified_gmt":"2024-10-18T12:22:27","slug":"metastazavusios-adenokarcinomos-3d-modelis-erler-zimmer-metastatic-adenocarcinoma-3d-printed-model","status":"publish","type":"product","link":"https:\/\/labostera.lt\/lv\/priemones-ir-iranga\/mokymo-priemones-ir-iranga\/modeliai-manekenai-muliazai\/metastazavusios-adenokarcinomos-3d-modelis-erler-zimmer-metastatic-adenocarcinoma-3d-printed-model\/","title":{"rendered":"Metast\u0101tiskas adenokarcinomas 3D modelis Erlera-Zimmera metast\u0101tiskas adenokarcinomas 3D druk\u0101tais modelis"},"content":{"rendered":"<h2><strong>\u201eErler-Zimmer GmbH &amp; Co. KG metast\u0101tiskas adenokarcinomas 3D modelis<\/strong>:<\/h2>\n<ul>\n<li>Mode\u013ca kods: MP2007<\/li>\n<li>Kl\u012bnisk\u0101 v\u0113sture\n<ul>\n<li>56 gadus vecam v\u012brietim iepriek\u0161 bija veikta piln\u012bga gastrektomija un splenicektomija ku\u0146\u0123a adenokarcinomas d\u0113\u013c.<\/li>\n<li>Divu m\u0113ne\u0161u laik\u0101 vi\u0146am att\u012bst\u012bj\u0101s pak\u0101peniski nestabila gaita, pieaugo\u0161s v\u0101jums kreisaj\u0101 rok\u0101 un galvass\u0101pes, ko pavad\u012bja slikta d\u016b\u0161a un vem\u0161ana.<\/li>\n<li>Att\u0113lveido\u0161ana par\u0101d\u012bja audz\u0113ja kl\u0101tb\u016btni labaj\u0101 priek\u0161\u0113j\u0101 kambar\u012b.<\/li>\n<li>Vi\u0146am tika veikta kraniotomija ar audz\u0113ja iz\u0146em\u0161anu, kas tika apstiprin\u0101ts k\u0101 metast\u0101tiska ku\u0146\u0123a adenokarcinoma.<\/li>\n<li>Pacientam pak\u0101peniski pieauga simptomi, tostarp dzelte, apzi\u0146as trauc\u0113jumi un redzes nerva papillas t\u016bska paaugstin\u0101ta intrakrani\u0101l\u0101 spiediena d\u0113\u013c.<\/li>\n<li>Atk\u0101rtota att\u0113lveido\u0161ana par\u0101d\u012bja lab\u0101s priek\u0161\u0113j\u0101s metast\u0101tisk\u0101s boj\u0101juma atk\u0101rto\u0161anos, k\u0101 ar\u012b aknu metast\u0101zes.<\/li>\n<li>Pacients nomira 9 m\u0113ne\u0161us p\u0113c s\u0101kotn\u0113j\u0101s ku\u0146\u0123a piedurknes gastrektomijas oper\u0101cijas.<\/li>\n<\/ul>\n<\/li>\n<li>Patolo\u0123ija\n<ul>\n<li>\u0160is smadze\u0146u paraugs tiek sagriezts horizont\u0101li.<\/li>\n<li>Ap labo priek\u0161\u0113jo kambari ir redzams labi defin\u0113ts, marmor\u0113ts, sarkan\u012bgi pel\u0113ks audz\u0113js.<\/li>\n<li>Audz\u0113js ietver skeletu un balto vielu.<\/li>\n<li>Redzams, ka boj\u0101jums izrais\u012bja labo s\u0101nu kambara saspie\u0161anu, un ir redzama ar\u012b vidusl\u012bnijas strukt\u016bru p\u0101rvieto\u0161an\u0101s.<\/li>\n<\/ul>\n<\/li>\n<li>Las\u012bt vair\u0101k\n<ul>\n<li>Ku\u0146\u0123a v\u0113zis ir viens no bie\u017e\u0101kajiem ar v\u0113zi saist\u012btiem n\u0101ves c\u0113lo\u0146iem vis\u0101 pasaul\u0113.<\/li>\n<li>Riska faktori ir v\u012brie\u0161u dzimums, uzturs, sm\u0113\u0137\u0113\u0161ana un hroniska Helicobacter pylori infekcija.<\/li>\n<li>Visbie\u017e\u0101k\u0101s ku\u0146\u0123a adenokarcinomas metast\u0101\u017eu vietas ir aknas, v\u0113dera dobums, plau\u0161as un kauli.<\/li>\n<\/ul>\n<\/li>\n<\/ul>\n<h3>Metast\u0101tiskas adenokarcinomas 3D mode\u013ci \u2013 <a href=\"http:\/\/labostera.lt\/lv\/product-brand\/erler-zimmer-gmbh-co-kg\/\">Erlera-Zimmera anatomijas grupa<\/a><\/h3>\n<p>Vair\u0101k inform\u0101cijas: <a href=\"https:\/\/erler-zimmer.de\/shop\/en\/11357\" target=\"_blank\" rel=\"noopener nofollow\">ra\u017eot\u0101ja t\u012bmek\u013ca vietn\u0113<\/a> vai nos\u016btiet mums piepras\u012bjumu!<\/p>","protected":false},"excerpt":{"rendered":"<p>Erlera-Zimmera metast\u0101tiskas adenokarcinomas 3D modelis. Lielisks instruments medic\u012bniskajai apm\u0101c\u012bbai un pacientu izgl\u012bto\u0161anai.<\/p>","protected":false},"featured_media":19718,"template":"","meta":[],"product_cat":[75,79],"product_tag":[729,728,692,747,577,690],"class_list":{"0":"post-19716","1":"product","2":"type-product","3":"status-publish","4":"has-post-thumbnail","6":"product_cat-modeliai-manekenai-muliazai","7":"product_cat-mokymo-priemones-ir-iranga","8":"product_tag-3d-printed-models","9":"product_tag-3d-spausdinti-modeliai","10":"product_tag-erler-zimmer-gmbh-co-kg","11":"product_tag-hipofizes-adenomos-modeliai","12":"product_tag-modeliai","13":"product_tag-models","15":"first","16":"onbackorder","17":"shipping-taxable","18":"purchasable","19":"product-type-simple"},"_links":{"self":[{"href":"https:\/\/labostera.lt\/lv\/wp-json\/wp\/v2\/product\/19716","targetHints":{"allow":["GET"]}}],"collection":[{"href":"https:\/\/labostera.lt\/lv\/wp-json\/wp\/v2\/product"}],"about":[{"href":"https:\/\/labostera.lt\/lv\/wp-json\/wp\/v2\/types\/product"}],"wp:featuredmedia":[{"embeddable":true,"href":"https:\/\/labostera.lt\/lv\/wp-json\/wp\/v2\/media\/19718"}],"wp:attachment":[{"href":"https:\/\/labostera.lt\/lv\/wp-json\/wp\/v2\/media?parent=19716"}],"wp:term":[{"taxonomy":"product_cat","embeddable":true,"href":"https:\/\/labostera.lt\/lv\/wp-json\/wp\/v2\/product_cat?post=19716"},{"taxonomy":"product_tag","embeddable":true,"href":"https:\/\/labostera.lt\/lv\/wp-json\/wp\/v2\/product_tag?post=19716"}],"curies":[{"name":"wp","href":"https:\/\/api.w.org\/{rel}","templated":true}]}}