{"id":19712,"date":"2024-02-27T13:11:50","date_gmt":"2024-02-27T11:11:50","guid":{"rendered":"http:\/\/labostera.lt\/?post_type=product&#038;p=19712"},"modified":"2024-10-18T15:22:28","modified_gmt":"2024-10-18T12:22:28","slug":"hipofizes-adenomos-3d-modelis-erler-zimmer-pituitary-adenoma-3d-printed-model","status":"publish","type":"product","link":"https:\/\/labostera.lt\/lv\/priemones-ir-iranga\/mokymo-priemones-ir-iranga\/modeliai-manekenai-muliazai\/hipofizes-adenomos-3d-modelis-erler-zimmer-pituitary-adenoma-3d-printed-model\/","title":{"rendered":"Hipof\u012bzes adenomas 3D modelis Erlera-Zimmera hipof\u012bzes adenomas 3D druk\u0101tais modelis"},"content":{"rendered":"<h2><strong>Erler-Zimmer GmbH &amp; Co. KG 3D hipof\u012bzes adenomas modelis<\/strong>:<\/h2>\n<ul>\n<li>Mode\u013ca kods: MP2006<\/li>\n<li>Kl\u012bnisk\u0101 v\u0113sture<\/li>\n<ul>\n<li>29 gadus vecs v\u012brietis v\u0113rs\u0101s pie \u0101rsta ar galvass\u0101p\u0113m un neskaidru redzi, kas ilga 22 m\u0113ne\u0161us.<\/li>\n<li>Izmekl\u0113\u0161an\u0101 tika konstat\u0113ta divpus\u0113ja hemianopsija un kreis\u0101 VI nerva paral\u012bze.<\/li>\n<li>Galvaskausa rentgenuz\u0146\u0113mumi par\u0101d\u012bja, ka liel\u0101k\u0101 da\u013ca spenoid\u0101l\u0101 \u0137erme\u0146a ir erod\u0113ta, savuk\u0101rt da\u013ca no dorsum sellae un priek\u0161\u0113j\u0101 klinoida izauguma ir saglab\u0101jusies.<\/li>\n<li>Karotidas angiogr\u0101fija par\u0101d\u012bja segas un vid\u0113jo smadze\u0146u art\u0113riju lieko svaru un s\u0101nu p\u0101rvieto\u0161anos.<\/li>\n<li>Pneimoencefalogr\u0101fija par\u0101d\u012bja s\u0101nu un tre\u0161\u0101 kambara zem\u0101ku pac\u0113lumu.<\/li>\n<li>Tika veikta kraniotomija, bet pacients t\u016bl\u012bt p\u0113c tam nomira.<\/li>\n<\/ul>\n<li>Patolo\u0123ija<\/li>\n<ul>\n<li>Smadze\u0146u paraugs tiek p\u0101rgriezts horizont\u0101li labaj\u0101 falx cerebri (galvas musku\u013ca aizmugur\u0113), kas paliek in situ.<\/li>\n<li>Piln\u012bb\u0101 aizvietot\u0101 hipof\u012bze ir apa\u013c\u0161 audz\u0113js ar maksim\u0101lo diametru 4 cm.<\/li>\n<li>Audz\u0113ja griezuma virsma ir gai\u0161i br\u016bna un viendab\u012bga (iz\u0146emot asi\u0146o\u0161anas zonu aug\u0161pus\u0113, ko, iesp\u0113jams, izraisa \u0137irur\u0123iska trauma).<\/li>\n<li>Audz\u0113js izrais\u012bja vidussmadze\u0146u pacel\u0161anos.<\/li>\n<li>Audz\u0113ja erozija izn\u012bcin\u0101ja spenoid\u0101lo kaulu; t\u0101p\u0113c turku s\u0113kla ir palielin\u0101ta.<\/li>\n<li>Redzes nerva hiasmu saspie\u017e audz\u0113js.<\/li>\n<li>Histolo\u0123iski \u0161is audz\u0113js bija hromofoba adenoma, kuras izcelsme bija hipof\u012bzes priek\u0161\u0113j\u0101 dambis.<\/li>\n<\/ul>\n<li>Las\u012bt vair\u0101k<\/li>\n<ul>\n<li>\u0160is paraugs ir no sena gad\u012bjuma, un izmantot\u0101s test\u0113\u0161anas proced\u016bras tiktu uzskat\u012btas par sen\u0101m.<\/li>\n<li>M\u016bsdienu izmekl\u0113jumi ietver s\u0101kotn\u0113ju smadze\u0146u datortomogr\u0101fiju, kam seko galvas MRI sken\u0113\u0161ana, lai lab\u0101k vizualiz\u0113tu hipof\u012bzes fokusu pirms jebk\u0101das \u0137irur\u0123iskas iejauk\u0161an\u0101s.<\/li>\n<\/ul>\n<\/ul>\n<h3>Hipof\u012bzes adenomas 3D mode\u013ci \u2013 <a href=\"http:\/\/labostera.lt\/lv\/product-brand\/erler-zimmer-gmbh-co-kg\/\">Erlera-Zimmera anatomijas grupa<\/a><\/h3>\n<p>Vair\u0101k inform\u0101cijas: <a href=\"https:\/\/erler-zimmer.de\/shop\/en\/11357\" target=\"_blank\" rel=\"noopener nofollow\">ra\u017eot\u0101ja t\u012bmek\u013ca vietn\u0113<\/a> vai nos\u016btiet mums piepras\u012bjumu!<\/p>","protected":false},"excerpt":{"rendered":"<p>Erler-Zimmer hipof\u012bzes adenomas 3D modelis. Lielisks instruments medic\u012bniskajai apm\u0101c\u012bbai un pacientu izgl\u012bto\u0161anai.<\/p>","protected":false},"featured_media":19715,"template":"","meta":[],"product_cat":[75,79],"product_tag":[729,728,692,747,577,690],"class_list":{"0":"post-19712","1":"product","2":"type-product","3":"status-publish","4":"has-post-thumbnail","6":"product_brand-erler-zimmer-gmbh-co-kg","7":"product_cat-modeliai-manekenai-muliazai","8":"product_cat-mokymo-priemones-ir-iranga","9":"product_tag-3d-printed-models","10":"product_tag-3d-spausdinti-modeliai","11":"product_tag-erler-zimmer-gmbh-co-kg","12":"product_tag-hipofizes-adenomos-modeliai","13":"product_tag-modeliai","14":"product_tag-models","16":"first","17":"onbackorder","18":"shipping-taxable","19":"purchasable","20":"product-type-simple"},"_links":{"self":[{"href":"https:\/\/labostera.lt\/lv\/wp-json\/wp\/v2\/product\/19712","targetHints":{"allow":["GET"]}}],"collection":[{"href":"https:\/\/labostera.lt\/lv\/wp-json\/wp\/v2\/product"}],"about":[{"href":"https:\/\/labostera.lt\/lv\/wp-json\/wp\/v2\/types\/product"}],"wp:featuredmedia":[{"embeddable":true,"href":"https:\/\/labostera.lt\/lv\/wp-json\/wp\/v2\/media\/19715"}],"wp:attachment":[{"href":"https:\/\/labostera.lt\/lv\/wp-json\/wp\/v2\/media?parent=19712"}],"wp:term":[{"taxonomy":"product_cat","embeddable":true,"href":"https:\/\/labostera.lt\/lv\/wp-json\/wp\/v2\/product_cat?post=19712"},{"taxonomy":"product_tag","embeddable":true,"href":"https:\/\/labostera.lt\/lv\/wp-json\/wp\/v2\/product_tag?post=19712"}],"curies":[{"name":"wp","href":"https:\/\/api.w.org\/{rel}","templated":true}]}}