{"id":19708,"date":"2024-02-27T11:46:15","date_gmt":"2024-02-27T09:46:15","guid":{"rendered":"http:\/\/labostera.lt\/?post_type=product&#038;p=19708"},"modified":"2024-10-18T15:22:29","modified_gmt":"2024-10-18T12:22:29","slug":"smegenu-infarkto-3d-modelis-erler-zimmer-left-cerebral-infarct-3d-printed-model","status":"publish","type":"product","link":"https:\/\/labostera.lt\/lv\/priemones-ir-iranga\/mokymo-priemones-ir-iranga\/modeliai-manekenai-muliazai\/smegenu-infarkto-3d-modelis-erler-zimmer-left-cerebral-infarct-3d-printed-model\/","title":{"rendered":"Cerebr\u0101l\u0101 infarkta 3D modelis Erlera-Zimmera kreis\u0101s puses cerebr\u0101l\u0101 infarkta 3D druk\u0101tais modelis"},"content":{"rendered":"<h2><strong>Erler-Zimmer GmbH &amp; Co. KG smadze\u0146u infarkta 3D modelis<\/strong>:<\/h2>\n<ul>\n<li>Mode\u013ca kods: MP2005<\/li>\n<li>Kl\u012bnisk\u0101 v\u0113sture<\/li>\n<ul>\n<li>Paciente bija 51 gadu veca sieviete, kurai 2 gadus pirms n\u0101ves bija cerebrovaskul\u0101rs negad\u012bjums, kas izrais\u012bja kreis\u0101s puses hemipl\u0113\u0123iju.<\/li>\n<li>Necropsijas laik\u0101 vi\u0146ai bija smaga izplat\u012bta ateroskleroze un vecs kreis\u0101 kambara miokarda infarkts ar aug\u0161\u0113jo mezent\u0113rija trombu.<\/li>\n<\/ul>\n<li>Patolo\u0123ija<\/li>\n<ul>\n<li>Smadze\u0146u l\u012bdzsvara griezum\u0101 redzamas neregul\u0101ras cistas dobuma formas lab\u0101s vid\u0113j\u0101s smadze\u0146u art\u0113rijas rajon\u0101.<\/li>\n<li>Infarkta dobumu sienas ir neregul\u0101ras, dzeltenas un da\u013c\u0113ji saruku\u0161as.<\/li>\n<li>Kreis\u0101 s\u0101nu kambara kompens\u0113jo\u0161a papla\u0161in\u0101\u0161an\u0101s.<\/li>\n<li>Art\u0113rijas, kas atrodas dors\u0101li zem ol\u0161\u016bnu org\u0101niem, bija m\u0113reni aterosklerotiskas, lai gan to bija gr\u016bti vizualiz\u0113t ar makroskopisku izmekl\u0113\u0161anu.<\/li>\n<\/ul>\n<li>Las\u012bt vair\u0101k<\/li>\n<ul>\n<li>\u0145emot v\u0113r\u0101 vi\u0146as iepriek\u0161\u0113jo miokarda slim\u012bbu anamn\u0113zi un aug\u0161\u0113j\u0101 mezent\u0113rija tromba kl\u0101tb\u016btni, var pie\u0146emt, ka vi\u0146as smadze\u0146u infarktu, iesp\u0113jams, izrais\u012bja trombembolija.<\/li>\n<\/ul>\n<\/ul>\n<h3>Smadze\u0146u infarkta 3D mode\u013ci \u2013 <a href=\"http:\/\/labostera.lt\/lv\/product-brand\/erler-zimmer-gmbh-co-kg\/\">Erlera-Zimmera anatomijas grupa<\/a><\/h3>\n<p>Vair\u0101k inform\u0101cijas: <a href=\"https:\/\/erler-zimmer.de\/shop\/en\/11356\" target=\"_blank\" rel=\"noopener nofollow\">ra\u017eot\u0101ja t\u012bmek\u013ca vietn\u0113<\/a> vai nos\u016btiet mums piepras\u012bjumu!<\/p>","protected":false},"excerpt":{"rendered":"<p>Erlera-Zimmera smadze\u0146u infarkta 3D modelis. Lielisks instruments medic\u012bniskajai apm\u0101c\u012bbai un pacientu izgl\u012bto\u0161anai.<\/p>","protected":false},"featured_media":19709,"template":"","meta":[],"product_cat":[75,79],"product_tag":[729,728,692,577,690,746],"class_list":{"0":"post-19708","1":"product","2":"type-product","3":"status-publish","4":"has-post-thumbnail","6":"product_brand-erler-zimmer-gmbh-co-kg","7":"product_cat-modeliai-manekenai-muliazai","8":"product_cat-mokymo-priemones-ir-iranga","9":"product_tag-3d-printed-models","10":"product_tag-3d-spausdinti-modeliai","11":"product_tag-erler-zimmer-gmbh-co-kg","12":"product_tag-modeliai","13":"product_tag-models","14":"product_tag-smegenu-infarkto-modeliai","16":"first","17":"onbackorder","18":"shipping-taxable","19":"purchasable","20":"product-type-simple"},"_links":{"self":[{"href":"https:\/\/labostera.lt\/lv\/wp-json\/wp\/v2\/product\/19708","targetHints":{"allow":["GET"]}}],"collection":[{"href":"https:\/\/labostera.lt\/lv\/wp-json\/wp\/v2\/product"}],"about":[{"href":"https:\/\/labostera.lt\/lv\/wp-json\/wp\/v2\/types\/product"}],"wp:featuredmedia":[{"embeddable":true,"href":"https:\/\/labostera.lt\/lv\/wp-json\/wp\/v2\/media\/19709"}],"wp:attachment":[{"href":"https:\/\/labostera.lt\/lv\/wp-json\/wp\/v2\/media?parent=19708"}],"wp:term":[{"taxonomy":"product_cat","embeddable":true,"href":"https:\/\/labostera.lt\/lv\/wp-json\/wp\/v2\/product_cat?post=19708"},{"taxonomy":"product_tag","embeddable":true,"href":"https:\/\/labostera.lt\/lv\/wp-json\/wp\/v2\/product_tag?post=19708"}],"curies":[{"name":"wp","href":"https:\/\/api.w.org\/{rel}","templated":true}]}}