{"id":19704,"date":"2024-02-27T10:22:53","date_gmt":"2024-02-27T08:22:53","guid":{"rendered":"http:\/\/labostera.lt\/?post_type=product&#038;p=19704"},"modified":"2024-10-18T15:22:30","modified_gmt":"2024-10-18T12:22:30","slug":"meningiomos-3d-modelis-erler-zimmer-meningioma-3d-printed-model","status":"publish","type":"product","link":"https:\/\/labostera.lt\/lv\/priemones-ir-iranga\/mokymo-priemones-ir-iranga\/modeliai-manekenai-muliazai\/meningiomos-3d-modelis-erler-zimmer-meningioma-3d-printed-model\/","title":{"rendered":"Meningiomas 3D modelis Erler-Zimmer Meningioma 3D druk\u0101ts modelis"},"content":{"rendered":"<h2><strong>\u201eErler-Zimmer GmbH &amp; Co. KG meningiomas 3D modelis<\/strong>:<\/h2>\n<ul>\n<li>Mode\u013ca kods: MP2004<\/li>\n<li>Kl\u012bnisk\u0101 v\u0113sture\n<ul>\n<li>68 gadus veca sieviete v\u0113rs\u0101s pie \u0101rsta ar jauniem krampjiem, un vi\u0146ai tika diagnostic\u0113ta epilepsija.<\/li>\n<li>Atk\u0101rtota anamn\u0113ze atkl\u0101ja pak\u0101peniskas izmai\u0146as pacienta person\u012bb\u0101.<\/li>\n<li>V\u0113l\u0101k, da\u017eus m\u0113ne\u0161us v\u0113l\u0101k, vi\u0146a nomira no miokarda infarkta.<\/li>\n<\/ul>\n<\/li>\n<li>Patolo\u0123ija\n<ul>\n<li>\u0160is smadze\u0146u paraugs ir horizont\u0101li sagriezts.<\/li>\n<li>Starp diviem priek\u0161\u0113jiem kambariem redzams labi defin\u0113ts 6 cm audz\u0113js.<\/li>\n<li>Audz\u0113js saspie\u017e priek\u0161\u0113jos kambarus.<\/li>\n<li>Tam ir sarkan\u012bga griezuma virsma ar da\u017eiem dzelteniem apgabaliem, kas nor\u0101da uz nekrozi.<\/li>\n<li>Tas bija piestiprin\u0101ts pie dura mater priek\u0161pus\u0113.<\/li>\n<li>\u0160is ir meningiomas piem\u0113rs.<\/li>\n<\/ul>\n<\/li>\n<li>Las\u012bt vair\u0101k\n<ul>\n<li>Meningiomas bie\u017ei tiek uzskat\u012btas par visbie\u017e\u0101k sastopamajiem centr\u0101l\u0101s nervu sist\u0113mas (CNS) audz\u0113jiem; tom\u0113r t\u0101s paties\u012bb\u0101 rodas no smadze\u0146u apvalkiem (dura, arahnoid\u0101l\u0101 un pia), kas paties\u012bb\u0101 nav CNS sast\u0101vda\u013ca.<\/li>\n<li>Tie rodas no zirnek\u013ct\u012bkla \u0161\u016bn\u0101m, kas ir cie\u0161i saist\u012btas ar cieto smadze\u0146u apvalku; t\u0101d\u0113\u013c \u0161ie audz\u0113ji var skart cieto smadze\u0146u apvalku vai cieto smadze\u0146u apvalka arkas (falx cerebri un tentorium cerebelli).<\/li>\n<li>Meningiomas p\u0101rsvar\u0101 ir l\u0113ni augo\u0161i labdab\u012bgi audz\u0113ji.<\/li>\n<li>Simptomi ir atkar\u012bgi no audz\u0113ja atra\u0161an\u0101s vietas un t\u0101 aug\u0161anas \u0101truma.<\/li>\n<li>Simptomi ir krampji, person\u012bbas izmai\u0146as, redzes, dzirdes vai smakas izmai\u0146as un simptomi, kas saist\u012bti ar paaugstin\u0101tu intrakrani\u0101lo spiedienu.<\/li>\n<li>Meningiomas bie\u017ei ir asimptom\u0101tiskas.<\/li>\n<li>\u0100rst\u0113\u0161ana ietver nov\u0113ro\u0161anu, oper\u0101ciju vai staru terapiju atkar\u012bb\u0101 no kl\u012bnisk\u0101 konteksta un audz\u0113ja morfolo\u0123ijas.<\/li>\n<\/ul>\n<\/li>\n<\/ul>\n<h3>Meningiomas 3D mode\u013ci \u2013 <a href=\"http:\/\/labostera.lt\/lv\/product-brand\/erler-zimmer-gmbh-co-kg\/\">Erlera-Zimmera anatomijas grupa<\/a><\/h3>\n<p>Vair\u0101k inform\u0101cijas: <a href=\"https:\/\/erler-zimmer.de\/shop\/en\/11355\" target=\"_blank\" rel=\"noopener nofollow\">ra\u017eot\u0101ja t\u012bmek\u013ca vietn\u0113<\/a> vai nos\u016btiet mums piepras\u012bjumu!<\/p>","protected":false},"excerpt":{"rendered":"<p>Erlera-Zimmera 3.\u20134. pak\u0101pes gliomas 3D modelis. Lielisks instruments medic\u012bniskajai apm\u0101c\u012bbai un pacientu izgl\u012bto\u0161anai.<\/p>","protected":false},"featured_media":19707,"template":"","meta":[],"product_cat":[75,79],"product_tag":[745,729,728,692,577,690],"class_list":{"0":"post-19704","1":"product","2":"type-product","3":"status-publish","4":"has-post-thumbnail","6":"product_brand-erler-zimmer-gmbh-co-kg","7":"product_cat-modeliai-manekenai-muliazai","8":"product_cat-mokymo-priemones-ir-iranga","9":"product_tag-3-4-laipsnio-glioma-modeliai","10":"product_tag-3d-printed-models","11":"product_tag-3d-spausdinti-modeliai","12":"product_tag-erler-zimmer-gmbh-co-kg","13":"product_tag-modeliai","14":"product_tag-models","16":"first","17":"onbackorder","18":"shipping-taxable","19":"purchasable","20":"product-type-simple"},"_links":{"self":[{"href":"https:\/\/labostera.lt\/lv\/wp-json\/wp\/v2\/product\/19704","targetHints":{"allow":["GET"]}}],"collection":[{"href":"https:\/\/labostera.lt\/lv\/wp-json\/wp\/v2\/product"}],"about":[{"href":"https:\/\/labostera.lt\/lv\/wp-json\/wp\/v2\/types\/product"}],"wp:featuredmedia":[{"embeddable":true,"href":"https:\/\/labostera.lt\/lv\/wp-json\/wp\/v2\/media\/19707"}],"wp:attachment":[{"href":"https:\/\/labostera.lt\/lv\/wp-json\/wp\/v2\/media?parent=19704"}],"wp:term":[{"taxonomy":"product_cat","embeddable":true,"href":"https:\/\/labostera.lt\/lv\/wp-json\/wp\/v2\/product_cat?post=19704"},{"taxonomy":"product_tag","embeddable":true,"href":"https:\/\/labostera.lt\/lv\/wp-json\/wp\/v2\/product_tag?post=19704"}],"curies":[{"name":"wp","href":"https:\/\/api.w.org\/{rel}","templated":true}]}}